{"id":635,"date":"2016-08-01T12:27:25","date_gmt":"2016-08-01T12:27:25","guid":{"rendered":"https:\/\/sunbelt.hu\/en\/?page_id=635"},"modified":"2016-08-15T11:23:03","modified_gmt":"2016-08-15T09:23:03","slug":"useful-information","status":"publish","type":"page","link":"https:\/\/sunbelt.hu\/en\/useful-information\/","title":{"rendered":"Useful information"},"content":{"rendered":"<h3>Here you can download 10 + 1 important points that every procurement specialist should be familiar with. We share here 3 important points of them.<\/h3>\n<p>&nbsp;<\/p>\n<h1>Quaity control<\/h1>\n<h4 align=\"JUSTIFY\"><span lang=\"en-US\">If you order directly from the manufacturer, quality control covers the entire supply chain in the course of test manufacturing. In the case of serial production, you may decide to use the manufacturer\u2019s quality assurance system, which enables you to intervene at certain checking points. However, if you decide to use the services of a purchasing and warehouse management company, <\/span><\/h4>\n<h4 align=\"JUSTIFY\"><span lang=\"en-US\"><em>in addition to the manufacturer\u2019s quality controls, you may also use the customer\u2019s quality assurance system in case of products in the serial production,<\/em> <\/span><\/h4>\n<h4 align=\"JUSTIFY\"><span lang=\"en-US\">which may be extended to the inventories in the warehouse as well. This way, the handling of faulty products becomes possible before they are supplied to the customer.<\/span><\/h4>\n<p>&nbsp;<\/p>\n<p>&nbsp;<\/p>\n<p>&nbsp;<\/p>\n<h1 align=\"JUSTIFY\"><span lang=\"en-US\">Security of supply<\/span><\/h1>\n<h4 lang=\"en-US\" align=\"JUSTIFY\">In case of a direct contact with the manufacturer, you have access to price guarantees related to the contracted quantities, as well as for having replacement products manufactured in case of a faulty product delivered. All of this also happens in case of indirect purchasing; however, in this case, the handling of the faulty products takes place by way of the supplier, who provides a consistent level of service independently from the manufacturer.<\/h4>\n<h4 lang=\"en-US\" align=\"JUSTIFY\"><em>In such cases, the entirety of the administrative burdens is borne by the supplier, while the security of production is guaranteed, in addition to the quality assurance system, by the combined application of the FIFO (First In First Out) and LOT (manufacturing item identifier) systems.<\/em><\/h4>\n<p>&nbsp;<\/p>\n<p>&nbsp;<\/p>\n<h1 align=\"JUSTIFY\">Customs clearance<\/h1>\n<h4 lang=\"en-US\" align=\"JUSTIFY\">If the necessary parts can only be sourced from third countries, companies providing warehouse management services can supply customers with products that are cleared through customs.<\/h4>\n<h4 lang=\"en-US\" align=\"JUSTIFY\"><em>In addition, they also provide the necessary administrative services and documentation necessary for putting them on the market.<\/em><\/h4>\n<p>&nbsp;<\/p>\n","protected":false},"excerpt":{"rendered":"<p>Here you can download 10 + 1 important points that every procurement specialist should be familiar with. We share here 3 important points of them. &nbsp; Quaity control If you order directly from the manufacturer, quality control covers the entire supply chain in the course of test manufacturing. In the case of serial production, you [&hellip;]<\/p>\n","protected":false},"author":4,"featured_media":0,"parent":0,"menu_order":27,"comment_status":"closed","ping_status":"closed","template":"","meta":{"_acf_changed":false,"footnotes":""},"class_list":["post-635","page","type-page","status-publish","hentry"],"acf":[],"yoast_head":"<!-- This site is optimized with the Yoast SEO plugin v26.1.1 - https:\/\/yoast.com\/wordpress\/plugins\/seo\/ -->\n<title>Useful information - Sunbelt<\/title>\n<meta name=\"robots\" content=\"index, follow, max-snippet:-1, max-image-preview:large, max-video-preview:-1\" \/>\n<link rel=\"canonical\" href=\"https:\/\/sunbelt.hu\/en\/useful-information\/\" \/>\n<meta property=\"og:locale\" content=\"en_US\" \/>\n<meta property=\"og:type\" content=\"article\" \/>\n<meta property=\"og:title\" content=\"Useful information - Sunbelt\" \/>\n<meta property=\"og:description\" content=\"Here you can download 10 + 1 important points that every procurement specialist should be familiar with. We share here 3 important points of them. &nbsp; Quaity control If you order directly from the manufacturer, quality control covers the entire supply chain in the course of test manufacturing. In the case of serial production, you [&hellip;]\" \/>\n<meta property=\"og:url\" content=\"https:\/\/sunbelt.hu\/en\/useful-information\/\" \/>\n<meta property=\"og:site_name\" content=\"Sunbelt\" \/>\n<meta property=\"article:modified_time\" content=\"2016-08-15T09:23:03+00:00\" \/>\n<meta name=\"twitter:card\" content=\"summary_large_image\" \/>\n<meta name=\"twitter:label1\" content=\"Est. reading time\" \/>\n\t<meta name=\"twitter:data1\" content=\"2 minutes\" \/>\n<script type=\"application\/ld+json\" class=\"yoast-schema-graph\">{\"@context\":\"https:\/\/schema.org\",\"@graph\":[{\"@type\":\"WebPage\",\"@id\":\"https:\/\/sunbelt.hu\/en\/useful-information\/\",\"url\":\"https:\/\/sunbelt.hu\/en\/useful-information\/\",\"name\":\"Useful information - Sunbelt\",\"isPartOf\":{\"@id\":\"https:\/\/sunbelt.hu\/#website\"},\"datePublished\":\"2016-08-01T12:27:25+00:00\",\"dateModified\":\"2016-08-15T09:23:03+00:00\",\"breadcrumb\":{\"@id\":\"https:\/\/sunbelt.hu\/en\/useful-information\/#breadcrumb\"},\"inLanguage\":\"en-US\",\"potentialAction\":[{\"@type\":\"ReadAction\",\"target\":[\"https:\/\/sunbelt.hu\/en\/useful-information\/\"]}]},{\"@type\":\"BreadcrumbList\",\"@id\":\"https:\/\/sunbelt.hu\/en\/useful-information\/#breadcrumb\",\"itemListElement\":[{\"@type\":\"ListItem\",\"position\":1,\"name\":\"Home\",\"item\":\"https:\/\/sunbelt.hu\/\"},{\"@type\":\"ListItem\",\"position\":2,\"name\":\"Useful information\"}]},{\"@type\":\"WebSite\",\"@id\":\"https:\/\/sunbelt.hu\/#website\",\"url\":\"https:\/\/sunbelt.hu\/\",\"name\":\"Sunbelt\",\"description\":\"Beszerz\u00e9s- \u00e9s rakt\u00e1rmenedzsment\",\"potentialAction\":[{\"@type\":\"SearchAction\",\"target\":{\"@type\":\"EntryPoint\",\"urlTemplate\":\"https:\/\/sunbelt.hu\/?s={search_term_string}\"},\"query-input\":{\"@type\":\"PropertyValueSpecification\",\"valueRequired\":true,\"valueName\":\"search_term_string\"}}],\"inLanguage\":\"en-US\"}]}<\/script>\n<!-- \/ Yoast SEO plugin. -->","yoast_head_json":{"title":"Useful information - Sunbelt","robots":{"index":"index","follow":"follow","max-snippet":"max-snippet:-1","max-image-preview":"max-image-preview:large","max-video-preview":"max-video-preview:-1"},"canonical":"https:\/\/sunbelt.hu\/en\/useful-information\/","og_locale":"en_US","og_type":"article","og_title":"Useful information - Sunbelt","og_description":"Here you can download 10 + 1 important points that every procurement specialist should be familiar with. We share here 3 important points of them. &nbsp; Quaity control If you order directly from the manufacturer, quality control covers the entire supply chain in the course of test manufacturing. In the case of serial production, you [&hellip;]","og_url":"https:\/\/sunbelt.hu\/en\/useful-information\/","og_site_name":"Sunbelt","article_modified_time":"2016-08-15T09:23:03+00:00","twitter_card":"summary_large_image","twitter_misc":{"Est. reading time":"2 minutes"},"schema":{"@context":"https:\/\/schema.org","@graph":[{"@type":"WebPage","@id":"https:\/\/sunbelt.hu\/en\/useful-information\/","url":"https:\/\/sunbelt.hu\/en\/useful-information\/","name":"Useful information - Sunbelt","isPartOf":{"@id":"https:\/\/sunbelt.hu\/#website"},"datePublished":"2016-08-01T12:27:25+00:00","dateModified":"2016-08-15T09:23:03+00:00","breadcrumb":{"@id":"https:\/\/sunbelt.hu\/en\/useful-information\/#breadcrumb"},"inLanguage":"en-US","potentialAction":[{"@type":"ReadAction","target":["https:\/\/sunbelt.hu\/en\/useful-information\/"]}]},{"@type":"BreadcrumbList","@id":"https:\/\/sunbelt.hu\/en\/useful-information\/#breadcrumb","itemListElement":[{"@type":"ListItem","position":1,"name":"Home","item":"https:\/\/sunbelt.hu\/"},{"@type":"ListItem","position":2,"name":"Useful information"}]},{"@type":"WebSite","@id":"https:\/\/sunbelt.hu\/#website","url":"https:\/\/sunbelt.hu\/","name":"Sunbelt","description":"Beszerz\u00e9s- \u00e9s rakt\u00e1rmenedzsment","potentialAction":[{"@type":"SearchAction","target":{"@type":"EntryPoint","urlTemplate":"https:\/\/sunbelt.hu\/?s={search_term_string}"},"query-input":{"@type":"PropertyValueSpecification","valueRequired":true,"valueName":"search_term_string"}}],"inLanguage":"en-US"}]}},"_links":{"self":[{"href":"https:\/\/sunbelt.hu\/en\/wp-json\/wp\/v2\/pages\/635","targetHints":{"allow":["GET"]}}],"collection":[{"href":"https:\/\/sunbelt.hu\/en\/wp-json\/wp\/v2\/pages"}],"about":[{"href":"https:\/\/sunbelt.hu\/en\/wp-json\/wp\/v2\/types\/page"}],"author":[{"embeddable":true,"href":"https:\/\/sunbelt.hu\/en\/wp-json\/wp\/v2\/users\/4"}],"replies":[{"embeddable":true,"href":"https:\/\/sunbelt.hu\/en\/wp-json\/wp\/v2\/comments?post=635"}],"version-history":[{"count":3,"href":"https:\/\/sunbelt.hu\/en\/wp-json\/wp\/v2\/pages\/635\/revisions"}],"predecessor-version":[{"id":700,"href":"https:\/\/sunbelt.hu\/en\/wp-json\/wp\/v2\/pages\/635\/revisions\/700"}],"wp:attachment":[{"href":"https:\/\/sunbelt.hu\/en\/wp-json\/wp\/v2\/media?parent=635"}],"curies":[{"name":"wp","href":"https:\/\/api.w.org\/{rel}","templated":true}]}}