{"id":547,"date":"2016-07-29T20:08:43","date_gmt":"2016-07-29T18:08:43","guid":{"rendered":"https:\/\/sunbelt.hu\/?page_id=547&#038;lang=en"},"modified":"2024-01-10T16:13:20","modified_gmt":"2024-01-10T15:13:20","slug":"impressum","status":"publish","type":"page","link":"https:\/\/sunbelt.hu\/en\/impressum\/","title":{"rendered":"Impressum"},"content":{"rendered":"<h2>Company data<\/h2>\n<p>Owner of the webpage: Sunbelt Kft.<\/p>\n<p>Managing Director: K\u00e1lm\u00e1n Attila<\/p>\n<p>Seat: 4031 Debrecen, Kishat\u00e1r u 16\/C-D.<\/p>\n<p>Phone number: +36 20\/55-66-356<\/p>\n<p>Email: info@sunbelt.hu<\/p>\n<p>Tax identification number: 13554633-2-09<\/p>\n<p>Registration number: 09-09-013681<\/p>\n<h2>Hosting Services<\/h2>\n<p>Name: impressive.hu Kft.<\/p>\n<p>Address: 7030 Paks, \u00d6reghegy utca 63.<\/p>\n<p>Phone number: +36 20 218-8726<\/p>\n<p>E-mail: info@impressive.hu<\/p>\n","protected":false},"excerpt":{"rendered":"<p>Company data Owner of the webpage: Sunbelt Kft. Managing Director: K\u00e1lm\u00e1n Attila Seat: 4031 Debrecen, Kishat\u00e1r u 16\/C-D. Phone number: +36 20\/55-66-356 Email: info@sunbelt.hu Tax identification number: 13554633-2-09 Registration number: 09-09-013681 Hosting Services Name: impressive.hu Kft. Address: 7030 Paks, \u00d6reghegy utca 63. Phone number: +36 20 218-8726 E-mail: info@impressive.hu<\/p>\n","protected":false},"author":5,"featured_media":0,"parent":0,"menu_order":23,"comment_status":"closed","ping_status":"closed","template":"","meta":{"_acf_changed":false,"footnotes":""},"class_list":["post-547","page","type-page","status-publish","hentry"],"acf":[],"yoast_head":"<!-- This site is optimized with the Yoast SEO plugin v26.1.1 - https:\/\/yoast.com\/wordpress\/plugins\/seo\/ -->\n<title>Impressum - Sunbelt<\/title>\n<meta name=\"robots\" content=\"index, follow, max-snippet:-1, max-image-preview:large, max-video-preview:-1\" \/>\n<link rel=\"canonical\" href=\"https:\/\/sunbelt.hu\/en\/impressum\/\" \/>\n<meta property=\"og:locale\" content=\"en_US\" \/>\n<meta property=\"og:type\" content=\"article\" \/>\n<meta property=\"og:title\" content=\"Impressum - Sunbelt\" \/>\n<meta property=\"og:description\" content=\"Company data Owner of the webpage: Sunbelt Kft. Managing Director: K\u00e1lm\u00e1n Attila Seat: 4031 Debrecen, Kishat\u00e1r u 16\/C-D. Phone number: +36 20\/55-66-356 Email: info@sunbelt.hu Tax identification number: 13554633-2-09 Registration number: 09-09-013681 Hosting Services Name: impressive.hu Kft. Address: 7030 Paks, \u00d6reghegy utca 63. Phone number: +36 20 218-8726 E-mail: info@impressive.hu\" \/>\n<meta property=\"og:url\" content=\"https:\/\/sunbelt.hu\/en\/impressum\/\" \/>\n<meta property=\"og:site_name\" content=\"Sunbelt\" \/>\n<meta property=\"article:modified_time\" content=\"2024-01-10T15:13:20+00:00\" \/>\n<meta name=\"twitter:card\" content=\"summary_large_image\" \/>\n<meta name=\"twitter:label1\" content=\"Est. reading time\" \/>\n\t<meta name=\"twitter:data1\" content=\"1 minute\" \/>\n<script type=\"application\/ld+json\" class=\"yoast-schema-graph\">{\"@context\":\"https:\/\/schema.org\",\"@graph\":[{\"@type\":\"WebPage\",\"@id\":\"https:\/\/sunbelt.hu\/en\/impressum\/\",\"url\":\"https:\/\/sunbelt.hu\/en\/impressum\/\",\"name\":\"Impressum - Sunbelt\",\"isPartOf\":{\"@id\":\"https:\/\/sunbelt.hu\/#website\"},\"datePublished\":\"2016-07-29T18:08:43+00:00\",\"dateModified\":\"2024-01-10T15:13:20+00:00\",\"breadcrumb\":{\"@id\":\"https:\/\/sunbelt.hu\/en\/impressum\/#breadcrumb\"},\"inLanguage\":\"en-US\",\"potentialAction\":[{\"@type\":\"ReadAction\",\"target\":[\"https:\/\/sunbelt.hu\/en\/impressum\/\"]}]},{\"@type\":\"BreadcrumbList\",\"@id\":\"https:\/\/sunbelt.hu\/en\/impressum\/#breadcrumb\",\"itemListElement\":[{\"@type\":\"ListItem\",\"position\":1,\"name\":\"Home\",\"item\":\"https:\/\/sunbelt.hu\/\"},{\"@type\":\"ListItem\",\"position\":2,\"name\":\"Impressum\"}]},{\"@type\":\"WebSite\",\"@id\":\"https:\/\/sunbelt.hu\/#website\",\"url\":\"https:\/\/sunbelt.hu\/\",\"name\":\"Sunbelt\",\"description\":\"Beszerz\u00e9s- \u00e9s rakt\u00e1rmenedzsment\",\"potentialAction\":[{\"@type\":\"SearchAction\",\"target\":{\"@type\":\"EntryPoint\",\"urlTemplate\":\"https:\/\/sunbelt.hu\/?s={search_term_string}\"},\"query-input\":{\"@type\":\"PropertyValueSpecification\",\"valueRequired\":true,\"valueName\":\"search_term_string\"}}],\"inLanguage\":\"en-US\"}]}<\/script>\n<!-- \/ Yoast SEO plugin. -->","yoast_head_json":{"title":"Impressum - Sunbelt","robots":{"index":"index","follow":"follow","max-snippet":"max-snippet:-1","max-image-preview":"max-image-preview:large","max-video-preview":"max-video-preview:-1"},"canonical":"https:\/\/sunbelt.hu\/en\/impressum\/","og_locale":"en_US","og_type":"article","og_title":"Impressum - Sunbelt","og_description":"Company data Owner of the webpage: Sunbelt Kft. Managing Director: K\u00e1lm\u00e1n Attila Seat: 4031 Debrecen, Kishat\u00e1r u 16\/C-D. Phone number: +36 20\/55-66-356 Email: info@sunbelt.hu Tax identification number: 13554633-2-09 Registration number: 09-09-013681 Hosting Services Name: impressive.hu Kft. Address: 7030 Paks, \u00d6reghegy utca 63. Phone number: +36 20 218-8726 E-mail: info@impressive.hu","og_url":"https:\/\/sunbelt.hu\/en\/impressum\/","og_site_name":"Sunbelt","article_modified_time":"2024-01-10T15:13:20+00:00","twitter_card":"summary_large_image","twitter_misc":{"Est. reading time":"1 minute"},"schema":{"@context":"https:\/\/schema.org","@graph":[{"@type":"WebPage","@id":"https:\/\/sunbelt.hu\/en\/impressum\/","url":"https:\/\/sunbelt.hu\/en\/impressum\/","name":"Impressum - Sunbelt","isPartOf":{"@id":"https:\/\/sunbelt.hu\/#website"},"datePublished":"2016-07-29T18:08:43+00:00","dateModified":"2024-01-10T15:13:20+00:00","breadcrumb":{"@id":"https:\/\/sunbelt.hu\/en\/impressum\/#breadcrumb"},"inLanguage":"en-US","potentialAction":[{"@type":"ReadAction","target":["https:\/\/sunbelt.hu\/en\/impressum\/"]}]},{"@type":"BreadcrumbList","@id":"https:\/\/sunbelt.hu\/en\/impressum\/#breadcrumb","itemListElement":[{"@type":"ListItem","position":1,"name":"Home","item":"https:\/\/sunbelt.hu\/"},{"@type":"ListItem","position":2,"name":"Impressum"}]},{"@type":"WebSite","@id":"https:\/\/sunbelt.hu\/#website","url":"https:\/\/sunbelt.hu\/","name":"Sunbelt","description":"Beszerz\u00e9s- \u00e9s rakt\u00e1rmenedzsment","potentialAction":[{"@type":"SearchAction","target":{"@type":"EntryPoint","urlTemplate":"https:\/\/sunbelt.hu\/?s={search_term_string}"},"query-input":{"@type":"PropertyValueSpecification","valueRequired":true,"valueName":"search_term_string"}}],"inLanguage":"en-US"}]}},"_links":{"self":[{"href":"https:\/\/sunbelt.hu\/en\/wp-json\/wp\/v2\/pages\/547","targetHints":{"allow":["GET"]}}],"collection":[{"href":"https:\/\/sunbelt.hu\/en\/wp-json\/wp\/v2\/pages"}],"about":[{"href":"https:\/\/sunbelt.hu\/en\/wp-json\/wp\/v2\/types\/page"}],"author":[{"embeddable":true,"href":"https:\/\/sunbelt.hu\/en\/wp-json\/wp\/v2\/users\/5"}],"replies":[{"embeddable":true,"href":"https:\/\/sunbelt.hu\/en\/wp-json\/wp\/v2\/comments?post=547"}],"version-history":[{"count":4,"href":"https:\/\/sunbelt.hu\/en\/wp-json\/wp\/v2\/pages\/547\/revisions"}],"predecessor-version":[{"id":1248,"href":"https:\/\/sunbelt.hu\/en\/wp-json\/wp\/v2\/pages\/547\/revisions\/1248"}],"wp:attachment":[{"href":"https:\/\/sunbelt.hu\/en\/wp-json\/wp\/v2\/media?parent=547"}],"curies":[{"name":"wp","href":"https:\/\/api.w.org\/{rel}","templated":true}]}}