{"id":533,"date":"2016-07-29T13:52:28","date_gmt":"2016-07-29T13:52:28","guid":{"rendered":"https:\/\/sunbelt.hu\/?page_id=533&#038;lang=en"},"modified":"2016-08-18T09:17:18","modified_gmt":"2016-08-18T07:17:18","slug":"references","status":"publish","type":"page","link":"https:\/\/sunbelt.hu\/en\/references\/","title":{"rendered":"References"},"content":{"rendered":"<p>Feedback from our customers is very important to us, and therefore, we attribute special significance to supplier evaluations. The high quality of our services is clearly indicated by the fact that according to the evaluations given by our customers we are in the best category of suppliers each year.<\/p>\n<p><strong>\u00a0<\/strong><\/p>\n<p><strong>2015<\/strong><\/p>\n<p><strong>National Instruments<\/strong>\u00a0\u2013 Tier One Supplier of the Year (Supply Assurance, Quality, Pricing, Customer Solutions and Support)<\/p>\n<p>&nbsp;<\/p>\n<p><strong>2014<\/strong><\/p>\n<p><strong>National Instruments<\/strong>\u00a0\u2013 Award for On Time Delivery by Supplier<br \/> <strong>National Instruments<\/strong>\u00a0\u2013 Tier One Supplier of the Year (Supply Assurance, Quality, Pricing, Customer Solutions and Support)<\/p>\n<p>&nbsp;<\/p>\n<p><strong>2013<\/strong><\/p>\n<p><strong>National Instruments<\/strong>\u00a0\u2013\u00a0Award for On Time Delivery by Supplier<br \/> <strong>National Instruments<\/strong>\u00a0\u2013 Tier One Supplier of the Year (Supply Assurance, Quality, Pricing, Customer Solutions and Support)<br \/> <strong>National Instruments<\/strong>\u00a0\u2013 Best in Class Supplier Award (Scorecard Performance, Managing Complex Business Processes, Service Levels, Cost Reduction Efforts, Global Support, Ease of doing business and Innovation)<\/p>\n<p>&nbsp;<\/p>\n<p><strong>2012<\/strong><\/p>\n<p><strong>National Instruments<\/strong>\u00a0\u2013\u00a0Award for On Time Delivery by Supplier<br \/> <strong>National Instruments<\/strong>\u00a0\u2013 Tier One Supplier of the Year (Quality, Supply Assurance, Pricing, Customer Solutions Support) <br \/> <strong>National Instruments<\/strong>\u00a0\u2013\u00a0Best in Class Supplier Award (Scorecard Performance, Managing Complex Business Processes, Service Levels, Cost Reduction Efforts, Global Support, Ease of doing business and Innovation)<\/p>\n<p><strong>TECO \u2013 Westinghouse<\/strong>\u00a0\u2013 Excellent Product Quality Award<\/p>\n<p>&nbsp;<\/p>\n<p><strong>2011<\/strong><\/p>\n<p><strong>National Instruments<\/strong>\u00a0\u2013 Excellent Product Quality Award<br \/> <strong>National Instruments<\/strong>\u00a0\u2013\u00a0Award for On Time Delivery by Supplier<br \/> <strong>National Instruments<\/strong>\u00a0\u2013 Tier One Supplier of the Year (Quality, Supply Assurance, Pricing, Customer Solutions Support) <br \/> <strong>National Instruments<\/strong>\u00a0\u2013 Best in Class Supplier Award (Scorecard Performance, Managing Complex Business Processes, Service Levels, Cost Reduction Efforts, Global Support, Ease of doing business and Innovation)<\/p>\n<p>&nbsp;<\/p>\n<p><strong>2010<\/strong><\/p>\n<p><strong>National Instruments<\/strong>\u00a0\u2013 Excellent Product Quality Award<br \/> <strong>National Instruments<\/strong>\u00a0\u2013\u00a0Award for On Time Delivery by Supplier<br \/> <strong>National Instruments<\/strong>\u00a0\u2013 Tier One Supplier of the Year (Quality, Supply Assurance, Pricing, Customer Solutions Support)  <\/p>\n<p><strong>2009<\/strong><\/p>\n<p><strong>National Instruments<\/strong>\u00a0\u2013 Best Global Support Award<br \/> <strong>National Instruments<\/strong>\u00a0\u2013 Tier One Supplier of the Year (Quality, Supply Assurance, Pricing, Customer Solutions Support)  <\/p>\n<p><strong>2008<\/strong><\/p>\n<p><strong>National Instruments<\/strong>\u00a0\u2013\u00a0Award for On Time Delivery by Supplier<\/p>\n<p>&nbsp;<\/p>\n<p><strong>2006<\/strong><\/p>\n<p><strong>National Instruments<\/strong>\u00a0\u2013 Tier One Supplier of the Year (Quality, Supply Assurance, Pricing, Customer Solutions Support)  <\/p>\n","protected":false},"excerpt":{"rendered":"<p>Feedback from our customers is very important to us, and therefore, we attribute special significance to supplier evaluations. The high quality of our services is clearly indicated by the fact that according to the evaluations given by our customers we are in the best category of suppliers each year. \u00a0 2015 National Instruments\u00a0\u2013 Tier One [&hellip;]<\/p>\n","protected":false},"author":4,"featured_media":0,"parent":0,"menu_order":44,"comment_status":"closed","ping_status":"closed","template":"","meta":{"_acf_changed":false,"footnotes":""},"class_list":["post-533","page","type-page","status-publish","hentry"],"acf":[],"yoast_head":"<!-- This site is optimized with the Yoast SEO plugin v26.1.1 - https:\/\/yoast.com\/wordpress\/plugins\/seo\/ -->\n<title>References - Sunbelt<\/title>\n<meta name=\"robots\" content=\"index, follow, max-snippet:-1, max-image-preview:large, max-video-preview:-1\" \/>\n<link rel=\"canonical\" href=\"https:\/\/sunbelt.hu\/en\/references\/\" \/>\n<meta property=\"og:locale\" content=\"en_US\" \/>\n<meta property=\"og:type\" content=\"article\" \/>\n<meta property=\"og:title\" content=\"References - Sunbelt\" \/>\n<meta property=\"og:description\" content=\"Feedback from our customers is very important to us, and therefore, we attribute special significance to supplier evaluations. The high quality of our services is clearly indicated by the fact that according to the evaluations given by our customers we are in the best category of suppliers each year. \u00a0 2015 National Instruments\u00a0\u2013 Tier One [&hellip;]\" \/>\n<meta property=\"og:url\" content=\"https:\/\/sunbelt.hu\/en\/references\/\" \/>\n<meta property=\"og:site_name\" content=\"Sunbelt\" \/>\n<meta property=\"article:modified_time\" content=\"2016-08-18T07:17:18+00:00\" \/>\n<meta name=\"twitter:card\" content=\"summary_large_image\" \/>\n<meta name=\"twitter:label1\" content=\"Est. reading time\" \/>\n\t<meta name=\"twitter:data1\" content=\"2 minutes\" \/>\n<script type=\"application\/ld+json\" class=\"yoast-schema-graph\">{\"@context\":\"https:\/\/schema.org\",\"@graph\":[{\"@type\":\"WebPage\",\"@id\":\"https:\/\/sunbelt.hu\/en\/references\/\",\"url\":\"https:\/\/sunbelt.hu\/en\/references\/\",\"name\":\"References - Sunbelt\",\"isPartOf\":{\"@id\":\"https:\/\/sunbelt.hu\/#website\"},\"datePublished\":\"2016-07-29T13:52:28+00:00\",\"dateModified\":\"2016-08-18T07:17:18+00:00\",\"breadcrumb\":{\"@id\":\"https:\/\/sunbelt.hu\/en\/references\/#breadcrumb\"},\"inLanguage\":\"en-US\",\"potentialAction\":[{\"@type\":\"ReadAction\",\"target\":[\"https:\/\/sunbelt.hu\/en\/references\/\"]}]},{\"@type\":\"BreadcrumbList\",\"@id\":\"https:\/\/sunbelt.hu\/en\/references\/#breadcrumb\",\"itemListElement\":[{\"@type\":\"ListItem\",\"position\":1,\"name\":\"Home\",\"item\":\"https:\/\/sunbelt.hu\/\"},{\"@type\":\"ListItem\",\"position\":2,\"name\":\"References\"}]},{\"@type\":\"WebSite\",\"@id\":\"https:\/\/sunbelt.hu\/#website\",\"url\":\"https:\/\/sunbelt.hu\/\",\"name\":\"Sunbelt\",\"description\":\"Beszerz\u00e9s- \u00e9s rakt\u00e1rmenedzsment\",\"potentialAction\":[{\"@type\":\"SearchAction\",\"target\":{\"@type\":\"EntryPoint\",\"urlTemplate\":\"https:\/\/sunbelt.hu\/?s={search_term_string}\"},\"query-input\":{\"@type\":\"PropertyValueSpecification\",\"valueRequired\":true,\"valueName\":\"search_term_string\"}}],\"inLanguage\":\"en-US\"}]}<\/script>\n<!-- \/ Yoast SEO plugin. -->","yoast_head_json":{"title":"References - Sunbelt","robots":{"index":"index","follow":"follow","max-snippet":"max-snippet:-1","max-image-preview":"max-image-preview:large","max-video-preview":"max-video-preview:-1"},"canonical":"https:\/\/sunbelt.hu\/en\/references\/","og_locale":"en_US","og_type":"article","og_title":"References - Sunbelt","og_description":"Feedback from our customers is very important to us, and therefore, we attribute special significance to supplier evaluations. The high quality of our services is clearly indicated by the fact that according to the evaluations given by our customers we are in the best category of suppliers each year. \u00a0 2015 National Instruments\u00a0\u2013 Tier One [&hellip;]","og_url":"https:\/\/sunbelt.hu\/en\/references\/","og_site_name":"Sunbelt","article_modified_time":"2016-08-18T07:17:18+00:00","twitter_card":"summary_large_image","twitter_misc":{"Est. reading time":"2 minutes"},"schema":{"@context":"https:\/\/schema.org","@graph":[{"@type":"WebPage","@id":"https:\/\/sunbelt.hu\/en\/references\/","url":"https:\/\/sunbelt.hu\/en\/references\/","name":"References - Sunbelt","isPartOf":{"@id":"https:\/\/sunbelt.hu\/#website"},"datePublished":"2016-07-29T13:52:28+00:00","dateModified":"2016-08-18T07:17:18+00:00","breadcrumb":{"@id":"https:\/\/sunbelt.hu\/en\/references\/#breadcrumb"},"inLanguage":"en-US","potentialAction":[{"@type":"ReadAction","target":["https:\/\/sunbelt.hu\/en\/references\/"]}]},{"@type":"BreadcrumbList","@id":"https:\/\/sunbelt.hu\/en\/references\/#breadcrumb","itemListElement":[{"@type":"ListItem","position":1,"name":"Home","item":"https:\/\/sunbelt.hu\/"},{"@type":"ListItem","position":2,"name":"References"}]},{"@type":"WebSite","@id":"https:\/\/sunbelt.hu\/#website","url":"https:\/\/sunbelt.hu\/","name":"Sunbelt","description":"Beszerz\u00e9s- \u00e9s rakt\u00e1rmenedzsment","potentialAction":[{"@type":"SearchAction","target":{"@type":"EntryPoint","urlTemplate":"https:\/\/sunbelt.hu\/?s={search_term_string}"},"query-input":{"@type":"PropertyValueSpecification","valueRequired":true,"valueName":"search_term_string"}}],"inLanguage":"en-US"}]}},"_links":{"self":[{"href":"https:\/\/sunbelt.hu\/en\/wp-json\/wp\/v2\/pages\/533","targetHints":{"allow":["GET"]}}],"collection":[{"href":"https:\/\/sunbelt.hu\/en\/wp-json\/wp\/v2\/pages"}],"about":[{"href":"https:\/\/sunbelt.hu\/en\/wp-json\/wp\/v2\/types\/page"}],"author":[{"embeddable":true,"href":"https:\/\/sunbelt.hu\/en\/wp-json\/wp\/v2\/users\/4"}],"replies":[{"embeddable":true,"href":"https:\/\/sunbelt.hu\/en\/wp-json\/wp\/v2\/comments?post=533"}],"version-history":[{"count":8,"href":"https:\/\/sunbelt.hu\/en\/wp-json\/wp\/v2\/pages\/533\/revisions"}],"predecessor-version":[{"id":743,"href":"https:\/\/sunbelt.hu\/en\/wp-json\/wp\/v2\/pages\/533\/revisions\/743"}],"wp:attachment":[{"href":"https:\/\/sunbelt.hu\/en\/wp-json\/wp\/v2\/media?parent=533"}],"curies":[{"name":"wp","href":"https:\/\/api.w.org\/{rel}","templated":true}]}}