{"id":527,"date":"2016-07-29T13:46:23","date_gmt":"2016-07-29T13:46:23","guid":{"rendered":"https:\/\/sunbelt.hu\/?page_id=527&#038;lang=en"},"modified":"2016-08-18T09:10:14","modified_gmt":"2016-08-18T07:10:14","slug":"special-unique-products","status":"publish","type":"page","link":"https:\/\/sunbelt.hu\/en\/products\/special-unique-products\/","title":{"rendered":"Special unique products"},"content":{"rendered":"<p>Has it happened to you as well that you could only procure an indispensable part with a great amount of effort?<\/p>\n<p>The list of our products is continuously expanding, as we strive to satisfy our partner\u2019s demands as far as possible.<\/p>\n<p><img loading=\"lazy\" decoding=\"async\" class=\"alignnone wp-image-447 size-full\" src=\"https:\/\/sunbelt.hu\/wp-content\/uploads\/2016\/05\/specialis-egyedi-termekek.jpg\" alt=\"Speci\u00e1lis egyedi term\u00e9kek\" width=\"900\" height=\"610\" srcset=\"https:\/\/sunbelt.hu\/wp-content\/uploads\/2016\/05\/specialis-egyedi-termekek.jpg 900w, https:\/\/sunbelt.hu\/wp-content\/uploads\/2016\/05\/specialis-egyedi-termekek-300x203.jpg 300w, https:\/\/sunbelt.hu\/wp-content\/uploads\/2016\/05\/specialis-egyedi-termekek-768x521.jpg 768w\" sizes=\"auto, (max-width: 900px) 100vw, 900px\" \/><\/p>\n<p>If you have not found a product or service in our portfolio that would present a solution for you, we will develop it according to your needs.<\/p>\n\n<div class=\"wpcf7 no-js\" id=\"wpcf7-f653-o1\" lang=\"hu-HU\" dir=\"ltr\" data-wpcf7-id=\"653\">\n<div class=\"screen-reader-response\"><p role=\"status\" aria-live=\"polite\" aria-atomic=\"true\"><\/p> <ul><\/ul><\/div>\n<form action=\"\/en\/wp-json\/wp\/v2\/pages\/527#wpcf7-f653-o1\" method=\"post\" class=\"wpcf7-form init\" aria-label=\"Kapcsolatfelv\u00e9teli \u0171rlap\" enctype=\"multipart\/form-data\" novalidate=\"novalidate\" data-status=\"init\">\n<fieldset class=\"hidden-fields-container\"><input type=\"hidden\" name=\"_wpcf7\" value=\"653\" \/><input type=\"hidden\" name=\"_wpcf7_version\" value=\"6.1.2\" \/><input type=\"hidden\" name=\"_wpcf7_locale\" value=\"hu_HU\" \/><input type=\"hidden\" name=\"_wpcf7_unit_tag\" value=\"wpcf7-f653-o1\" \/><input type=\"hidden\" name=\"_wpcf7_container_post\" value=\"0\" \/><input type=\"hidden\" name=\"_wpcf7_posted_data_hash\" value=\"\" \/><input type=\"hidden\" name=\"_wpcf7_recaptcha_response\" value=\"\" \/>\n<\/fieldset>\n<p>By completing the form, you can simply request a quote for our various individualized products and services.\n<\/p>\n<p><span class=\"wpcf7-form-control-wrap\" data-name=\"your-name\"><input size=\"40\" maxlength=\"400\" class=\"wpcf7-form-control wpcf7-text wpcf7-validates-as-required\" aria-required=\"true\" aria-invalid=\"false\" placeholder=\"Name*\" value=\"\" type=\"text\" name=\"your-name\" \/><\/span><br \/>\n<span class=\"wpcf7-form-control-wrap\" data-name=\"your-company\"><input size=\"40\" maxlength=\"400\" class=\"wpcf7-form-control wpcf7-text\" aria-invalid=\"false\" placeholder=\"Company name\" value=\"\" type=\"text\" name=\"your-company\" \/><\/span><br \/>\n<span class=\"wpcf7-form-control-wrap\" data-name=\"your-email\"><input size=\"40\" maxlength=\"400\" class=\"wpcf7-form-control wpcf7-email wpcf7-validates-as-required wpcf7-text wpcf7-validates-as-email\" aria-required=\"true\" aria-invalid=\"false\" placeholder=\"E-mail address*\" value=\"\" type=\"email\" name=\"your-email\" \/><\/span><br \/>\n<span class=\"wpcf7-form-control-wrap\" data-name=\"your-phone\"><input size=\"40\" maxlength=\"400\" class=\"wpcf7-form-control wpcf7-text\" aria-invalid=\"false\" placeholder=\"Phone number\" value=\"\" type=\"text\" name=\"your-phone\" \/><\/span><br \/>\n<span class=\"wpcf7-form-control-wrap\" data-name=\"your-message\"><textarea cols=\"40\" rows=\"10\" maxlength=\"2000\" class=\"wpcf7-form-control wpcf7-textarea\" aria-invalid=\"false\" placeholder=\"Your message...\" name=\"your-message\"><\/textarea><\/span>\n<\/p>\n<div class=\"attachment\">\n\t<p>In the course of requesting a quote, in addition to providing the basic data, you can also attach a photo or some other file (e.g. a table summarising the product data). This allows a simpler and more accurate specification of the product parameters.\n\t<\/p>\n\t<div class=\"hide\">\n\t\t<p><span class=\"file\">&#xf016;<\/span><span class=\"wpcf7-form-control-wrap\" data-name=\"file-01\"><input size=\"40\" class=\"wpcf7-form-control wpcf7-file\" accept=\"audio\/*,video\/*,image\/*\" aria-invalid=\"false\" type=\"file\" name=\"file-01\" \/><\/span>\n\t\t<\/p>\n\t<\/div>\n\t<div class=\"hide\">\n\t\t<p><a class=\"del_file\" href=\"#\" title=\"Visszavon\u00e1s\">&#xf014;<\/a><span class=\"wpcf7-form-control-wrap\" data-name=\"file-02\"><input size=\"40\" class=\"wpcf7-form-control wpcf7-file\" accept=\"audio\/*,video\/*,image\/*\" aria-invalid=\"false\" type=\"file\" name=\"file-02\" \/><\/span>\n\t\t<\/p>\n\t<\/div>\n\t<div class=\"hide\">\n\t\t<p><a class=\"del_file\" href=\"#\" title=\"Visszavon\u00e1s\">&#xf014;<\/a><span class=\"wpcf7-form-control-wrap\" data-name=\"file-03\"><input size=\"40\" class=\"wpcf7-form-control wpcf7-file\" accept=\"audio\/*,video\/*,image\/*\" aria-invalid=\"false\" type=\"file\" name=\"file-03\" \/><\/span>\n\t\t<\/p>\n\t<\/div>\n\t<div class=\"hide\">\n\t\t<p><a class=\"del_file\" href=\"#\" title=\"Visszavon\u00e1s\">&#xf014;<\/a><span class=\"wpcf7-form-control-wrap\" data-name=\"file-04\"><input size=\"40\" class=\"wpcf7-form-control wpcf7-file\" accept=\"audio\/*,video\/*,image\/*\" aria-invalid=\"false\" type=\"file\" name=\"file-04\" \/><\/span>\n\t\t<\/p>\n\t<\/div>\n\t<div class=\"hide\">\n\t\t<p><a class=\"del_file\" href=\"#\" title=\"Visszavon\u00e1s\">&#xf014;<\/a><span class=\"wpcf7-form-control-wrap\" data-name=\"file-05\"><input size=\"40\" class=\"wpcf7-form-control wpcf7-file\" accept=\"audio\/*,video\/*,image\/*\" aria-invalid=\"false\" type=\"file\" name=\"file-05\" \/><\/span>\n\t\t<\/p>\n\t<\/div>\n\t<div class=\"add_file\">\n\t\t<p><span>&#xf055;<\/span> Add more files\n\t\t<\/p>\n\t<\/div>\n<\/div>\n<span class=\"wpcf7-form-control-wrap recaptcha\" data-name=\"recaptcha\"><span data-sitekey=\"6Leuq_UUAAAAACBseparGx9bwUEcTp5oJDA8_0rL\" class=\"wpcf7-form-control wpcf7-recaptcha g-recaptcha\"><\/span>\r\n<noscript>\r\n\t<div class=\"grecaptcha-noscript\">\r\n\t\t<iframe loading=\"lazy\" src=\"https:\/\/www.google.com\/recaptcha\/api\/fallback?k=6Leuq_UUAAAAACBseparGx9bwUEcTp5oJDA8_0rL\" frameborder=\"0\" scrolling=\"no\" width=\"310\" height=\"430\">\r\n\t\t<\/iframe>\r\n\t\t<textarea name=\"g-recaptcha-response\" rows=\"3\" cols=\"40\" placeholder=\"reCaptcha Response Here\">\r\n\t\t<\/textarea>\r\n\t<\/div>\r\n<\/noscript>\r\n<\/span>\n<p><button type=\"submit\" class=\"custom\">Send request for offer<\/button>\n<\/p><div class=\"wpcf7-response-output\" aria-hidden=\"true\"><\/div>\n<\/form>\n<\/div>\n\n","protected":false},"excerpt":{"rendered":"<p>Has it happened to you as well that you could only procure an indispensable part with a great amount of effort? The list of our products is continuously expanding, as we strive to satisfy our partner\u2019s demands as far as possible. If you have not found a product or service in our portfolio that would [&hellip;]<\/p>\n","protected":false},"author":4,"featured_media":81,"parent":519,"menu_order":73,"comment_status":"closed","ping_status":"closed","template":"","meta":{"_acf_changed":false,"footnotes":""},"class_list":["post-527","page","type-page","status-publish","has-post-thumbnail","hentry"],"acf":[],"yoast_head":"<!-- This site is optimized with the Yoast SEO plugin v26.1.1 - https:\/\/yoast.com\/wordpress\/plugins\/seo\/ -->\n<title>Special unique products - Sunbelt<\/title>\n<meta name=\"robots\" content=\"index, follow, max-snippet:-1, max-image-preview:large, max-video-preview:-1\" \/>\n<link rel=\"canonical\" href=\"https:\/\/sunbelt.hu\/en\/products\/special-unique-products\/\" \/>\n<meta property=\"og:locale\" content=\"en_US\" \/>\n<meta property=\"og:type\" content=\"article\" \/>\n<meta property=\"og:title\" content=\"Special unique products - Sunbelt\" \/>\n<meta property=\"og:description\" content=\"Has it happened to you as well that you could only procure an indispensable part with a great amount of effort? The list of our products is continuously expanding, as we strive to satisfy our partner\u2019s demands as far as possible. If you have not found a product or service in our portfolio that would [&hellip;]\" \/>\n<meta property=\"og:url\" content=\"https:\/\/sunbelt.hu\/en\/products\/special-unique-products\/\" \/>\n<meta property=\"og:site_name\" content=\"Sunbelt\" \/>\n<meta property=\"article:modified_time\" content=\"2016-08-18T07:10:14+00:00\" \/>\n<meta property=\"og:image\" content=\"https:\/\/sunbelt.hu\/wp-content\/uploads\/2016\/05\/product-img-5.jpg\" \/>\n\t<meta property=\"og:image:width\" content=\"405\" \/>\n\t<meta property=\"og:image:height\" content=\"237\" \/>\n\t<meta property=\"og:image:type\" content=\"image\/jpeg\" \/>\n<meta name=\"twitter:card\" content=\"summary_large_image\" \/>\n<script type=\"application\/ld+json\" class=\"yoast-schema-graph\">{\"@context\":\"https:\/\/schema.org\",\"@graph\":[{\"@type\":\"WebPage\",\"@id\":\"https:\/\/sunbelt.hu\/en\/products\/special-unique-products\/\",\"url\":\"https:\/\/sunbelt.hu\/en\/products\/special-unique-products\/\",\"name\":\"Special unique products - Sunbelt\",\"isPartOf\":{\"@id\":\"https:\/\/sunbelt.hu\/#website\"},\"primaryImageOfPage\":{\"@id\":\"https:\/\/sunbelt.hu\/en\/products\/special-unique-products\/#primaryimage\"},\"image\":{\"@id\":\"https:\/\/sunbelt.hu\/en\/products\/special-unique-products\/#primaryimage\"},\"thumbnailUrl\":\"https:\/\/sunbelt.hu\/wp-content\/uploads\/2016\/05\/product-img-5.jpg\",\"datePublished\":\"2016-07-29T13:46:23+00:00\",\"dateModified\":\"2016-08-18T07:10:14+00:00\",\"breadcrumb\":{\"@id\":\"https:\/\/sunbelt.hu\/en\/products\/special-unique-products\/#breadcrumb\"},\"inLanguage\":\"en-US\",\"potentialAction\":[{\"@type\":\"ReadAction\",\"target\":[\"https:\/\/sunbelt.hu\/en\/products\/special-unique-products\/\"]}]},{\"@type\":\"ImageObject\",\"inLanguage\":\"en-US\",\"@id\":\"https:\/\/sunbelt.hu\/en\/products\/special-unique-products\/#primaryimage\",\"url\":\"https:\/\/sunbelt.hu\/wp-content\/uploads\/2016\/05\/product-img-5.jpg\",\"contentUrl\":\"https:\/\/sunbelt.hu\/wp-content\/uploads\/2016\/05\/product-img-5.jpg\",\"width\":405,\"height\":237},{\"@type\":\"BreadcrumbList\",\"@id\":\"https:\/\/sunbelt.hu\/en\/products\/special-unique-products\/#breadcrumb\",\"itemListElement\":[{\"@type\":\"ListItem\",\"position\":1,\"name\":\"Home\",\"item\":\"https:\/\/sunbelt.hu\/\"},{\"@type\":\"ListItem\",\"position\":2,\"name\":\"Groups of product necessary for the manufacturing process\",\"item\":\"https:\/\/sunbelt.hu\/en\/products\/\"},{\"@type\":\"ListItem\",\"position\":3,\"name\":\"Special unique products\"}]},{\"@type\":\"WebSite\",\"@id\":\"https:\/\/sunbelt.hu\/#website\",\"url\":\"https:\/\/sunbelt.hu\/\",\"name\":\"Sunbelt\",\"description\":\"Beszerz\u00e9s- \u00e9s rakt\u00e1rmenedzsment\",\"potentialAction\":[{\"@type\":\"SearchAction\",\"target\":{\"@type\":\"EntryPoint\",\"urlTemplate\":\"https:\/\/sunbelt.hu\/?s={search_term_string}\"},\"query-input\":{\"@type\":\"PropertyValueSpecification\",\"valueRequired\":true,\"valueName\":\"search_term_string\"}}],\"inLanguage\":\"en-US\"}]}<\/script>\n<!-- \/ Yoast SEO plugin. -->","yoast_head_json":{"title":"Special unique products - Sunbelt","robots":{"index":"index","follow":"follow","max-snippet":"max-snippet:-1","max-image-preview":"max-image-preview:large","max-video-preview":"max-video-preview:-1"},"canonical":"https:\/\/sunbelt.hu\/en\/products\/special-unique-products\/","og_locale":"en_US","og_type":"article","og_title":"Special unique products - Sunbelt","og_description":"Has it happened to you as well that you could only procure an indispensable part with a great amount of effort? The list of our products is continuously expanding, as we strive to satisfy our partner\u2019s demands as far as possible. If you have not found a product or service in our portfolio that would [&hellip;]","og_url":"https:\/\/sunbelt.hu\/en\/products\/special-unique-products\/","og_site_name":"Sunbelt","article_modified_time":"2016-08-18T07:10:14+00:00","og_image":[{"width":405,"height":237,"url":"https:\/\/sunbelt.hu\/wp-content\/uploads\/2016\/05\/product-img-5.jpg","type":"image\/jpeg"}],"twitter_card":"summary_large_image","schema":{"@context":"https:\/\/schema.org","@graph":[{"@type":"WebPage","@id":"https:\/\/sunbelt.hu\/en\/products\/special-unique-products\/","url":"https:\/\/sunbelt.hu\/en\/products\/special-unique-products\/","name":"Special unique products - Sunbelt","isPartOf":{"@id":"https:\/\/sunbelt.hu\/#website"},"primaryImageOfPage":{"@id":"https:\/\/sunbelt.hu\/en\/products\/special-unique-products\/#primaryimage"},"image":{"@id":"https:\/\/sunbelt.hu\/en\/products\/special-unique-products\/#primaryimage"},"thumbnailUrl":"https:\/\/sunbelt.hu\/wp-content\/uploads\/2016\/05\/product-img-5.jpg","datePublished":"2016-07-29T13:46:23+00:00","dateModified":"2016-08-18T07:10:14+00:00","breadcrumb":{"@id":"https:\/\/sunbelt.hu\/en\/products\/special-unique-products\/#breadcrumb"},"inLanguage":"en-US","potentialAction":[{"@type":"ReadAction","target":["https:\/\/sunbelt.hu\/en\/products\/special-unique-products\/"]}]},{"@type":"ImageObject","inLanguage":"en-US","@id":"https:\/\/sunbelt.hu\/en\/products\/special-unique-products\/#primaryimage","url":"https:\/\/sunbelt.hu\/wp-content\/uploads\/2016\/05\/product-img-5.jpg","contentUrl":"https:\/\/sunbelt.hu\/wp-content\/uploads\/2016\/05\/product-img-5.jpg","width":405,"height":237},{"@type":"BreadcrumbList","@id":"https:\/\/sunbelt.hu\/en\/products\/special-unique-products\/#breadcrumb","itemListElement":[{"@type":"ListItem","position":1,"name":"Home","item":"https:\/\/sunbelt.hu\/"},{"@type":"ListItem","position":2,"name":"Groups of product necessary for the manufacturing process","item":"https:\/\/sunbelt.hu\/en\/products\/"},{"@type":"ListItem","position":3,"name":"Special unique products"}]},{"@type":"WebSite","@id":"https:\/\/sunbelt.hu\/#website","url":"https:\/\/sunbelt.hu\/","name":"Sunbelt","description":"Beszerz\u00e9s- \u00e9s rakt\u00e1rmenedzsment","potentialAction":[{"@type":"SearchAction","target":{"@type":"EntryPoint","urlTemplate":"https:\/\/sunbelt.hu\/?s={search_term_string}"},"query-input":{"@type":"PropertyValueSpecification","valueRequired":true,"valueName":"search_term_string"}}],"inLanguage":"en-US"}]}},"_links":{"self":[{"href":"https:\/\/sunbelt.hu\/en\/wp-json\/wp\/v2\/pages\/527","targetHints":{"allow":["GET"]}}],"collection":[{"href":"https:\/\/sunbelt.hu\/en\/wp-json\/wp\/v2\/pages"}],"about":[{"href":"https:\/\/sunbelt.hu\/en\/wp-json\/wp\/v2\/types\/page"}],"author":[{"embeddable":true,"href":"https:\/\/sunbelt.hu\/en\/wp-json\/wp\/v2\/users\/4"}],"replies":[{"embeddable":true,"href":"https:\/\/sunbelt.hu\/en\/wp-json\/wp\/v2\/comments?post=527"}],"version-history":[{"count":5,"href":"https:\/\/sunbelt.hu\/en\/wp-json\/wp\/v2\/pages\/527\/revisions"}],"predecessor-version":[{"id":740,"href":"https:\/\/sunbelt.hu\/en\/wp-json\/wp\/v2\/pages\/527\/revisions\/740"}],"up":[{"embeddable":true,"href":"https:\/\/sunbelt.hu\/en\/wp-json\/wp\/v2\/pages\/519"}],"wp:featuredmedia":[{"embeddable":true,"href":"https:\/\/sunbelt.hu\/en\/wp-json\/wp\/v2\/media\/81"}],"wp:attachment":[{"href":"https:\/\/sunbelt.hu\/en\/wp-json\/wp\/v2\/media?parent=527"}],"curies":[{"name":"wp","href":"https:\/\/api.w.org\/{rel}","templated":true}]}}