{"id":523,"date":"2016-07-29T13:40:32","date_gmt":"2016-07-29T13:40:32","guid":{"rendered":"https:\/\/sunbelt.hu\/?page_id=523&#038;lang=en"},"modified":"2016-08-18T09:05:45","modified_gmt":"2016-08-18T07:05:45","slug":"labels","status":"publish","type":"page","link":"https:\/\/sunbelt.hu\/en\/products\/labels\/","title":{"rendered":"Labels"},"content":{"rendered":"<p>Thanks to our extended network of suppliers in Europe, America and Asia, we are able to provide quality products for representatives of several industries. We continuously aim to increase the number of our suppliers, as we want to provide more choices to our customers.<\/p>\n<p>Our largest supplier is our center, Sunbelt Supply LLC, which is present with its products in the fields of computer and semiconductor manufacturing, windmills, automation, as well as the military, oil and electronic industries.<\/p>\n<h2>Find out more about our offering of labels<\/h2>\n<ul>\n<li>Labels according to UL\/CSL standards<\/li>\n<li>Customized labels<\/li>\n<li>Digitally printed labels<\/li>\n<li>Materials for label removing<\/li>\n<li>Label rolls<\/li>\n<li>Heat-transfer labels<\/li>\n<\/ul>\n<p><img loading=\"lazy\" decoding=\"async\" class=\"alignnone size-full wp-image-431\" src=\"https:\/\/sunbelt.hu\/wp-content\/uploads\/2016\/05\/cimkek.jpg\" alt=\"C\u00edmk\u00e9k\" width=\"900\" height=\"518\" srcset=\"https:\/\/sunbelt.hu\/wp-content\/uploads\/2016\/05\/cimkek.jpg 900w, https:\/\/sunbelt.hu\/wp-content\/uploads\/2016\/05\/cimkek-300x173.jpg 300w, https:\/\/sunbelt.hu\/wp-content\/uploads\/2016\/05\/cimkek-768x442.jpg 768w\" sizes=\"auto, (max-width: 900px) 100vw, 900px\" \/><\/p>\n<p>The above list is just a short extract of the wide range of products we distribute. If you have not found the product you need, please contact us to consult on what would be the most ideal solution for you.<\/p>\n\n<div class=\"wpcf7 no-js\" id=\"wpcf7-f653-o1\" lang=\"hu-HU\" dir=\"ltr\" data-wpcf7-id=\"653\">\n<div class=\"screen-reader-response\"><p role=\"status\" aria-live=\"polite\" aria-atomic=\"true\"><\/p> <ul><\/ul><\/div>\n<form action=\"\/en\/wp-json\/wp\/v2\/pages\/523#wpcf7-f653-o1\" method=\"post\" class=\"wpcf7-form init\" aria-label=\"Kapcsolatfelv\u00e9teli \u0171rlap\" enctype=\"multipart\/form-data\" novalidate=\"novalidate\" data-status=\"init\">\n<fieldset class=\"hidden-fields-container\"><input type=\"hidden\" name=\"_wpcf7\" value=\"653\" \/><input type=\"hidden\" name=\"_wpcf7_version\" value=\"6.1.2\" \/><input type=\"hidden\" name=\"_wpcf7_locale\" value=\"hu_HU\" \/><input type=\"hidden\" name=\"_wpcf7_unit_tag\" value=\"wpcf7-f653-o1\" \/><input type=\"hidden\" name=\"_wpcf7_container_post\" value=\"0\" \/><input type=\"hidden\" name=\"_wpcf7_posted_data_hash\" value=\"\" \/><input type=\"hidden\" name=\"_wpcf7_recaptcha_response\" value=\"\" \/>\n<\/fieldset>\n<p>By completing the form, you can simply request a quote for our various individualized products and services.\n<\/p>\n<p><span class=\"wpcf7-form-control-wrap\" data-name=\"your-name\"><input size=\"40\" maxlength=\"400\" class=\"wpcf7-form-control wpcf7-text wpcf7-validates-as-required\" aria-required=\"true\" aria-invalid=\"false\" placeholder=\"Name*\" value=\"\" type=\"text\" name=\"your-name\" \/><\/span><br \/>\n<span class=\"wpcf7-form-control-wrap\" data-name=\"your-company\"><input size=\"40\" maxlength=\"400\" class=\"wpcf7-form-control wpcf7-text\" aria-invalid=\"false\" placeholder=\"Company name\" value=\"\" type=\"text\" name=\"your-company\" \/><\/span><br \/>\n<span class=\"wpcf7-form-control-wrap\" data-name=\"your-email\"><input size=\"40\" maxlength=\"400\" class=\"wpcf7-form-control wpcf7-email wpcf7-validates-as-required wpcf7-text wpcf7-validates-as-email\" aria-required=\"true\" aria-invalid=\"false\" placeholder=\"E-mail address*\" value=\"\" type=\"email\" name=\"your-email\" \/><\/span><br \/>\n<span class=\"wpcf7-form-control-wrap\" data-name=\"your-phone\"><input size=\"40\" maxlength=\"400\" class=\"wpcf7-form-control wpcf7-text\" aria-invalid=\"false\" placeholder=\"Phone number\" value=\"\" type=\"text\" name=\"your-phone\" \/><\/span><br \/>\n<span class=\"wpcf7-form-control-wrap\" data-name=\"your-message\"><textarea cols=\"40\" rows=\"10\" maxlength=\"2000\" class=\"wpcf7-form-control wpcf7-textarea\" aria-invalid=\"false\" placeholder=\"Your message...\" name=\"your-message\"><\/textarea><\/span>\n<\/p>\n<div class=\"attachment\">\n\t<p>In the course of requesting a quote, in addition to providing the basic data, you can also attach a photo or some other file (e.g. a table summarising the product data). This allows a simpler and more accurate specification of the product parameters.\n\t<\/p>\n\t<div class=\"hide\">\n\t\t<p><span class=\"file\">&#xf016;<\/span><span class=\"wpcf7-form-control-wrap\" data-name=\"file-01\"><input size=\"40\" class=\"wpcf7-form-control wpcf7-file\" accept=\"audio\/*,video\/*,image\/*\" aria-invalid=\"false\" type=\"file\" name=\"file-01\" \/><\/span>\n\t\t<\/p>\n\t<\/div>\n\t<div class=\"hide\">\n\t\t<p><a class=\"del_file\" href=\"#\" title=\"Visszavon\u00e1s\">&#xf014;<\/a><span class=\"wpcf7-form-control-wrap\" data-name=\"file-02\"><input size=\"40\" class=\"wpcf7-form-control wpcf7-file\" accept=\"audio\/*,video\/*,image\/*\" aria-invalid=\"false\" type=\"file\" name=\"file-02\" \/><\/span>\n\t\t<\/p>\n\t<\/div>\n\t<div class=\"hide\">\n\t\t<p><a class=\"del_file\" href=\"#\" title=\"Visszavon\u00e1s\">&#xf014;<\/a><span class=\"wpcf7-form-control-wrap\" data-name=\"file-03\"><input size=\"40\" class=\"wpcf7-form-control wpcf7-file\" accept=\"audio\/*,video\/*,image\/*\" aria-invalid=\"false\" type=\"file\" name=\"file-03\" \/><\/span>\n\t\t<\/p>\n\t<\/div>\n\t<div class=\"hide\">\n\t\t<p><a class=\"del_file\" href=\"#\" title=\"Visszavon\u00e1s\">&#xf014;<\/a><span class=\"wpcf7-form-control-wrap\" data-name=\"file-04\"><input size=\"40\" class=\"wpcf7-form-control wpcf7-file\" accept=\"audio\/*,video\/*,image\/*\" aria-invalid=\"false\" type=\"file\" name=\"file-04\" \/><\/span>\n\t\t<\/p>\n\t<\/div>\n\t<div class=\"hide\">\n\t\t<p><a class=\"del_file\" href=\"#\" title=\"Visszavon\u00e1s\">&#xf014;<\/a><span class=\"wpcf7-form-control-wrap\" data-name=\"file-05\"><input size=\"40\" class=\"wpcf7-form-control wpcf7-file\" accept=\"audio\/*,video\/*,image\/*\" aria-invalid=\"false\" type=\"file\" name=\"file-05\" \/><\/span>\n\t\t<\/p>\n\t<\/div>\n\t<div class=\"add_file\">\n\t\t<p><span>&#xf055;<\/span> Add more files\n\t\t<\/p>\n\t<\/div>\n<\/div>\n<span class=\"wpcf7-form-control-wrap recaptcha\" data-name=\"recaptcha\"><span data-sitekey=\"6Leuq_UUAAAAACBseparGx9bwUEcTp5oJDA8_0rL\" class=\"wpcf7-form-control wpcf7-recaptcha g-recaptcha\"><\/span>\r\n<noscript>\r\n\t<div class=\"grecaptcha-noscript\">\r\n\t\t<iframe loading=\"lazy\" src=\"https:\/\/www.google.com\/recaptcha\/api\/fallback?k=6Leuq_UUAAAAACBseparGx9bwUEcTp5oJDA8_0rL\" frameborder=\"0\" scrolling=\"no\" width=\"310\" height=\"430\">\r\n\t\t<\/iframe>\r\n\t\t<textarea name=\"g-recaptcha-response\" rows=\"3\" cols=\"40\" placeholder=\"reCaptcha Response Here\">\r\n\t\t<\/textarea>\r\n\t<\/div>\r\n<\/noscript>\r\n<\/span>\n<p><button type=\"submit\" class=\"custom\">Send request for offer<\/button>\n<\/p><div class=\"wpcf7-response-output\" aria-hidden=\"true\"><\/div>\n<\/form>\n<\/div>\n\n","protected":false},"excerpt":{"rendered":"<p>Thanks to our extended network of suppliers in Europe, America and Asia, we are able to provide quality products for representatives of several industries. We continuously aim to increase the number of our suppliers, as we want to provide more choices to our customers. Our largest supplier is our center, Sunbelt Supply LLC, which is [&hellip;]<\/p>\n","protected":false},"author":4,"featured_media":75,"parent":519,"menu_order":66,"comment_status":"closed","ping_status":"closed","template":"","meta":{"_acf_changed":false,"footnotes":""},"class_list":["post-523","page","type-page","status-publish","has-post-thumbnail","hentry"],"acf":[],"yoast_head":"<!-- This site is optimized with the Yoast SEO plugin v26.1.1 - https:\/\/yoast.com\/wordpress\/plugins\/seo\/ -->\n<title>Labels - Sunbelt<\/title>\n<meta name=\"robots\" content=\"index, follow, max-snippet:-1, max-image-preview:large, max-video-preview:-1\" \/>\n<link rel=\"canonical\" href=\"https:\/\/sunbelt.hu\/en\/products\/labels\/\" \/>\n<meta property=\"og:locale\" content=\"en_US\" \/>\n<meta property=\"og:type\" content=\"article\" \/>\n<meta property=\"og:title\" content=\"Labels - Sunbelt\" \/>\n<meta property=\"og:description\" content=\"Thanks to our extended network of suppliers in Europe, America and Asia, we are able to provide quality products for representatives of several industries. We continuously aim to increase the number of our suppliers, as we want to provide more choices to our customers. Our largest supplier is our center, Sunbelt Supply LLC, which is [&hellip;]\" \/>\n<meta property=\"og:url\" content=\"https:\/\/sunbelt.hu\/en\/products\/labels\/\" \/>\n<meta property=\"og:site_name\" content=\"Sunbelt\" \/>\n<meta property=\"article:modified_time\" content=\"2016-08-18T07:05:45+00:00\" \/>\n<meta property=\"og:image\" content=\"https:\/\/sunbelt.hu\/wp-content\/uploads\/2016\/05\/product-img-3.jpg\" \/>\n\t<meta property=\"og:image:width\" content=\"406\" \/>\n\t<meta property=\"og:image:height\" content=\"237\" \/>\n\t<meta property=\"og:image:type\" content=\"image\/jpeg\" \/>\n<meta name=\"twitter:card\" content=\"summary_large_image\" \/>\n<meta name=\"twitter:label1\" content=\"Est. reading time\" \/>\n\t<meta name=\"twitter:data1\" content=\"1 minute\" \/>\n<script type=\"application\/ld+json\" class=\"yoast-schema-graph\">{\"@context\":\"https:\/\/schema.org\",\"@graph\":[{\"@type\":\"WebPage\",\"@id\":\"https:\/\/sunbelt.hu\/en\/products\/labels\/\",\"url\":\"https:\/\/sunbelt.hu\/en\/products\/labels\/\",\"name\":\"Labels - Sunbelt\",\"isPartOf\":{\"@id\":\"https:\/\/sunbelt.hu\/#website\"},\"primaryImageOfPage\":{\"@id\":\"https:\/\/sunbelt.hu\/en\/products\/labels\/#primaryimage\"},\"image\":{\"@id\":\"https:\/\/sunbelt.hu\/en\/products\/labels\/#primaryimage\"},\"thumbnailUrl\":\"https:\/\/sunbelt.hu\/wp-content\/uploads\/2016\/05\/product-img-3.jpg\",\"datePublished\":\"2016-07-29T13:40:32+00:00\",\"dateModified\":\"2016-08-18T07:05:45+00:00\",\"breadcrumb\":{\"@id\":\"https:\/\/sunbelt.hu\/en\/products\/labels\/#breadcrumb\"},\"inLanguage\":\"en-US\",\"potentialAction\":[{\"@type\":\"ReadAction\",\"target\":[\"https:\/\/sunbelt.hu\/en\/products\/labels\/\"]}]},{\"@type\":\"ImageObject\",\"inLanguage\":\"en-US\",\"@id\":\"https:\/\/sunbelt.hu\/en\/products\/labels\/#primaryimage\",\"url\":\"https:\/\/sunbelt.hu\/wp-content\/uploads\/2016\/05\/product-img-3.jpg\",\"contentUrl\":\"https:\/\/sunbelt.hu\/wp-content\/uploads\/2016\/05\/product-img-3.jpg\",\"width\":406,\"height\":237},{\"@type\":\"BreadcrumbList\",\"@id\":\"https:\/\/sunbelt.hu\/en\/products\/labels\/#breadcrumb\",\"itemListElement\":[{\"@type\":\"ListItem\",\"position\":1,\"name\":\"Home\",\"item\":\"https:\/\/sunbelt.hu\/\"},{\"@type\":\"ListItem\",\"position\":2,\"name\":\"Groups of product necessary for the manufacturing process\",\"item\":\"https:\/\/sunbelt.hu\/en\/products\/\"},{\"@type\":\"ListItem\",\"position\":3,\"name\":\"Labels\"}]},{\"@type\":\"WebSite\",\"@id\":\"https:\/\/sunbelt.hu\/#website\",\"url\":\"https:\/\/sunbelt.hu\/\",\"name\":\"Sunbelt\",\"description\":\"Beszerz\u00e9s- \u00e9s rakt\u00e1rmenedzsment\",\"potentialAction\":[{\"@type\":\"SearchAction\",\"target\":{\"@type\":\"EntryPoint\",\"urlTemplate\":\"https:\/\/sunbelt.hu\/?s={search_term_string}\"},\"query-input\":{\"@type\":\"PropertyValueSpecification\",\"valueRequired\":true,\"valueName\":\"search_term_string\"}}],\"inLanguage\":\"en-US\"}]}<\/script>\n<!-- \/ Yoast SEO plugin. -->","yoast_head_json":{"title":"Labels - Sunbelt","robots":{"index":"index","follow":"follow","max-snippet":"max-snippet:-1","max-image-preview":"max-image-preview:large","max-video-preview":"max-video-preview:-1"},"canonical":"https:\/\/sunbelt.hu\/en\/products\/labels\/","og_locale":"en_US","og_type":"article","og_title":"Labels - Sunbelt","og_description":"Thanks to our extended network of suppliers in Europe, America and Asia, we are able to provide quality products for representatives of several industries. We continuously aim to increase the number of our suppliers, as we want to provide more choices to our customers. Our largest supplier is our center, Sunbelt Supply LLC, which is [&hellip;]","og_url":"https:\/\/sunbelt.hu\/en\/products\/labels\/","og_site_name":"Sunbelt","article_modified_time":"2016-08-18T07:05:45+00:00","og_image":[{"width":406,"height":237,"url":"https:\/\/sunbelt.hu\/wp-content\/uploads\/2016\/05\/product-img-3.jpg","type":"image\/jpeg"}],"twitter_card":"summary_large_image","twitter_misc":{"Est. reading time":"1 minute"},"schema":{"@context":"https:\/\/schema.org","@graph":[{"@type":"WebPage","@id":"https:\/\/sunbelt.hu\/en\/products\/labels\/","url":"https:\/\/sunbelt.hu\/en\/products\/labels\/","name":"Labels - Sunbelt","isPartOf":{"@id":"https:\/\/sunbelt.hu\/#website"},"primaryImageOfPage":{"@id":"https:\/\/sunbelt.hu\/en\/products\/labels\/#primaryimage"},"image":{"@id":"https:\/\/sunbelt.hu\/en\/products\/labels\/#primaryimage"},"thumbnailUrl":"https:\/\/sunbelt.hu\/wp-content\/uploads\/2016\/05\/product-img-3.jpg","datePublished":"2016-07-29T13:40:32+00:00","dateModified":"2016-08-18T07:05:45+00:00","breadcrumb":{"@id":"https:\/\/sunbelt.hu\/en\/products\/labels\/#breadcrumb"},"inLanguage":"en-US","potentialAction":[{"@type":"ReadAction","target":["https:\/\/sunbelt.hu\/en\/products\/labels\/"]}]},{"@type":"ImageObject","inLanguage":"en-US","@id":"https:\/\/sunbelt.hu\/en\/products\/labels\/#primaryimage","url":"https:\/\/sunbelt.hu\/wp-content\/uploads\/2016\/05\/product-img-3.jpg","contentUrl":"https:\/\/sunbelt.hu\/wp-content\/uploads\/2016\/05\/product-img-3.jpg","width":406,"height":237},{"@type":"BreadcrumbList","@id":"https:\/\/sunbelt.hu\/en\/products\/labels\/#breadcrumb","itemListElement":[{"@type":"ListItem","position":1,"name":"Home","item":"https:\/\/sunbelt.hu\/"},{"@type":"ListItem","position":2,"name":"Groups of product necessary for the manufacturing process","item":"https:\/\/sunbelt.hu\/en\/products\/"},{"@type":"ListItem","position":3,"name":"Labels"}]},{"@type":"WebSite","@id":"https:\/\/sunbelt.hu\/#website","url":"https:\/\/sunbelt.hu\/","name":"Sunbelt","description":"Beszerz\u00e9s- \u00e9s rakt\u00e1rmenedzsment","potentialAction":[{"@type":"SearchAction","target":{"@type":"EntryPoint","urlTemplate":"https:\/\/sunbelt.hu\/?s={search_term_string}"},"query-input":{"@type":"PropertyValueSpecification","valueRequired":true,"valueName":"search_term_string"}}],"inLanguage":"en-US"}]}},"_links":{"self":[{"href":"https:\/\/sunbelt.hu\/en\/wp-json\/wp\/v2\/pages\/523","targetHints":{"allow":["GET"]}}],"collection":[{"href":"https:\/\/sunbelt.hu\/en\/wp-json\/wp\/v2\/pages"}],"about":[{"href":"https:\/\/sunbelt.hu\/en\/wp-json\/wp\/v2\/types\/page"}],"author":[{"embeddable":true,"href":"https:\/\/sunbelt.hu\/en\/wp-json\/wp\/v2\/users\/4"}],"replies":[{"embeddable":true,"href":"https:\/\/sunbelt.hu\/en\/wp-json\/wp\/v2\/comments?post=523"}],"version-history":[{"count":4,"href":"https:\/\/sunbelt.hu\/en\/wp-json\/wp\/v2\/pages\/523\/revisions"}],"predecessor-version":[{"id":738,"href":"https:\/\/sunbelt.hu\/en\/wp-json\/wp\/v2\/pages\/523\/revisions\/738"}],"up":[{"embeddable":true,"href":"https:\/\/sunbelt.hu\/en\/wp-json\/wp\/v2\/pages\/519"}],"wp:featuredmedia":[{"embeddable":true,"href":"https:\/\/sunbelt.hu\/en\/wp-json\/wp\/v2\/media\/75"}],"wp:attachment":[{"href":"https:\/\/sunbelt.hu\/en\/wp-json\/wp\/v2\/media?parent=523"}],"curies":[{"name":"wp","href":"https:\/\/api.w.org\/{rel}","templated":true}]}}