{"id":519,"date":"2016-07-29T13:33:32","date_gmt":"2016-07-29T13:33:32","guid":{"rendered":"https:\/\/sunbelt.hu\/?page_id=519&#038;lang=en"},"modified":"2016-08-18T09:02:55","modified_gmt":"2016-08-18T07:02:55","slug":"products","status":"publish","type":"page","link":"https:\/\/sunbelt.hu\/en\/products\/","title":{"rendered":"Groups of product necessary for the manufacturing process"},"content":{"rendered":"<p>Thanks to our extended network of suppliers in Europe, America and Asia, we are able to provide quality products for representatives of several industries. We continuously aim to increase the number of our suppliers, as we want to provide more choices to our customers.<\/p>\n<p>Our largest supplier is our center, Sunbelt Supply LLC, which is present with its products in the fields of computer and semiconductor manufacturing, windmills, automation, as well as the military, oil and electronic industries.<\/p>\n","protected":false},"excerpt":{"rendered":"<p>Thanks to our extended network of suppliers in Europe, America and Asia, we are able to provide quality products for representatives of several industries. We continuously aim to increase the number of our suppliers, as we want to provide more choices to our customers. Our largest supplier is our center, Sunbelt Supply LLC, which is [&hellip;]<\/p>\n","protected":false},"author":4,"featured_media":0,"parent":0,"menu_order":61,"comment_status":"closed","ping_status":"closed","template":"","meta":{"_acf_changed":false,"footnotes":""},"class_list":["post-519","page","type-page","status-publish","hentry"],"acf":[],"yoast_head":"<!-- This site is optimized with the Yoast SEO plugin v26.1.1 - https:\/\/yoast.com\/wordpress\/plugins\/seo\/ -->\n<title>Groups of product necessary for the manufacturing process - Sunbelt<\/title>\n<meta name=\"robots\" content=\"index, follow, max-snippet:-1, max-image-preview:large, max-video-preview:-1\" \/>\n<link rel=\"canonical\" href=\"https:\/\/sunbelt.hu\/en\/products\/\" \/>\n<meta property=\"og:locale\" content=\"en_US\" \/>\n<meta property=\"og:type\" content=\"article\" \/>\n<meta property=\"og:title\" content=\"Groups of product necessary for the manufacturing process - Sunbelt\" \/>\n<meta property=\"og:description\" content=\"Thanks to our extended network of suppliers in Europe, America and Asia, we are able to provide quality products for representatives of several industries. We continuously aim to increase the number of our suppliers, as we want to provide more choices to our customers. Our largest supplier is our center, Sunbelt Supply LLC, which is [&hellip;]\" \/>\n<meta property=\"og:url\" content=\"https:\/\/sunbelt.hu\/en\/products\/\" \/>\n<meta property=\"og:site_name\" content=\"Sunbelt\" \/>\n<meta property=\"article:modified_time\" content=\"2016-08-18T07:02:55+00:00\" \/>\n<meta name=\"twitter:card\" content=\"summary_large_image\" \/>\n<script type=\"application\/ld+json\" class=\"yoast-schema-graph\">{\"@context\":\"https:\/\/schema.org\",\"@graph\":[{\"@type\":\"WebPage\",\"@id\":\"https:\/\/sunbelt.hu\/en\/products\/\",\"url\":\"https:\/\/sunbelt.hu\/en\/products\/\",\"name\":\"Groups of product necessary for the manufacturing process - Sunbelt\",\"isPartOf\":{\"@id\":\"https:\/\/sunbelt.hu\/#website\"},\"datePublished\":\"2016-07-29T13:33:32+00:00\",\"dateModified\":\"2016-08-18T07:02:55+00:00\",\"breadcrumb\":{\"@id\":\"https:\/\/sunbelt.hu\/en\/products\/#breadcrumb\"},\"inLanguage\":\"en-US\",\"potentialAction\":[{\"@type\":\"ReadAction\",\"target\":[\"https:\/\/sunbelt.hu\/en\/products\/\"]}]},{\"@type\":\"BreadcrumbList\",\"@id\":\"https:\/\/sunbelt.hu\/en\/products\/#breadcrumb\",\"itemListElement\":[{\"@type\":\"ListItem\",\"position\":1,\"name\":\"Home\",\"item\":\"https:\/\/sunbelt.hu\/\"},{\"@type\":\"ListItem\",\"position\":2,\"name\":\"Groups of product necessary for the manufacturing process\"}]},{\"@type\":\"WebSite\",\"@id\":\"https:\/\/sunbelt.hu\/#website\",\"url\":\"https:\/\/sunbelt.hu\/\",\"name\":\"Sunbelt\",\"description\":\"Beszerz\u00e9s- \u00e9s rakt\u00e1rmenedzsment\",\"potentialAction\":[{\"@type\":\"SearchAction\",\"target\":{\"@type\":\"EntryPoint\",\"urlTemplate\":\"https:\/\/sunbelt.hu\/?s={search_term_string}\"},\"query-input\":{\"@type\":\"PropertyValueSpecification\",\"valueRequired\":true,\"valueName\":\"search_term_string\"}}],\"inLanguage\":\"en-US\"}]}<\/script>\n<!-- \/ Yoast SEO plugin. -->","yoast_head_json":{"title":"Groups of product necessary for the manufacturing process - Sunbelt","robots":{"index":"index","follow":"follow","max-snippet":"max-snippet:-1","max-image-preview":"max-image-preview:large","max-video-preview":"max-video-preview:-1"},"canonical":"https:\/\/sunbelt.hu\/en\/products\/","og_locale":"en_US","og_type":"article","og_title":"Groups of product necessary for the manufacturing process - Sunbelt","og_description":"Thanks to our extended network of suppliers in Europe, America and Asia, we are able to provide quality products for representatives of several industries. We continuously aim to increase the number of our suppliers, as we want to provide more choices to our customers. Our largest supplier is our center, Sunbelt Supply LLC, which is [&hellip;]","og_url":"https:\/\/sunbelt.hu\/en\/products\/","og_site_name":"Sunbelt","article_modified_time":"2016-08-18T07:02:55+00:00","twitter_card":"summary_large_image","schema":{"@context":"https:\/\/schema.org","@graph":[{"@type":"WebPage","@id":"https:\/\/sunbelt.hu\/en\/products\/","url":"https:\/\/sunbelt.hu\/en\/products\/","name":"Groups of product necessary for the manufacturing process - Sunbelt","isPartOf":{"@id":"https:\/\/sunbelt.hu\/#website"},"datePublished":"2016-07-29T13:33:32+00:00","dateModified":"2016-08-18T07:02:55+00:00","breadcrumb":{"@id":"https:\/\/sunbelt.hu\/en\/products\/#breadcrumb"},"inLanguage":"en-US","potentialAction":[{"@type":"ReadAction","target":["https:\/\/sunbelt.hu\/en\/products\/"]}]},{"@type":"BreadcrumbList","@id":"https:\/\/sunbelt.hu\/en\/products\/#breadcrumb","itemListElement":[{"@type":"ListItem","position":1,"name":"Home","item":"https:\/\/sunbelt.hu\/"},{"@type":"ListItem","position":2,"name":"Groups of product necessary for the manufacturing process"}]},{"@type":"WebSite","@id":"https:\/\/sunbelt.hu\/#website","url":"https:\/\/sunbelt.hu\/","name":"Sunbelt","description":"Beszerz\u00e9s- \u00e9s rakt\u00e1rmenedzsment","potentialAction":[{"@type":"SearchAction","target":{"@type":"EntryPoint","urlTemplate":"https:\/\/sunbelt.hu\/?s={search_term_string}"},"query-input":{"@type":"PropertyValueSpecification","valueRequired":true,"valueName":"search_term_string"}}],"inLanguage":"en-US"}]}},"_links":{"self":[{"href":"https:\/\/sunbelt.hu\/en\/wp-json\/wp\/v2\/pages\/519","targetHints":{"allow":["GET"]}}],"collection":[{"href":"https:\/\/sunbelt.hu\/en\/wp-json\/wp\/v2\/pages"}],"about":[{"href":"https:\/\/sunbelt.hu\/en\/wp-json\/wp\/v2\/types\/page"}],"author":[{"embeddable":true,"href":"https:\/\/sunbelt.hu\/en\/wp-json\/wp\/v2\/users\/4"}],"replies":[{"embeddable":true,"href":"https:\/\/sunbelt.hu\/en\/wp-json\/wp\/v2\/comments?post=519"}],"version-history":[{"count":1,"href":"https:\/\/sunbelt.hu\/en\/wp-json\/wp\/v2\/pages\/519\/revisions"}],"predecessor-version":[{"id":520,"href":"https:\/\/sunbelt.hu\/en\/wp-json\/wp\/v2\/pages\/519\/revisions\/520"}],"wp:attachment":[{"href":"https:\/\/sunbelt.hu\/en\/wp-json\/wp\/v2\/media?parent=519"}],"curies":[{"name":"wp","href":"https:\/\/api.w.org\/{rel}","templated":true}]}}