{"id":517,"date":"2016-07-29T13:32:02","date_gmt":"2016-07-29T13:32:02","guid":{"rendered":"https:\/\/sunbelt.hu\/?page_id=517&#038;lang=en"},"modified":"2016-08-18T09:01:10","modified_gmt":"2016-08-18T07:01:10","slug":"customized-solutions","status":"publish","type":"page","link":"https:\/\/sunbelt.hu\/en\/services\/customized-solutions\/","title":{"rendered":"Customized solutions"},"content":{"rendered":"<p>The fixed nature of the internal processes of companies often results in considerable difficulty and inflexibility in addressing special problems within the given company. We\u00a0<strong>do not back down when our customers turn to us with unique problems and need<\/strong>s \u2013 we offer customized services, for example, in the following areas:<\/p>\n<ul>\n<li>Identifying and procuring, via a single source, a small number of various parts necessary for the introduction of new products<\/li>\n<li>Establishing KANBAN system and its operation<\/li>\n<li>Custom packaging<\/li>\n<li>Modifying of products to satisfy the customer\u2019s needs<\/li>\n<li>Engineering support<\/li>\n<li>Manufacturing of prototypes<\/li>\n<li>Packaging of individual kits, individual assemblies<\/li>\n<li>Repairing existing products<\/li>\n<li>Helping with customs clearance<\/li>\n<\/ul>\n<p><strong>If you have not found a service in our portfolio that would present a solution for you, we will develop it according to your needs.<\/strong><\/p>\n<p>&nbsp;<\/p>\n<p><img loading=\"lazy\" decoding=\"async\" class=\"alignnone size-full wp-image-308\" src=\"https:\/\/sunbelt.hu\/wp-content\/uploads\/2016\/05\/sunbelt_egyedi_megoldasok.jpg\" alt=\"sunbelt_egyedi_megoldasok\" width=\"900\" height=\"599\" srcset=\"https:\/\/sunbelt.hu\/wp-content\/uploads\/2016\/05\/sunbelt_egyedi_megoldasok.jpg 900w, https:\/\/sunbelt.hu\/wp-content\/uploads\/2016\/05\/sunbelt_egyedi_megoldasok-300x200.jpg 300w, https:\/\/sunbelt.hu\/wp-content\/uploads\/2016\/05\/sunbelt_egyedi_megoldasok-768x511.jpg 768w\" sizes=\"auto, (max-width: 900px) 100vw, 900px\" \/><\/p>\n","protected":false},"excerpt":{"rendered":"<p>The fixed nature of the internal processes of companies often results in considerable difficulty and inflexibility in addressing special problems within the given company. We\u00a0do not back down when our customers turn to us with unique problems and needs \u2013 we offer customized services, for example, in the following areas: Identifying and procuring, via a [&hellip;]<\/p>\n","protected":false},"author":4,"featured_media":116,"parent":509,"menu_order":57,"comment_status":"closed","ping_status":"closed","template":"","meta":{"_acf_changed":false,"footnotes":""},"class_list":["post-517","page","type-page","status-publish","has-post-thumbnail","hentry"],"acf":[],"yoast_head":"<!-- This site is optimized with the Yoast SEO plugin v26.1.1 - https:\/\/yoast.com\/wordpress\/plugins\/seo\/ -->\n<title>Customized solutions - Sunbelt<\/title>\n<meta name=\"robots\" content=\"index, follow, max-snippet:-1, max-image-preview:large, max-video-preview:-1\" \/>\n<link rel=\"canonical\" href=\"https:\/\/sunbelt.hu\/en\/services\/customized-solutions\/\" \/>\n<meta property=\"og:locale\" content=\"en_US\" \/>\n<meta property=\"og:type\" content=\"article\" \/>\n<meta property=\"og:title\" content=\"Customized solutions - Sunbelt\" \/>\n<meta property=\"og:description\" content=\"The fixed nature of the internal processes of companies often results in considerable difficulty and inflexibility in addressing special problems within the given company. We\u00a0do not back down when our customers turn to us with unique problems and needs \u2013 we offer customized services, for example, in the following areas: Identifying and procuring, via a [&hellip;]\" \/>\n<meta property=\"og:url\" content=\"https:\/\/sunbelt.hu\/en\/services\/customized-solutions\/\" \/>\n<meta property=\"og:site_name\" content=\"Sunbelt\" \/>\n<meta property=\"article:modified_time\" content=\"2016-08-18T07:01:10+00:00\" \/>\n<meta property=\"og:image\" content=\"https:\/\/sunbelt.hu\/wp-content\/uploads\/2016\/05\/szolgaltatas-4-1.jpg\" \/>\n\t<meta property=\"og:image:width\" content=\"300\" \/>\n\t<meta property=\"og:image:height\" content=\"300\" \/>\n\t<meta property=\"og:image:type\" content=\"image\/jpeg\" \/>\n<meta name=\"twitter:card\" content=\"summary_large_image\" \/>\n<meta name=\"twitter:label1\" content=\"Est. reading time\" \/>\n\t<meta name=\"twitter:data1\" content=\"1 minute\" \/>\n<script type=\"application\/ld+json\" class=\"yoast-schema-graph\">{\"@context\":\"https:\/\/schema.org\",\"@graph\":[{\"@type\":\"WebPage\",\"@id\":\"https:\/\/sunbelt.hu\/en\/services\/customized-solutions\/\",\"url\":\"https:\/\/sunbelt.hu\/en\/services\/customized-solutions\/\",\"name\":\"Customized solutions - Sunbelt\",\"isPartOf\":{\"@id\":\"https:\/\/sunbelt.hu\/#website\"},\"primaryImageOfPage\":{\"@id\":\"https:\/\/sunbelt.hu\/en\/services\/customized-solutions\/#primaryimage\"},\"image\":{\"@id\":\"https:\/\/sunbelt.hu\/en\/services\/customized-solutions\/#primaryimage\"},\"thumbnailUrl\":\"https:\/\/sunbelt.hu\/wp-content\/uploads\/2016\/05\/szolgaltatas-4-1.jpg\",\"datePublished\":\"2016-07-29T13:32:02+00:00\",\"dateModified\":\"2016-08-18T07:01:10+00:00\",\"breadcrumb\":{\"@id\":\"https:\/\/sunbelt.hu\/en\/services\/customized-solutions\/#breadcrumb\"},\"inLanguage\":\"en-US\",\"potentialAction\":[{\"@type\":\"ReadAction\",\"target\":[\"https:\/\/sunbelt.hu\/en\/services\/customized-solutions\/\"]}]},{\"@type\":\"ImageObject\",\"inLanguage\":\"en-US\",\"@id\":\"https:\/\/sunbelt.hu\/en\/services\/customized-solutions\/#primaryimage\",\"url\":\"https:\/\/sunbelt.hu\/wp-content\/uploads\/2016\/05\/szolgaltatas-4-1.jpg\",\"contentUrl\":\"https:\/\/sunbelt.hu\/wp-content\/uploads\/2016\/05\/szolgaltatas-4-1.jpg\",\"width\":300,\"height\":300},{\"@type\":\"BreadcrumbList\",\"@id\":\"https:\/\/sunbelt.hu\/en\/services\/customized-solutions\/#breadcrumb\",\"itemListElement\":[{\"@type\":\"ListItem\",\"position\":1,\"name\":\"Home\",\"item\":\"https:\/\/sunbelt.hu\/\"},{\"@type\":\"ListItem\",\"position\":2,\"name\":\"Make your company\u2019s procurements more efficient\",\"item\":\"https:\/\/sunbelt.hu\/en\/services\/\"},{\"@type\":\"ListItem\",\"position\":3,\"name\":\"Customized solutions\"}]},{\"@type\":\"WebSite\",\"@id\":\"https:\/\/sunbelt.hu\/#website\",\"url\":\"https:\/\/sunbelt.hu\/\",\"name\":\"Sunbelt\",\"description\":\"Beszerz\u00e9s- \u00e9s rakt\u00e1rmenedzsment\",\"potentialAction\":[{\"@type\":\"SearchAction\",\"target\":{\"@type\":\"EntryPoint\",\"urlTemplate\":\"https:\/\/sunbelt.hu\/?s={search_term_string}\"},\"query-input\":{\"@type\":\"PropertyValueSpecification\",\"valueRequired\":true,\"valueName\":\"search_term_string\"}}],\"inLanguage\":\"en-US\"}]}<\/script>\n<!-- \/ Yoast SEO plugin. -->","yoast_head_json":{"title":"Customized solutions - Sunbelt","robots":{"index":"index","follow":"follow","max-snippet":"max-snippet:-1","max-image-preview":"max-image-preview:large","max-video-preview":"max-video-preview:-1"},"canonical":"https:\/\/sunbelt.hu\/en\/services\/customized-solutions\/","og_locale":"en_US","og_type":"article","og_title":"Customized solutions - Sunbelt","og_description":"The fixed nature of the internal processes of companies often results in considerable difficulty and inflexibility in addressing special problems within the given company. We\u00a0do not back down when our customers turn to us with unique problems and needs \u2013 we offer customized services, for example, in the following areas: Identifying and procuring, via a [&hellip;]","og_url":"https:\/\/sunbelt.hu\/en\/services\/customized-solutions\/","og_site_name":"Sunbelt","article_modified_time":"2016-08-18T07:01:10+00:00","og_image":[{"width":300,"height":300,"url":"https:\/\/sunbelt.hu\/wp-content\/uploads\/2016\/05\/szolgaltatas-4-1.jpg","type":"image\/jpeg"}],"twitter_card":"summary_large_image","twitter_misc":{"Est. reading time":"1 minute"},"schema":{"@context":"https:\/\/schema.org","@graph":[{"@type":"WebPage","@id":"https:\/\/sunbelt.hu\/en\/services\/customized-solutions\/","url":"https:\/\/sunbelt.hu\/en\/services\/customized-solutions\/","name":"Customized solutions - Sunbelt","isPartOf":{"@id":"https:\/\/sunbelt.hu\/#website"},"primaryImageOfPage":{"@id":"https:\/\/sunbelt.hu\/en\/services\/customized-solutions\/#primaryimage"},"image":{"@id":"https:\/\/sunbelt.hu\/en\/services\/customized-solutions\/#primaryimage"},"thumbnailUrl":"https:\/\/sunbelt.hu\/wp-content\/uploads\/2016\/05\/szolgaltatas-4-1.jpg","datePublished":"2016-07-29T13:32:02+00:00","dateModified":"2016-08-18T07:01:10+00:00","breadcrumb":{"@id":"https:\/\/sunbelt.hu\/en\/services\/customized-solutions\/#breadcrumb"},"inLanguage":"en-US","potentialAction":[{"@type":"ReadAction","target":["https:\/\/sunbelt.hu\/en\/services\/customized-solutions\/"]}]},{"@type":"ImageObject","inLanguage":"en-US","@id":"https:\/\/sunbelt.hu\/en\/services\/customized-solutions\/#primaryimage","url":"https:\/\/sunbelt.hu\/wp-content\/uploads\/2016\/05\/szolgaltatas-4-1.jpg","contentUrl":"https:\/\/sunbelt.hu\/wp-content\/uploads\/2016\/05\/szolgaltatas-4-1.jpg","width":300,"height":300},{"@type":"BreadcrumbList","@id":"https:\/\/sunbelt.hu\/en\/services\/customized-solutions\/#breadcrumb","itemListElement":[{"@type":"ListItem","position":1,"name":"Home","item":"https:\/\/sunbelt.hu\/"},{"@type":"ListItem","position":2,"name":"Make your company\u2019s procurements more efficient","item":"https:\/\/sunbelt.hu\/en\/services\/"},{"@type":"ListItem","position":3,"name":"Customized solutions"}]},{"@type":"WebSite","@id":"https:\/\/sunbelt.hu\/#website","url":"https:\/\/sunbelt.hu\/","name":"Sunbelt","description":"Beszerz\u00e9s- \u00e9s rakt\u00e1rmenedzsment","potentialAction":[{"@type":"SearchAction","target":{"@type":"EntryPoint","urlTemplate":"https:\/\/sunbelt.hu\/?s={search_term_string}"},"query-input":{"@type":"PropertyValueSpecification","valueRequired":true,"valueName":"search_term_string"}}],"inLanguage":"en-US"}]}},"_links":{"self":[{"href":"https:\/\/sunbelt.hu\/en\/wp-json\/wp\/v2\/pages\/517","targetHints":{"allow":["GET"]}}],"collection":[{"href":"https:\/\/sunbelt.hu\/en\/wp-json\/wp\/v2\/pages"}],"about":[{"href":"https:\/\/sunbelt.hu\/en\/wp-json\/wp\/v2\/types\/page"}],"author":[{"embeddable":true,"href":"https:\/\/sunbelt.hu\/en\/wp-json\/wp\/v2\/users\/4"}],"replies":[{"embeddable":true,"href":"https:\/\/sunbelt.hu\/en\/wp-json\/wp\/v2\/comments?post=517"}],"version-history":[{"count":2,"href":"https:\/\/sunbelt.hu\/en\/wp-json\/wp\/v2\/pages\/517\/revisions"}],"predecessor-version":[{"id":736,"href":"https:\/\/sunbelt.hu\/en\/wp-json\/wp\/v2\/pages\/517\/revisions\/736"}],"up":[{"embeddable":true,"href":"https:\/\/sunbelt.hu\/en\/wp-json\/wp\/v2\/pages\/509"}],"wp:featuredmedia":[{"embeddable":true,"href":"https:\/\/sunbelt.hu\/en\/wp-json\/wp\/v2\/media\/116"}],"wp:attachment":[{"href":"https:\/\/sunbelt.hu\/en\/wp-json\/wp\/v2\/media?parent=517"}],"curies":[{"name":"wp","href":"https:\/\/api.w.org\/{rel}","templated":true}]}}