{"id":515,"date":"2016-07-29T13:30:47","date_gmt":"2016-07-29T13:30:47","guid":{"rendered":"https:\/\/sunbelt.hu\/?page_id=515&#038;lang=en"},"modified":"2016-08-18T09:00:26","modified_gmt":"2016-08-18T07:00:26","slug":"quality-control","status":"publish","type":"page","link":"https:\/\/sunbelt.hu\/en\/services\/quality-control\/","title":{"rendered":"Quality control"},"content":{"rendered":"<p>Another important step of the supply process for manufacturing is quality control. The purpose of this is to\u00a0<strong>always exclude the possibility of faulty products being received by the customers<\/strong>. We can help your company with the following:<\/p>\n<ul>\n<li>Inspection of the basic functions of base and auxiliary materials, semi-finished and finished products;<\/li>\n<li>Checking for compliance with size and quality criteria;<\/li>\n<li>Ensuring correct design and functionality.<\/li>\n<\/ul>\n<p>In addition to the manufacturer\u2019s quality control system, it is possible to use the buyer\u2019s quality control system as well, which can be extended to the entire inventory in the warehouse. One of the main advantages of this solution is that\u00a0<strong>faulty products can be addressed even before they are ordered by the customer<\/strong>.<\/p>\n<p>Further safety is provided by our individually combined FIFO and LOT system. W<strong>e can help ensure the safety of production for the customer for 24 hours in case of non-compliant products.<\/strong><\/p>\n<p>&nbsp;<\/p>\n<p><img loading=\"lazy\" decoding=\"async\" class=\"alignnone size-full wp-image-305\" src=\"https:\/\/sunbelt.hu\/wp-content\/uploads\/2016\/05\/sunbelt_minosegellenorzes.jpg\" alt=\"sunbelt_minosegellenorzes\" width=\"900\" height=\"599\" srcset=\"https:\/\/sunbelt.hu\/wp-content\/uploads\/2016\/05\/sunbelt_minosegellenorzes.jpg 900w, https:\/\/sunbelt.hu\/wp-content\/uploads\/2016\/05\/sunbelt_minosegellenorzes-300x200.jpg 300w, https:\/\/sunbelt.hu\/wp-content\/uploads\/2016\/05\/sunbelt_minosegellenorzes-768x511.jpg 768w\" sizes=\"auto, (max-width: 900px) 100vw, 900px\" \/><\/p>\n","protected":false},"excerpt":{"rendered":"<p>Another important step of the supply process for manufacturing is quality control. The purpose of this is to\u00a0always exclude the possibility of faulty products being received by the customers. We can help your company with the following: Inspection of the basic functions of base and auxiliary materials, semi-finished and finished products; Checking for compliance with [&hellip;]<\/p>\n","protected":false},"author":4,"featured_media":113,"parent":509,"menu_order":55,"comment_status":"closed","ping_status":"closed","template":"","meta":{"_acf_changed":false,"footnotes":""},"class_list":["post-515","page","type-page","status-publish","has-post-thumbnail","hentry"],"acf":[],"yoast_head":"<!-- This site is optimized with the Yoast SEO plugin v26.1.1 - https:\/\/yoast.com\/wordpress\/plugins\/seo\/ -->\n<title>Quality control - Sunbelt<\/title>\n<meta name=\"robots\" content=\"index, follow, max-snippet:-1, max-image-preview:large, max-video-preview:-1\" \/>\n<link rel=\"canonical\" href=\"https:\/\/sunbelt.hu\/en\/services\/quality-control\/\" \/>\n<meta property=\"og:locale\" content=\"en_US\" \/>\n<meta property=\"og:type\" content=\"article\" \/>\n<meta property=\"og:title\" content=\"Quality control - Sunbelt\" \/>\n<meta property=\"og:description\" content=\"Another important step of the supply process for manufacturing is quality control. The purpose of this is to\u00a0always exclude the possibility of faulty products being received by the customers. We can help your company with the following: Inspection of the basic functions of base and auxiliary materials, semi-finished and finished products; Checking for compliance with [&hellip;]\" \/>\n<meta property=\"og:url\" content=\"https:\/\/sunbelt.hu\/en\/services\/quality-control\/\" \/>\n<meta property=\"og:site_name\" content=\"Sunbelt\" \/>\n<meta property=\"article:modified_time\" content=\"2016-08-18T07:00:26+00:00\" \/>\n<meta property=\"og:image\" content=\"https:\/\/sunbelt.hu\/wp-content\/uploads\/2016\/05\/szolgaltatas-3-1.jpg\" \/>\n\t<meta property=\"og:image:width\" content=\"300\" \/>\n\t<meta property=\"og:image:height\" content=\"300\" \/>\n\t<meta property=\"og:image:type\" content=\"image\/jpeg\" \/>\n<meta name=\"twitter:card\" content=\"summary_large_image\" \/>\n<meta name=\"twitter:label1\" content=\"Est. reading time\" \/>\n\t<meta name=\"twitter:data1\" content=\"1 minute\" \/>\n<script type=\"application\/ld+json\" class=\"yoast-schema-graph\">{\"@context\":\"https:\/\/schema.org\",\"@graph\":[{\"@type\":\"WebPage\",\"@id\":\"https:\/\/sunbelt.hu\/en\/services\/quality-control\/\",\"url\":\"https:\/\/sunbelt.hu\/en\/services\/quality-control\/\",\"name\":\"Quality control - Sunbelt\",\"isPartOf\":{\"@id\":\"https:\/\/sunbelt.hu\/#website\"},\"primaryImageOfPage\":{\"@id\":\"https:\/\/sunbelt.hu\/en\/services\/quality-control\/#primaryimage\"},\"image\":{\"@id\":\"https:\/\/sunbelt.hu\/en\/services\/quality-control\/#primaryimage\"},\"thumbnailUrl\":\"https:\/\/sunbelt.hu\/wp-content\/uploads\/2016\/05\/szolgaltatas-3-1.jpg\",\"datePublished\":\"2016-07-29T13:30:47+00:00\",\"dateModified\":\"2016-08-18T07:00:26+00:00\",\"breadcrumb\":{\"@id\":\"https:\/\/sunbelt.hu\/en\/services\/quality-control\/#breadcrumb\"},\"inLanguage\":\"en-US\",\"potentialAction\":[{\"@type\":\"ReadAction\",\"target\":[\"https:\/\/sunbelt.hu\/en\/services\/quality-control\/\"]}]},{\"@type\":\"ImageObject\",\"inLanguage\":\"en-US\",\"@id\":\"https:\/\/sunbelt.hu\/en\/services\/quality-control\/#primaryimage\",\"url\":\"https:\/\/sunbelt.hu\/wp-content\/uploads\/2016\/05\/szolgaltatas-3-1.jpg\",\"contentUrl\":\"https:\/\/sunbelt.hu\/wp-content\/uploads\/2016\/05\/szolgaltatas-3-1.jpg\",\"width\":300,\"height\":300},{\"@type\":\"BreadcrumbList\",\"@id\":\"https:\/\/sunbelt.hu\/en\/services\/quality-control\/#breadcrumb\",\"itemListElement\":[{\"@type\":\"ListItem\",\"position\":1,\"name\":\"Home\",\"item\":\"https:\/\/sunbelt.hu\/\"},{\"@type\":\"ListItem\",\"position\":2,\"name\":\"Make your company\u2019s procurements more efficient\",\"item\":\"https:\/\/sunbelt.hu\/en\/services\/\"},{\"@type\":\"ListItem\",\"position\":3,\"name\":\"Quality control\"}]},{\"@type\":\"WebSite\",\"@id\":\"https:\/\/sunbelt.hu\/#website\",\"url\":\"https:\/\/sunbelt.hu\/\",\"name\":\"Sunbelt\",\"description\":\"Beszerz\u00e9s- \u00e9s rakt\u00e1rmenedzsment\",\"potentialAction\":[{\"@type\":\"SearchAction\",\"target\":{\"@type\":\"EntryPoint\",\"urlTemplate\":\"https:\/\/sunbelt.hu\/?s={search_term_string}\"},\"query-input\":{\"@type\":\"PropertyValueSpecification\",\"valueRequired\":true,\"valueName\":\"search_term_string\"}}],\"inLanguage\":\"en-US\"}]}<\/script>\n<!-- \/ Yoast SEO plugin. -->","yoast_head_json":{"title":"Quality control - Sunbelt","robots":{"index":"index","follow":"follow","max-snippet":"max-snippet:-1","max-image-preview":"max-image-preview:large","max-video-preview":"max-video-preview:-1"},"canonical":"https:\/\/sunbelt.hu\/en\/services\/quality-control\/","og_locale":"en_US","og_type":"article","og_title":"Quality control - Sunbelt","og_description":"Another important step of the supply process for manufacturing is quality control. The purpose of this is to\u00a0always exclude the possibility of faulty products being received by the customers. We can help your company with the following: Inspection of the basic functions of base and auxiliary materials, semi-finished and finished products; Checking for compliance with [&hellip;]","og_url":"https:\/\/sunbelt.hu\/en\/services\/quality-control\/","og_site_name":"Sunbelt","article_modified_time":"2016-08-18T07:00:26+00:00","og_image":[{"width":300,"height":300,"url":"https:\/\/sunbelt.hu\/wp-content\/uploads\/2016\/05\/szolgaltatas-3-1.jpg","type":"image\/jpeg"}],"twitter_card":"summary_large_image","twitter_misc":{"Est. reading time":"1 minute"},"schema":{"@context":"https:\/\/schema.org","@graph":[{"@type":"WebPage","@id":"https:\/\/sunbelt.hu\/en\/services\/quality-control\/","url":"https:\/\/sunbelt.hu\/en\/services\/quality-control\/","name":"Quality control - Sunbelt","isPartOf":{"@id":"https:\/\/sunbelt.hu\/#website"},"primaryImageOfPage":{"@id":"https:\/\/sunbelt.hu\/en\/services\/quality-control\/#primaryimage"},"image":{"@id":"https:\/\/sunbelt.hu\/en\/services\/quality-control\/#primaryimage"},"thumbnailUrl":"https:\/\/sunbelt.hu\/wp-content\/uploads\/2016\/05\/szolgaltatas-3-1.jpg","datePublished":"2016-07-29T13:30:47+00:00","dateModified":"2016-08-18T07:00:26+00:00","breadcrumb":{"@id":"https:\/\/sunbelt.hu\/en\/services\/quality-control\/#breadcrumb"},"inLanguage":"en-US","potentialAction":[{"@type":"ReadAction","target":["https:\/\/sunbelt.hu\/en\/services\/quality-control\/"]}]},{"@type":"ImageObject","inLanguage":"en-US","@id":"https:\/\/sunbelt.hu\/en\/services\/quality-control\/#primaryimage","url":"https:\/\/sunbelt.hu\/wp-content\/uploads\/2016\/05\/szolgaltatas-3-1.jpg","contentUrl":"https:\/\/sunbelt.hu\/wp-content\/uploads\/2016\/05\/szolgaltatas-3-1.jpg","width":300,"height":300},{"@type":"BreadcrumbList","@id":"https:\/\/sunbelt.hu\/en\/services\/quality-control\/#breadcrumb","itemListElement":[{"@type":"ListItem","position":1,"name":"Home","item":"https:\/\/sunbelt.hu\/"},{"@type":"ListItem","position":2,"name":"Make your company\u2019s procurements more efficient","item":"https:\/\/sunbelt.hu\/en\/services\/"},{"@type":"ListItem","position":3,"name":"Quality control"}]},{"@type":"WebSite","@id":"https:\/\/sunbelt.hu\/#website","url":"https:\/\/sunbelt.hu\/","name":"Sunbelt","description":"Beszerz\u00e9s- \u00e9s rakt\u00e1rmenedzsment","potentialAction":[{"@type":"SearchAction","target":{"@type":"EntryPoint","urlTemplate":"https:\/\/sunbelt.hu\/?s={search_term_string}"},"query-input":{"@type":"PropertyValueSpecification","valueRequired":true,"valueName":"search_term_string"}}],"inLanguage":"en-US"}]}},"_links":{"self":[{"href":"https:\/\/sunbelt.hu\/en\/wp-json\/wp\/v2\/pages\/515","targetHints":{"allow":["GET"]}}],"collection":[{"href":"https:\/\/sunbelt.hu\/en\/wp-json\/wp\/v2\/pages"}],"about":[{"href":"https:\/\/sunbelt.hu\/en\/wp-json\/wp\/v2\/types\/page"}],"author":[{"embeddable":true,"href":"https:\/\/sunbelt.hu\/en\/wp-json\/wp\/v2\/users\/4"}],"replies":[{"embeddable":true,"href":"https:\/\/sunbelt.hu\/en\/wp-json\/wp\/v2\/comments?post=515"}],"version-history":[{"count":2,"href":"https:\/\/sunbelt.hu\/en\/wp-json\/wp\/v2\/pages\/515\/revisions"}],"predecessor-version":[{"id":735,"href":"https:\/\/sunbelt.hu\/en\/wp-json\/wp\/v2\/pages\/515\/revisions\/735"}],"up":[{"embeddable":true,"href":"https:\/\/sunbelt.hu\/en\/wp-json\/wp\/v2\/pages\/509"}],"wp:featuredmedia":[{"embeddable":true,"href":"https:\/\/sunbelt.hu\/en\/wp-json\/wp\/v2\/media\/113"}],"wp:attachment":[{"href":"https:\/\/sunbelt.hu\/en\/wp-json\/wp\/v2\/media?parent=515"}],"curies":[{"name":"wp","href":"https:\/\/api.w.org\/{rel}","templated":true}]}}