{"id":513,"date":"2016-07-29T13:22:17","date_gmt":"2016-07-29T13:22:17","guid":{"rendered":"https:\/\/sunbelt.hu\/?page_id=513&#038;lang=en"},"modified":"2016-08-18T08:59:41","modified_gmt":"2016-08-18T06:59:41","slug":"procurement-activity","status":"publish","type":"page","link":"https:\/\/sunbelt.hu\/en\/services\/procurement-activity\/","title":{"rendered":"Procurement activity"},"content":{"rendered":"<p>Many people still fail to realize that\u00a0<strong>procurement has a strategic significance<\/strong>\u00a0in the operations of companies, even though\u00a0<strong>it clearly lays the foundations for the success of manufacturing<\/strong>. It ensures that the base materials and components of suitable quality arrive at the precise time needed for manufacturing and at an ideal price level to the manufacturing process.<\/p>\n<p>&nbsp;<\/p>\n<p>After a while, however,\u00a0<strong>procurement becomes a dull routine in the lives of most companies<\/strong>, or due to the lack of time, they fail to regularly review the procurement processes.\u00a0 However,\u00a0<strong>just a small mistake can result in the decrease of the efficiency of production<\/strong>.<\/p>\n<p>Our aim is to help you eliminate these possible errors.<\/p>\n<p>After we have assessed your needs and individual requests we will:<\/p>\n<ul>\n<li>Identify the parts and products most suitable for your company and contact their suppliers<\/li>\n<li>Take over the tasks related to procurement partly, or even in their entirety<\/li>\n<\/ul>\n<p>Of course, control by the partner is always ensured.<\/p>\n<p>&nbsp;<\/p>\n<p><img loading=\"lazy\" decoding=\"async\" class=\"alignnone size-full wp-image-302\" src=\"https:\/\/sunbelt.hu\/wp-content\/uploads\/2016\/05\/sunbelt_beszerzoi_tevekenyseg.jpg\" alt=\"sunbelt_beszerzoi_tevekenyseg\" width=\"900\" height=\"599\" srcset=\"https:\/\/sunbelt.hu\/wp-content\/uploads\/2016\/05\/sunbelt_beszerzoi_tevekenyseg.jpg 900w, https:\/\/sunbelt.hu\/wp-content\/uploads\/2016\/05\/sunbelt_beszerzoi_tevekenyseg-300x200.jpg 300w, https:\/\/sunbelt.hu\/wp-content\/uploads\/2016\/05\/sunbelt_beszerzoi_tevekenyseg-768x511.jpg 768w\" sizes=\"auto, (max-width: 900px) 100vw, 900px\" \/><\/p>\n","protected":false},"excerpt":{"rendered":"<p>Many people still fail to realize that\u00a0procurement has a strategic significance\u00a0in the operations of companies, even though\u00a0it clearly lays the foundations for the success of manufacturing. It ensures that the base materials and components of suitable quality arrive at the precise time needed for manufacturing and at an ideal price level to the manufacturing process. [&hellip;]<\/p>\n","protected":false},"author":4,"featured_media":110,"parent":509,"menu_order":53,"comment_status":"closed","ping_status":"closed","template":"","meta":{"_acf_changed":false,"footnotes":""},"class_list":["post-513","page","type-page","status-publish","has-post-thumbnail","hentry"],"acf":[],"yoast_head":"<!-- This site is optimized with the Yoast SEO plugin v26.1.1 - https:\/\/yoast.com\/wordpress\/plugins\/seo\/ -->\n<title>Procurement activity - Sunbelt<\/title>\n<meta name=\"robots\" content=\"index, follow, max-snippet:-1, max-image-preview:large, max-video-preview:-1\" \/>\n<link rel=\"canonical\" href=\"https:\/\/sunbelt.hu\/en\/services\/procurement-activity\/\" \/>\n<meta property=\"og:locale\" content=\"en_US\" \/>\n<meta property=\"og:type\" content=\"article\" \/>\n<meta property=\"og:title\" content=\"Procurement activity - Sunbelt\" \/>\n<meta property=\"og:description\" content=\"Many people still fail to realize that\u00a0procurement has a strategic significance\u00a0in the operations of companies, even though\u00a0it clearly lays the foundations for the success of manufacturing. It ensures that the base materials and components of suitable quality arrive at the precise time needed for manufacturing and at an ideal price level to the manufacturing process. [&hellip;]\" \/>\n<meta property=\"og:url\" content=\"https:\/\/sunbelt.hu\/en\/services\/procurement-activity\/\" \/>\n<meta property=\"og:site_name\" content=\"Sunbelt\" \/>\n<meta property=\"article:modified_time\" content=\"2016-08-18T06:59:41+00:00\" \/>\n<meta property=\"og:image\" content=\"https:\/\/sunbelt.hu\/wp-content\/uploads\/2016\/05\/szolgaltatas-2-1.jpg\" \/>\n\t<meta property=\"og:image:width\" content=\"300\" \/>\n\t<meta property=\"og:image:height\" content=\"300\" \/>\n\t<meta property=\"og:image:type\" content=\"image\/jpeg\" \/>\n<meta name=\"twitter:card\" content=\"summary_large_image\" \/>\n<meta name=\"twitter:label1\" content=\"Est. reading time\" \/>\n\t<meta name=\"twitter:data1\" content=\"1 minute\" \/>\n<script type=\"application\/ld+json\" class=\"yoast-schema-graph\">{\"@context\":\"https:\/\/schema.org\",\"@graph\":[{\"@type\":\"WebPage\",\"@id\":\"https:\/\/sunbelt.hu\/en\/services\/procurement-activity\/\",\"url\":\"https:\/\/sunbelt.hu\/en\/services\/procurement-activity\/\",\"name\":\"Procurement activity - Sunbelt\",\"isPartOf\":{\"@id\":\"https:\/\/sunbelt.hu\/#website\"},\"primaryImageOfPage\":{\"@id\":\"https:\/\/sunbelt.hu\/en\/services\/procurement-activity\/#primaryimage\"},\"image\":{\"@id\":\"https:\/\/sunbelt.hu\/en\/services\/procurement-activity\/#primaryimage\"},\"thumbnailUrl\":\"https:\/\/sunbelt.hu\/wp-content\/uploads\/2016\/05\/szolgaltatas-2-1.jpg\",\"datePublished\":\"2016-07-29T13:22:17+00:00\",\"dateModified\":\"2016-08-18T06:59:41+00:00\",\"breadcrumb\":{\"@id\":\"https:\/\/sunbelt.hu\/en\/services\/procurement-activity\/#breadcrumb\"},\"inLanguage\":\"en-US\",\"potentialAction\":[{\"@type\":\"ReadAction\",\"target\":[\"https:\/\/sunbelt.hu\/en\/services\/procurement-activity\/\"]}]},{\"@type\":\"ImageObject\",\"inLanguage\":\"en-US\",\"@id\":\"https:\/\/sunbelt.hu\/en\/services\/procurement-activity\/#primaryimage\",\"url\":\"https:\/\/sunbelt.hu\/wp-content\/uploads\/2016\/05\/szolgaltatas-2-1.jpg\",\"contentUrl\":\"https:\/\/sunbelt.hu\/wp-content\/uploads\/2016\/05\/szolgaltatas-2-1.jpg\",\"width\":300,\"height\":300},{\"@type\":\"BreadcrumbList\",\"@id\":\"https:\/\/sunbelt.hu\/en\/services\/procurement-activity\/#breadcrumb\",\"itemListElement\":[{\"@type\":\"ListItem\",\"position\":1,\"name\":\"Home\",\"item\":\"https:\/\/sunbelt.hu\/\"},{\"@type\":\"ListItem\",\"position\":2,\"name\":\"Make your company\u2019s procurements more efficient\",\"item\":\"https:\/\/sunbelt.hu\/en\/services\/\"},{\"@type\":\"ListItem\",\"position\":3,\"name\":\"Procurement activity\"}]},{\"@type\":\"WebSite\",\"@id\":\"https:\/\/sunbelt.hu\/#website\",\"url\":\"https:\/\/sunbelt.hu\/\",\"name\":\"Sunbelt\",\"description\":\"Beszerz\u00e9s- \u00e9s rakt\u00e1rmenedzsment\",\"potentialAction\":[{\"@type\":\"SearchAction\",\"target\":{\"@type\":\"EntryPoint\",\"urlTemplate\":\"https:\/\/sunbelt.hu\/?s={search_term_string}\"},\"query-input\":{\"@type\":\"PropertyValueSpecification\",\"valueRequired\":true,\"valueName\":\"search_term_string\"}}],\"inLanguage\":\"en-US\"}]}<\/script>\n<!-- \/ Yoast SEO plugin. -->","yoast_head_json":{"title":"Procurement activity - Sunbelt","robots":{"index":"index","follow":"follow","max-snippet":"max-snippet:-1","max-image-preview":"max-image-preview:large","max-video-preview":"max-video-preview:-1"},"canonical":"https:\/\/sunbelt.hu\/en\/services\/procurement-activity\/","og_locale":"en_US","og_type":"article","og_title":"Procurement activity - Sunbelt","og_description":"Many people still fail to realize that\u00a0procurement has a strategic significance\u00a0in the operations of companies, even though\u00a0it clearly lays the foundations for the success of manufacturing. It ensures that the base materials and components of suitable quality arrive at the precise time needed for manufacturing and at an ideal price level to the manufacturing process. [&hellip;]","og_url":"https:\/\/sunbelt.hu\/en\/services\/procurement-activity\/","og_site_name":"Sunbelt","article_modified_time":"2016-08-18T06:59:41+00:00","og_image":[{"width":300,"height":300,"url":"https:\/\/sunbelt.hu\/wp-content\/uploads\/2016\/05\/szolgaltatas-2-1.jpg","type":"image\/jpeg"}],"twitter_card":"summary_large_image","twitter_misc":{"Est. reading time":"1 minute"},"schema":{"@context":"https:\/\/schema.org","@graph":[{"@type":"WebPage","@id":"https:\/\/sunbelt.hu\/en\/services\/procurement-activity\/","url":"https:\/\/sunbelt.hu\/en\/services\/procurement-activity\/","name":"Procurement activity - Sunbelt","isPartOf":{"@id":"https:\/\/sunbelt.hu\/#website"},"primaryImageOfPage":{"@id":"https:\/\/sunbelt.hu\/en\/services\/procurement-activity\/#primaryimage"},"image":{"@id":"https:\/\/sunbelt.hu\/en\/services\/procurement-activity\/#primaryimage"},"thumbnailUrl":"https:\/\/sunbelt.hu\/wp-content\/uploads\/2016\/05\/szolgaltatas-2-1.jpg","datePublished":"2016-07-29T13:22:17+00:00","dateModified":"2016-08-18T06:59:41+00:00","breadcrumb":{"@id":"https:\/\/sunbelt.hu\/en\/services\/procurement-activity\/#breadcrumb"},"inLanguage":"en-US","potentialAction":[{"@type":"ReadAction","target":["https:\/\/sunbelt.hu\/en\/services\/procurement-activity\/"]}]},{"@type":"ImageObject","inLanguage":"en-US","@id":"https:\/\/sunbelt.hu\/en\/services\/procurement-activity\/#primaryimage","url":"https:\/\/sunbelt.hu\/wp-content\/uploads\/2016\/05\/szolgaltatas-2-1.jpg","contentUrl":"https:\/\/sunbelt.hu\/wp-content\/uploads\/2016\/05\/szolgaltatas-2-1.jpg","width":300,"height":300},{"@type":"BreadcrumbList","@id":"https:\/\/sunbelt.hu\/en\/services\/procurement-activity\/#breadcrumb","itemListElement":[{"@type":"ListItem","position":1,"name":"Home","item":"https:\/\/sunbelt.hu\/"},{"@type":"ListItem","position":2,"name":"Make your company\u2019s procurements more efficient","item":"https:\/\/sunbelt.hu\/en\/services\/"},{"@type":"ListItem","position":3,"name":"Procurement activity"}]},{"@type":"WebSite","@id":"https:\/\/sunbelt.hu\/#website","url":"https:\/\/sunbelt.hu\/","name":"Sunbelt","description":"Beszerz\u00e9s- \u00e9s rakt\u00e1rmenedzsment","potentialAction":[{"@type":"SearchAction","target":{"@type":"EntryPoint","urlTemplate":"https:\/\/sunbelt.hu\/?s={search_term_string}"},"query-input":{"@type":"PropertyValueSpecification","valueRequired":true,"valueName":"search_term_string"}}],"inLanguage":"en-US"}]}},"_links":{"self":[{"href":"https:\/\/sunbelt.hu\/en\/wp-json\/wp\/v2\/pages\/513","targetHints":{"allow":["GET"]}}],"collection":[{"href":"https:\/\/sunbelt.hu\/en\/wp-json\/wp\/v2\/pages"}],"about":[{"href":"https:\/\/sunbelt.hu\/en\/wp-json\/wp\/v2\/types\/page"}],"author":[{"embeddable":true,"href":"https:\/\/sunbelt.hu\/en\/wp-json\/wp\/v2\/users\/4"}],"replies":[{"embeddable":true,"href":"https:\/\/sunbelt.hu\/en\/wp-json\/wp\/v2\/comments?post=513"}],"version-history":[{"count":2,"href":"https:\/\/sunbelt.hu\/en\/wp-json\/wp\/v2\/pages\/513\/revisions"}],"predecessor-version":[{"id":734,"href":"https:\/\/sunbelt.hu\/en\/wp-json\/wp\/v2\/pages\/513\/revisions\/734"}],"up":[{"embeddable":true,"href":"https:\/\/sunbelt.hu\/en\/wp-json\/wp\/v2\/pages\/509"}],"wp:featuredmedia":[{"embeddable":true,"href":"https:\/\/sunbelt.hu\/en\/wp-json\/wp\/v2\/media\/110"}],"wp:attachment":[{"href":"https:\/\/sunbelt.hu\/en\/wp-json\/wp\/v2\/media?parent=513"}],"curies":[{"name":"wp","href":"https:\/\/api.w.org\/{rel}","templated":true}]}}