{"id":511,"date":"2016-07-29T13:20:16","date_gmt":"2016-07-29T13:20:16","guid":{"rendered":"https:\/\/sunbelt.hu\/?page_id=511&#038;lang=en"},"modified":"2016-08-18T08:58:10","modified_gmt":"2016-08-18T06:58:10","slug":"stock-inventory-management","status":"publish","type":"page","link":"https:\/\/sunbelt.hu\/en\/services\/stock-inventory-management\/","title":{"rendered":"Stock and inventory management"},"content":{"rendered":"<p>You must have thought about\u00a0<strong>how to free capacities<\/strong>\u00a0in certain fields of your company\u2019s operations. If you trust us with your stock and warehouse management tasks, you can devote your time and energy to other strategically important areas.<\/p>\n<p>All you have to do is follow these simple steps:<\/p>\n<ul>\n<li>Provide us with an annual forecast of the products you use within a given time<\/li>\n<li>Define the scope of products you wish to store in our warehouse<\/li>\n<\/ul>\n<p>We will then:<\/p>\n<ul>\n<li>Identify the optimal supplier and procure your products for you based on your forecast<\/li>\n<li>Continuously maintain the required level of inventory in our warehouse<\/li>\n<li>Deliver or ship your products to you when you need them with no wait time\/lead time<\/li>\n<\/ul>\n<p>If you consider it necessary, according to our agreement,\u00a0<strong>we can also set up several checkpoints in the process<\/strong>\u00a0\u2013 which means that control will remain in your hand, and\u00a0<strong>we will only remove the unnecessary burdens from your shoulders so that your company can operate without any disturbance<\/strong>.<\/p>\n<p>&nbsp;<\/p>\n<p><img loading=\"lazy\" decoding=\"async\" class=\"alignnone size-full wp-image-299\" src=\"https:\/\/sunbelt.hu\/wp-content\/uploads\/2016\/05\/sunbelt_keszlet_es_raktarmenedzsment.jpg\" alt=\"sunbelt_keszlet_es_raktarmenedzsment\" width=\"900\" height=\"599\" srcset=\"https:\/\/sunbelt.hu\/wp-content\/uploads\/2016\/05\/sunbelt_keszlet_es_raktarmenedzsment.jpg 900w, https:\/\/sunbelt.hu\/wp-content\/uploads\/2016\/05\/sunbelt_keszlet_es_raktarmenedzsment-300x200.jpg 300w, https:\/\/sunbelt.hu\/wp-content\/uploads\/2016\/05\/sunbelt_keszlet_es_raktarmenedzsment-768x511.jpg 768w\" sizes=\"auto, (max-width: 900px) 100vw, 900px\" \/><\/p>\n<p>&nbsp;<\/p>\n","protected":false},"excerpt":{"rendered":"<p>You must have thought about\u00a0how to free capacities\u00a0in certain fields of your company\u2019s operations. If you trust us with your stock and warehouse management tasks, you can devote your time and energy to other strategically important areas. All you have to do is follow these simple steps: Provide us with an annual forecast of the [&hellip;]<\/p>\n","protected":false},"author":4,"featured_media":107,"parent":509,"menu_order":50,"comment_status":"closed","ping_status":"closed","template":"","meta":{"_acf_changed":false,"footnotes":""},"class_list":["post-511","page","type-page","status-publish","has-post-thumbnail","hentry"],"acf":[],"yoast_head":"<!-- This site is optimized with the Yoast SEO plugin v26.1.1 - https:\/\/yoast.com\/wordpress\/plugins\/seo\/ -->\n<title>Stock and inventory management - Sunbelt<\/title>\n<meta name=\"robots\" content=\"index, follow, max-snippet:-1, max-image-preview:large, max-video-preview:-1\" \/>\n<link rel=\"canonical\" href=\"https:\/\/sunbelt.hu\/en\/services\/stock-inventory-management\/\" \/>\n<meta property=\"og:locale\" content=\"en_US\" \/>\n<meta property=\"og:type\" content=\"article\" \/>\n<meta property=\"og:title\" content=\"Stock and inventory management - Sunbelt\" \/>\n<meta property=\"og:description\" content=\"You must have thought about\u00a0how to free capacities\u00a0in certain fields of your company\u2019s operations. If you trust us with your stock and warehouse management tasks, you can devote your time and energy to other strategically important areas. All you have to do is follow these simple steps: Provide us with an annual forecast of the [&hellip;]\" \/>\n<meta property=\"og:url\" content=\"https:\/\/sunbelt.hu\/en\/services\/stock-inventory-management\/\" \/>\n<meta property=\"og:site_name\" content=\"Sunbelt\" \/>\n<meta property=\"article:modified_time\" content=\"2016-08-18T06:58:10+00:00\" \/>\n<meta property=\"og:image\" content=\"https:\/\/sunbelt.hu\/wp-content\/uploads\/2016\/05\/szolgaltatas-1-1.jpg\" \/>\n\t<meta property=\"og:image:width\" content=\"300\" \/>\n\t<meta property=\"og:image:height\" content=\"300\" \/>\n\t<meta property=\"og:image:type\" content=\"image\/jpeg\" \/>\n<meta name=\"twitter:card\" content=\"summary_large_image\" \/>\n<meta name=\"twitter:label1\" content=\"Est. reading time\" \/>\n\t<meta name=\"twitter:data1\" content=\"1 minute\" \/>\n<script type=\"application\/ld+json\" class=\"yoast-schema-graph\">{\"@context\":\"https:\/\/schema.org\",\"@graph\":[{\"@type\":\"WebPage\",\"@id\":\"https:\/\/sunbelt.hu\/en\/services\/stock-inventory-management\/\",\"url\":\"https:\/\/sunbelt.hu\/en\/services\/stock-inventory-management\/\",\"name\":\"Stock and inventory management - Sunbelt\",\"isPartOf\":{\"@id\":\"https:\/\/sunbelt.hu\/#website\"},\"primaryImageOfPage\":{\"@id\":\"https:\/\/sunbelt.hu\/en\/services\/stock-inventory-management\/#primaryimage\"},\"image\":{\"@id\":\"https:\/\/sunbelt.hu\/en\/services\/stock-inventory-management\/#primaryimage\"},\"thumbnailUrl\":\"https:\/\/sunbelt.hu\/wp-content\/uploads\/2016\/05\/szolgaltatas-1-1.jpg\",\"datePublished\":\"2016-07-29T13:20:16+00:00\",\"dateModified\":\"2016-08-18T06:58:10+00:00\",\"breadcrumb\":{\"@id\":\"https:\/\/sunbelt.hu\/en\/services\/stock-inventory-management\/#breadcrumb\"},\"inLanguage\":\"en-US\",\"potentialAction\":[{\"@type\":\"ReadAction\",\"target\":[\"https:\/\/sunbelt.hu\/en\/services\/stock-inventory-management\/\"]}]},{\"@type\":\"ImageObject\",\"inLanguage\":\"en-US\",\"@id\":\"https:\/\/sunbelt.hu\/en\/services\/stock-inventory-management\/#primaryimage\",\"url\":\"https:\/\/sunbelt.hu\/wp-content\/uploads\/2016\/05\/szolgaltatas-1-1.jpg\",\"contentUrl\":\"https:\/\/sunbelt.hu\/wp-content\/uploads\/2016\/05\/szolgaltatas-1-1.jpg\",\"width\":300,\"height\":300},{\"@type\":\"BreadcrumbList\",\"@id\":\"https:\/\/sunbelt.hu\/en\/services\/stock-inventory-management\/#breadcrumb\",\"itemListElement\":[{\"@type\":\"ListItem\",\"position\":1,\"name\":\"Home\",\"item\":\"https:\/\/sunbelt.hu\/\"},{\"@type\":\"ListItem\",\"position\":2,\"name\":\"Make your company\u2019s procurements more efficient\",\"item\":\"https:\/\/sunbelt.hu\/en\/services\/\"},{\"@type\":\"ListItem\",\"position\":3,\"name\":\"Stock and inventory management\"}]},{\"@type\":\"WebSite\",\"@id\":\"https:\/\/sunbelt.hu\/#website\",\"url\":\"https:\/\/sunbelt.hu\/\",\"name\":\"Sunbelt\",\"description\":\"Beszerz\u00e9s- \u00e9s rakt\u00e1rmenedzsment\",\"potentialAction\":[{\"@type\":\"SearchAction\",\"target\":{\"@type\":\"EntryPoint\",\"urlTemplate\":\"https:\/\/sunbelt.hu\/?s={search_term_string}\"},\"query-input\":{\"@type\":\"PropertyValueSpecification\",\"valueRequired\":true,\"valueName\":\"search_term_string\"}}],\"inLanguage\":\"en-US\"}]}<\/script>\n<!-- \/ Yoast SEO plugin. -->","yoast_head_json":{"title":"Stock and inventory management - Sunbelt","robots":{"index":"index","follow":"follow","max-snippet":"max-snippet:-1","max-image-preview":"max-image-preview:large","max-video-preview":"max-video-preview:-1"},"canonical":"https:\/\/sunbelt.hu\/en\/services\/stock-inventory-management\/","og_locale":"en_US","og_type":"article","og_title":"Stock and inventory management - Sunbelt","og_description":"You must have thought about\u00a0how to free capacities\u00a0in certain fields of your company\u2019s operations. If you trust us with your stock and warehouse management tasks, you can devote your time and energy to other strategically important areas. All you have to do is follow these simple steps: Provide us with an annual forecast of the [&hellip;]","og_url":"https:\/\/sunbelt.hu\/en\/services\/stock-inventory-management\/","og_site_name":"Sunbelt","article_modified_time":"2016-08-18T06:58:10+00:00","og_image":[{"width":300,"height":300,"url":"https:\/\/sunbelt.hu\/wp-content\/uploads\/2016\/05\/szolgaltatas-1-1.jpg","type":"image\/jpeg"}],"twitter_card":"summary_large_image","twitter_misc":{"Est. reading time":"1 minute"},"schema":{"@context":"https:\/\/schema.org","@graph":[{"@type":"WebPage","@id":"https:\/\/sunbelt.hu\/en\/services\/stock-inventory-management\/","url":"https:\/\/sunbelt.hu\/en\/services\/stock-inventory-management\/","name":"Stock and inventory management - Sunbelt","isPartOf":{"@id":"https:\/\/sunbelt.hu\/#website"},"primaryImageOfPage":{"@id":"https:\/\/sunbelt.hu\/en\/services\/stock-inventory-management\/#primaryimage"},"image":{"@id":"https:\/\/sunbelt.hu\/en\/services\/stock-inventory-management\/#primaryimage"},"thumbnailUrl":"https:\/\/sunbelt.hu\/wp-content\/uploads\/2016\/05\/szolgaltatas-1-1.jpg","datePublished":"2016-07-29T13:20:16+00:00","dateModified":"2016-08-18T06:58:10+00:00","breadcrumb":{"@id":"https:\/\/sunbelt.hu\/en\/services\/stock-inventory-management\/#breadcrumb"},"inLanguage":"en-US","potentialAction":[{"@type":"ReadAction","target":["https:\/\/sunbelt.hu\/en\/services\/stock-inventory-management\/"]}]},{"@type":"ImageObject","inLanguage":"en-US","@id":"https:\/\/sunbelt.hu\/en\/services\/stock-inventory-management\/#primaryimage","url":"https:\/\/sunbelt.hu\/wp-content\/uploads\/2016\/05\/szolgaltatas-1-1.jpg","contentUrl":"https:\/\/sunbelt.hu\/wp-content\/uploads\/2016\/05\/szolgaltatas-1-1.jpg","width":300,"height":300},{"@type":"BreadcrumbList","@id":"https:\/\/sunbelt.hu\/en\/services\/stock-inventory-management\/#breadcrumb","itemListElement":[{"@type":"ListItem","position":1,"name":"Home","item":"https:\/\/sunbelt.hu\/"},{"@type":"ListItem","position":2,"name":"Make your company\u2019s procurements more efficient","item":"https:\/\/sunbelt.hu\/en\/services\/"},{"@type":"ListItem","position":3,"name":"Stock and inventory management"}]},{"@type":"WebSite","@id":"https:\/\/sunbelt.hu\/#website","url":"https:\/\/sunbelt.hu\/","name":"Sunbelt","description":"Beszerz\u00e9s- \u00e9s rakt\u00e1rmenedzsment","potentialAction":[{"@type":"SearchAction","target":{"@type":"EntryPoint","urlTemplate":"https:\/\/sunbelt.hu\/?s={search_term_string}"},"query-input":{"@type":"PropertyValueSpecification","valueRequired":true,"valueName":"search_term_string"}}],"inLanguage":"en-US"}]}},"_links":{"self":[{"href":"https:\/\/sunbelt.hu\/en\/wp-json\/wp\/v2\/pages\/511","targetHints":{"allow":["GET"]}}],"collection":[{"href":"https:\/\/sunbelt.hu\/en\/wp-json\/wp\/v2\/pages"}],"about":[{"href":"https:\/\/sunbelt.hu\/en\/wp-json\/wp\/v2\/types\/page"}],"author":[{"embeddable":true,"href":"https:\/\/sunbelt.hu\/en\/wp-json\/wp\/v2\/users\/4"}],"replies":[{"embeddable":true,"href":"https:\/\/sunbelt.hu\/en\/wp-json\/wp\/v2\/comments?post=511"}],"version-history":[{"count":2,"href":"https:\/\/sunbelt.hu\/en\/wp-json\/wp\/v2\/pages\/511\/revisions"}],"predecessor-version":[{"id":733,"href":"https:\/\/sunbelt.hu\/en\/wp-json\/wp\/v2\/pages\/511\/revisions\/733"}],"up":[{"embeddable":true,"href":"https:\/\/sunbelt.hu\/en\/wp-json\/wp\/v2\/pages\/509"}],"wp:featuredmedia":[{"embeddable":true,"href":"https:\/\/sunbelt.hu\/en\/wp-json\/wp\/v2\/media\/107"}],"wp:attachment":[{"href":"https:\/\/sunbelt.hu\/en\/wp-json\/wp\/v2\/media?parent=511"}],"curies":[{"name":"wp","href":"https:\/\/api.w.org\/{rel}","templated":true}]}}