{"id":509,"date":"2016-07-29T13:18:01","date_gmt":"2016-07-29T13:18:01","guid":{"rendered":"https:\/\/sunbelt.hu\/?page_id=509&#038;lang=en"},"modified":"2016-08-18T08:57:31","modified_gmt":"2016-08-18T06:57:31","slug":"services","status":"publish","type":"page","link":"https:\/\/sunbelt.hu\/en\/services\/","title":{"rendered":"Make your company\u2019s procurements more efficient"},"content":{"rendered":"<p>We have shaped and developed the scope of our services from the very beginning in a way to best satisfy the changing needs of our partners.<\/p>\n<p><strong>Would you like to make your company\u2019s procurement activities more efficient?<\/strong><\/p>\n<p>Find out about our services which can make significant savings of time and energy for you and your company.<\/p>\n<p>&nbsp;<\/p>\n<p><img loading=\"lazy\" decoding=\"async\" class=\"alignnone size-full wp-image-200\" src=\"https:\/\/sunbelt.hu\/wp-content\/uploads\/2016\/05\/sunbelt_szolgaltatas.jpg\" alt=\"sunbelt szolgaltatas\" width=\"900\" height=\"599\" srcset=\"https:\/\/sunbelt.hu\/wp-content\/uploads\/2016\/05\/sunbelt_szolgaltatas.jpg 900w, https:\/\/sunbelt.hu\/wp-content\/uploads\/2016\/05\/sunbelt_szolgaltatas-300x200.jpg 300w, https:\/\/sunbelt.hu\/wp-content\/uploads\/2016\/05\/sunbelt_szolgaltatas-768x511.jpg 768w\" sizes=\"auto, (max-width: 900px) 100vw, 900px\" \/><\/p>\n<p>&nbsp;<\/p>\n","protected":false},"excerpt":{"rendered":"<p>We have shaped and developed the scope of our services from the very beginning in a way to best satisfy the changing needs of our partners. Would you like to make your company\u2019s procurement activities more efficient? Find out about our services which can make significant savings of time and energy for you and your [&hellip;]<\/p>\n","protected":false},"author":4,"featured_media":0,"parent":0,"menu_order":46,"comment_status":"closed","ping_status":"closed","template":"","meta":{"_acf_changed":false,"footnotes":""},"class_list":["post-509","page","type-page","status-publish","hentry"],"acf":[],"yoast_head":"<!-- This site is optimized with the Yoast SEO plugin v26.1.1 - https:\/\/yoast.com\/wordpress\/plugins\/seo\/ -->\n<title>Make your company\u2019s procurements more efficient - Sunbelt<\/title>\n<meta name=\"robots\" content=\"index, follow, max-snippet:-1, max-image-preview:large, max-video-preview:-1\" \/>\n<link rel=\"canonical\" href=\"https:\/\/sunbelt.hu\/en\/services\/\" \/>\n<meta property=\"og:locale\" content=\"en_US\" \/>\n<meta property=\"og:type\" content=\"article\" \/>\n<meta property=\"og:title\" content=\"Make your company\u2019s procurements more efficient - Sunbelt\" \/>\n<meta property=\"og:description\" content=\"We have shaped and developed the scope of our services from the very beginning in a way to best satisfy the changing needs of our partners. Would you like to make your company\u2019s procurement activities more efficient? Find out about our services which can make significant savings of time and energy for you and your [&hellip;]\" \/>\n<meta property=\"og:url\" content=\"https:\/\/sunbelt.hu\/en\/services\/\" \/>\n<meta property=\"og:site_name\" content=\"Sunbelt\" \/>\n<meta property=\"article:modified_time\" content=\"2016-08-18T06:57:31+00:00\" \/>\n<meta property=\"og:image\" content=\"https:\/\/sunbelt.hu\/wp-content\/uploads\/2016\/05\/sunbelt_szolgaltatas.jpg\" \/>\n<meta name=\"twitter:card\" content=\"summary_large_image\" \/>\n<script type=\"application\/ld+json\" class=\"yoast-schema-graph\">{\"@context\":\"https:\/\/schema.org\",\"@graph\":[{\"@type\":\"WebPage\",\"@id\":\"https:\/\/sunbelt.hu\/en\/services\/\",\"url\":\"https:\/\/sunbelt.hu\/en\/services\/\",\"name\":\"Make your company\u2019s procurements more efficient - Sunbelt\",\"isPartOf\":{\"@id\":\"https:\/\/sunbelt.hu\/#website\"},\"primaryImageOfPage\":{\"@id\":\"https:\/\/sunbelt.hu\/en\/services\/#primaryimage\"},\"image\":{\"@id\":\"https:\/\/sunbelt.hu\/en\/services\/#primaryimage\"},\"thumbnailUrl\":\"https:\/\/sunbelt.hu\/wp-content\/uploads\/2016\/05\/sunbelt_szolgaltatas.jpg\",\"datePublished\":\"2016-07-29T13:18:01+00:00\",\"dateModified\":\"2016-08-18T06:57:31+00:00\",\"breadcrumb\":{\"@id\":\"https:\/\/sunbelt.hu\/en\/services\/#breadcrumb\"},\"inLanguage\":\"en-US\",\"potentialAction\":[{\"@type\":\"ReadAction\",\"target\":[\"https:\/\/sunbelt.hu\/en\/services\/\"]}]},{\"@type\":\"ImageObject\",\"inLanguage\":\"en-US\",\"@id\":\"https:\/\/sunbelt.hu\/en\/services\/#primaryimage\",\"url\":\"https:\/\/sunbelt.hu\/wp-content\/uploads\/2016\/05\/sunbelt_szolgaltatas.jpg\",\"contentUrl\":\"https:\/\/sunbelt.hu\/wp-content\/uploads\/2016\/05\/sunbelt_szolgaltatas.jpg\"},{\"@type\":\"BreadcrumbList\",\"@id\":\"https:\/\/sunbelt.hu\/en\/services\/#breadcrumb\",\"itemListElement\":[{\"@type\":\"ListItem\",\"position\":1,\"name\":\"Home\",\"item\":\"https:\/\/sunbelt.hu\/\"},{\"@type\":\"ListItem\",\"position\":2,\"name\":\"Make your company\u2019s procurements more efficient\"}]},{\"@type\":\"WebSite\",\"@id\":\"https:\/\/sunbelt.hu\/#website\",\"url\":\"https:\/\/sunbelt.hu\/\",\"name\":\"Sunbelt\",\"description\":\"Beszerz\u00e9s- \u00e9s rakt\u00e1rmenedzsment\",\"potentialAction\":[{\"@type\":\"SearchAction\",\"target\":{\"@type\":\"EntryPoint\",\"urlTemplate\":\"https:\/\/sunbelt.hu\/?s={search_term_string}\"},\"query-input\":{\"@type\":\"PropertyValueSpecification\",\"valueRequired\":true,\"valueName\":\"search_term_string\"}}],\"inLanguage\":\"en-US\"}]}<\/script>\n<!-- \/ Yoast SEO plugin. -->","yoast_head_json":{"title":"Make your company\u2019s procurements more efficient - Sunbelt","robots":{"index":"index","follow":"follow","max-snippet":"max-snippet:-1","max-image-preview":"max-image-preview:large","max-video-preview":"max-video-preview:-1"},"canonical":"https:\/\/sunbelt.hu\/en\/services\/","og_locale":"en_US","og_type":"article","og_title":"Make your company\u2019s procurements more efficient - Sunbelt","og_description":"We have shaped and developed the scope of our services from the very beginning in a way to best satisfy the changing needs of our partners. Would you like to make your company\u2019s procurement activities more efficient? Find out about our services which can make significant savings of time and energy for you and your [&hellip;]","og_url":"https:\/\/sunbelt.hu\/en\/services\/","og_site_name":"Sunbelt","article_modified_time":"2016-08-18T06:57:31+00:00","og_image":[{"url":"https:\/\/sunbelt.hu\/wp-content\/uploads\/2016\/05\/sunbelt_szolgaltatas.jpg","type":"","width":"","height":""}],"twitter_card":"summary_large_image","schema":{"@context":"https:\/\/schema.org","@graph":[{"@type":"WebPage","@id":"https:\/\/sunbelt.hu\/en\/services\/","url":"https:\/\/sunbelt.hu\/en\/services\/","name":"Make your company\u2019s procurements more efficient - Sunbelt","isPartOf":{"@id":"https:\/\/sunbelt.hu\/#website"},"primaryImageOfPage":{"@id":"https:\/\/sunbelt.hu\/en\/services\/#primaryimage"},"image":{"@id":"https:\/\/sunbelt.hu\/en\/services\/#primaryimage"},"thumbnailUrl":"https:\/\/sunbelt.hu\/wp-content\/uploads\/2016\/05\/sunbelt_szolgaltatas.jpg","datePublished":"2016-07-29T13:18:01+00:00","dateModified":"2016-08-18T06:57:31+00:00","breadcrumb":{"@id":"https:\/\/sunbelt.hu\/en\/services\/#breadcrumb"},"inLanguage":"en-US","potentialAction":[{"@type":"ReadAction","target":["https:\/\/sunbelt.hu\/en\/services\/"]}]},{"@type":"ImageObject","inLanguage":"en-US","@id":"https:\/\/sunbelt.hu\/en\/services\/#primaryimage","url":"https:\/\/sunbelt.hu\/wp-content\/uploads\/2016\/05\/sunbelt_szolgaltatas.jpg","contentUrl":"https:\/\/sunbelt.hu\/wp-content\/uploads\/2016\/05\/sunbelt_szolgaltatas.jpg"},{"@type":"BreadcrumbList","@id":"https:\/\/sunbelt.hu\/en\/services\/#breadcrumb","itemListElement":[{"@type":"ListItem","position":1,"name":"Home","item":"https:\/\/sunbelt.hu\/"},{"@type":"ListItem","position":2,"name":"Make your company\u2019s procurements more efficient"}]},{"@type":"WebSite","@id":"https:\/\/sunbelt.hu\/#website","url":"https:\/\/sunbelt.hu\/","name":"Sunbelt","description":"Beszerz\u00e9s- \u00e9s rakt\u00e1rmenedzsment","potentialAction":[{"@type":"SearchAction","target":{"@type":"EntryPoint","urlTemplate":"https:\/\/sunbelt.hu\/?s={search_term_string}"},"query-input":{"@type":"PropertyValueSpecification","valueRequired":true,"valueName":"search_term_string"}}],"inLanguage":"en-US"}]}},"_links":{"self":[{"href":"https:\/\/sunbelt.hu\/en\/wp-json\/wp\/v2\/pages\/509","targetHints":{"allow":["GET"]}}],"collection":[{"href":"https:\/\/sunbelt.hu\/en\/wp-json\/wp\/v2\/pages"}],"about":[{"href":"https:\/\/sunbelt.hu\/en\/wp-json\/wp\/v2\/types\/page"}],"author":[{"embeddable":true,"href":"https:\/\/sunbelt.hu\/en\/wp-json\/wp\/v2\/users\/4"}],"replies":[{"embeddable":true,"href":"https:\/\/sunbelt.hu\/en\/wp-json\/wp\/v2\/comments?post=509"}],"version-history":[{"count":2,"href":"https:\/\/sunbelt.hu\/en\/wp-json\/wp\/v2\/pages\/509\/revisions"}],"predecessor-version":[{"id":732,"href":"https:\/\/sunbelt.hu\/en\/wp-json\/wp\/v2\/pages\/509\/revisions\/732"}],"wp:attachment":[{"href":"https:\/\/sunbelt.hu\/en\/wp-json\/wp\/v2\/media?parent=509"}],"curies":[{"name":"wp","href":"https:\/\/api.w.org\/{rel}","templated":true}]}}