{"id":506,"date":"2016-07-29T13:09:06","date_gmt":"2016-07-29T13:09:06","guid":{"rendered":"https:\/\/sunbelt.hu\/?page_id=506&#038;lang=en"},"modified":"2016-08-18T09:24:43","modified_gmt":"2016-08-18T07:24:43","slug":"about-us","status":"publish","type":"page","link":"https:\/\/sunbelt.hu\/en\/about-us\/","title":{"rendered":"Company-specific solutions, around the clock"},"content":{"rendered":"<p>Sunbelt provides company-specific solutions, around the clock. The procurement departments of manufacturing companies are often overburdened these days. You <u>may<\/u> have experienced <u>this<\/u> yourself.\u00a0 Due to the fixed nature of the internal processes of companies, individual problems are often handled inefficiently.\u00a0 In the meantime, the company wastes precious time and energy, which could have been focused on other processes of strategic importance.<\/p>\n<p>It is often an external observer who can identify and handle these tiny, but very annoying problems. We at Sunbelt believe that by relieving procurement specialists of unnecessary burdens, we allow them to have more time and energy to concentrate on the tasks that really matter.\u00a0 In the long run, this can contribute to the development of the individual and the organization.<\/p>\n<p>We consciously have a small number of customers. Instead of increasing our capacities infinitely, we want to continue to give our customers our utmost attention, 24 hours a day. For working together, we believe, it is indispensable to be available continuously. We want to really understand the challenges our partners face, as this is the only way to find the best solutions for them.<\/p>\n<p>This does not mean that our customers would lose control over the procurement processes and we would take over. We only help to ensure that the internal processes of the company indeed operate smoothly. We do not want to take away other\u2019s jobs \u2013 on the contrary, we add value to it and make it easier.<\/p>\n<p>&nbsp;<\/p>\n<h2><img loading=\"lazy\" decoding=\"async\" class=\"alignnone size-full wp-image-177\" src=\"https:\/\/sunbelt.hu\/wp-content\/uploads\/2016\/05\/rolunk-img.jpg\" alt=\"rolunk-img\" width=\"900\" height=\"538\" srcset=\"https:\/\/sunbelt.hu\/wp-content\/uploads\/2016\/05\/rolunk-img.jpg 900w, https:\/\/sunbelt.hu\/wp-content\/uploads\/2016\/05\/rolunk-img-300x179.jpg 300w, https:\/\/sunbelt.hu\/wp-content\/uploads\/2016\/05\/rolunk-img-768x459.jpg 768w\" sizes=\"auto, (max-width: 900px) 100vw, 900px\" \/><\/h2>\n","protected":false},"excerpt":{"rendered":"<p>Sunbelt provides company-specific solutions, around the clock. The procurement departments of manufacturing companies are often overburdened these days. You may have experienced this yourself.\u00a0 Due to the fixed nature of the internal processes of companies, individual problems are often handled inefficiently.\u00a0 In the meantime, the company wastes precious time and energy, which could have been [&hellip;]<\/p>\n","protected":false},"author":4,"featured_media":0,"parent":0,"menu_order":41,"comment_status":"closed","ping_status":"closed","template":"","meta":{"_acf_changed":false,"footnotes":""},"class_list":["post-506","page","type-page","status-publish","hentry"],"acf":[],"yoast_head":"<!-- This site is optimized with the Yoast SEO plugin v26.1.1 - https:\/\/yoast.com\/wordpress\/plugins\/seo\/ -->\n<title>Company-specific solutions, around the clock - Sunbelt<\/title>\n<meta name=\"robots\" content=\"index, follow, max-snippet:-1, max-image-preview:large, max-video-preview:-1\" \/>\n<link rel=\"canonical\" href=\"https:\/\/sunbelt.hu\/en\/about-us\/\" \/>\n<meta property=\"og:locale\" content=\"en_US\" \/>\n<meta property=\"og:type\" content=\"article\" \/>\n<meta property=\"og:title\" content=\"Company-specific solutions, around the clock - Sunbelt\" \/>\n<meta property=\"og:description\" content=\"Sunbelt provides company-specific solutions, around the clock. The procurement departments of manufacturing companies are often overburdened these days. You may have experienced this yourself.\u00a0 Due to the fixed nature of the internal processes of companies, individual problems are often handled inefficiently.\u00a0 In the meantime, the company wastes precious time and energy, which could have been [&hellip;]\" \/>\n<meta property=\"og:url\" content=\"https:\/\/sunbelt.hu\/en\/about-us\/\" \/>\n<meta property=\"og:site_name\" content=\"Sunbelt\" \/>\n<meta property=\"article:modified_time\" content=\"2016-08-18T07:24:43+00:00\" \/>\n<meta property=\"og:image\" content=\"https:\/\/sunbelt.hu\/wp-content\/uploads\/2016\/05\/rolunk-img.jpg\" \/>\n<meta name=\"twitter:card\" content=\"summary_large_image\" \/>\n<meta name=\"twitter:label1\" content=\"Est. reading time\" \/>\n\t<meta name=\"twitter:data1\" content=\"1 minute\" \/>\n<script type=\"application\/ld+json\" class=\"yoast-schema-graph\">{\"@context\":\"https:\/\/schema.org\",\"@graph\":[{\"@type\":\"WebPage\",\"@id\":\"https:\/\/sunbelt.hu\/en\/about-us\/\",\"url\":\"https:\/\/sunbelt.hu\/en\/about-us\/\",\"name\":\"Company-specific solutions, around the clock - Sunbelt\",\"isPartOf\":{\"@id\":\"https:\/\/sunbelt.hu\/#website\"},\"primaryImageOfPage\":{\"@id\":\"https:\/\/sunbelt.hu\/en\/about-us\/#primaryimage\"},\"image\":{\"@id\":\"https:\/\/sunbelt.hu\/en\/about-us\/#primaryimage\"},\"thumbnailUrl\":\"https:\/\/sunbelt.hu\/wp-content\/uploads\/2016\/05\/rolunk-img.jpg\",\"datePublished\":\"2016-07-29T13:09:06+00:00\",\"dateModified\":\"2016-08-18T07:24:43+00:00\",\"breadcrumb\":{\"@id\":\"https:\/\/sunbelt.hu\/en\/about-us\/#breadcrumb\"},\"inLanguage\":\"en-US\",\"potentialAction\":[{\"@type\":\"ReadAction\",\"target\":[\"https:\/\/sunbelt.hu\/en\/about-us\/\"]}]},{\"@type\":\"ImageObject\",\"inLanguage\":\"en-US\",\"@id\":\"https:\/\/sunbelt.hu\/en\/about-us\/#primaryimage\",\"url\":\"https:\/\/sunbelt.hu\/wp-content\/uploads\/2016\/05\/rolunk-img.jpg\",\"contentUrl\":\"https:\/\/sunbelt.hu\/wp-content\/uploads\/2016\/05\/rolunk-img.jpg\"},{\"@type\":\"BreadcrumbList\",\"@id\":\"https:\/\/sunbelt.hu\/en\/about-us\/#breadcrumb\",\"itemListElement\":[{\"@type\":\"ListItem\",\"position\":1,\"name\":\"Home\",\"item\":\"https:\/\/sunbelt.hu\/\"},{\"@type\":\"ListItem\",\"position\":2,\"name\":\"Company-specific solutions, around the clock\"}]},{\"@type\":\"WebSite\",\"@id\":\"https:\/\/sunbelt.hu\/#website\",\"url\":\"https:\/\/sunbelt.hu\/\",\"name\":\"Sunbelt\",\"description\":\"Beszerz\u00e9s- \u00e9s rakt\u00e1rmenedzsment\",\"potentialAction\":[{\"@type\":\"SearchAction\",\"target\":{\"@type\":\"EntryPoint\",\"urlTemplate\":\"https:\/\/sunbelt.hu\/?s={search_term_string}\"},\"query-input\":{\"@type\":\"PropertyValueSpecification\",\"valueRequired\":true,\"valueName\":\"search_term_string\"}}],\"inLanguage\":\"en-US\"}]}<\/script>\n<!-- \/ Yoast SEO plugin. -->","yoast_head_json":{"title":"Company-specific solutions, around the clock - Sunbelt","robots":{"index":"index","follow":"follow","max-snippet":"max-snippet:-1","max-image-preview":"max-image-preview:large","max-video-preview":"max-video-preview:-1"},"canonical":"https:\/\/sunbelt.hu\/en\/about-us\/","og_locale":"en_US","og_type":"article","og_title":"Company-specific solutions, around the clock - Sunbelt","og_description":"Sunbelt provides company-specific solutions, around the clock. The procurement departments of manufacturing companies are often overburdened these days. You may have experienced this yourself.\u00a0 Due to the fixed nature of the internal processes of companies, individual problems are often handled inefficiently.\u00a0 In the meantime, the company wastes precious time and energy, which could have been [&hellip;]","og_url":"https:\/\/sunbelt.hu\/en\/about-us\/","og_site_name":"Sunbelt","article_modified_time":"2016-08-18T07:24:43+00:00","og_image":[{"url":"https:\/\/sunbelt.hu\/wp-content\/uploads\/2016\/05\/rolunk-img.jpg","type":"","width":"","height":""}],"twitter_card":"summary_large_image","twitter_misc":{"Est. reading time":"1 minute"},"schema":{"@context":"https:\/\/schema.org","@graph":[{"@type":"WebPage","@id":"https:\/\/sunbelt.hu\/en\/about-us\/","url":"https:\/\/sunbelt.hu\/en\/about-us\/","name":"Company-specific solutions, around the clock - Sunbelt","isPartOf":{"@id":"https:\/\/sunbelt.hu\/#website"},"primaryImageOfPage":{"@id":"https:\/\/sunbelt.hu\/en\/about-us\/#primaryimage"},"image":{"@id":"https:\/\/sunbelt.hu\/en\/about-us\/#primaryimage"},"thumbnailUrl":"https:\/\/sunbelt.hu\/wp-content\/uploads\/2016\/05\/rolunk-img.jpg","datePublished":"2016-07-29T13:09:06+00:00","dateModified":"2016-08-18T07:24:43+00:00","breadcrumb":{"@id":"https:\/\/sunbelt.hu\/en\/about-us\/#breadcrumb"},"inLanguage":"en-US","potentialAction":[{"@type":"ReadAction","target":["https:\/\/sunbelt.hu\/en\/about-us\/"]}]},{"@type":"ImageObject","inLanguage":"en-US","@id":"https:\/\/sunbelt.hu\/en\/about-us\/#primaryimage","url":"https:\/\/sunbelt.hu\/wp-content\/uploads\/2016\/05\/rolunk-img.jpg","contentUrl":"https:\/\/sunbelt.hu\/wp-content\/uploads\/2016\/05\/rolunk-img.jpg"},{"@type":"BreadcrumbList","@id":"https:\/\/sunbelt.hu\/en\/about-us\/#breadcrumb","itemListElement":[{"@type":"ListItem","position":1,"name":"Home","item":"https:\/\/sunbelt.hu\/"},{"@type":"ListItem","position":2,"name":"Company-specific solutions, around the clock"}]},{"@type":"WebSite","@id":"https:\/\/sunbelt.hu\/#website","url":"https:\/\/sunbelt.hu\/","name":"Sunbelt","description":"Beszerz\u00e9s- \u00e9s rakt\u00e1rmenedzsment","potentialAction":[{"@type":"SearchAction","target":{"@type":"EntryPoint","urlTemplate":"https:\/\/sunbelt.hu\/?s={search_term_string}"},"query-input":{"@type":"PropertyValueSpecification","valueRequired":true,"valueName":"search_term_string"}}],"inLanguage":"en-US"}]}},"_links":{"self":[{"href":"https:\/\/sunbelt.hu\/en\/wp-json\/wp\/v2\/pages\/506","targetHints":{"allow":["GET"]}}],"collection":[{"href":"https:\/\/sunbelt.hu\/en\/wp-json\/wp\/v2\/pages"}],"about":[{"href":"https:\/\/sunbelt.hu\/en\/wp-json\/wp\/v2\/types\/page"}],"author":[{"embeddable":true,"href":"https:\/\/sunbelt.hu\/en\/wp-json\/wp\/v2\/users\/4"}],"replies":[{"embeddable":true,"href":"https:\/\/sunbelt.hu\/en\/wp-json\/wp\/v2\/comments?post=506"}],"version-history":[{"count":8,"href":"https:\/\/sunbelt.hu\/en\/wp-json\/wp\/v2\/pages\/506\/revisions"}],"predecessor-version":[{"id":749,"href":"https:\/\/sunbelt.hu\/en\/wp-json\/wp\/v2\/pages\/506\/revisions\/749"}],"wp:attachment":[{"href":"https:\/\/sunbelt.hu\/en\/wp-json\/wp\/v2\/media?parent=506"}],"curies":[{"name":"wp","href":"https:\/\/api.w.org\/{rel}","templated":true}]}}