{"id":651,"date":"2016-08-02T07:33:33","date_gmt":"2016-08-02T05:33:33","guid":{"rendered":"https:\/\/sunbelt.hu\/de\/?page_id=651"},"modified":"2017-02-22T09:00:57","modified_gmt":"2017-02-22T08:00:57","slug":"zufriedenheit","status":"publish","type":"page","link":"https:\/\/sunbelt.hu\/de\/zufriedenheit\/","title":{"rendered":"Zufriedenheit"},"content":{"rendered":"<h3>\u00a0<img loading=\"lazy\" decoding=\"async\" class=\" wp-image-859 aligncenter\" src=\"https:\/\/sunbelt.hu\/wp-content\/uploads\/2016\/05\/ni2-300x188.png\" alt=\"ni2\" width=\"552\" height=\"346\" srcset=\"https:\/\/sunbelt.hu\/wp-content\/uploads\/2016\/05\/ni2-300x188.png 300w, https:\/\/sunbelt.hu\/wp-content\/uploads\/2016\/05\/ni2.png 526w\" sizes=\"auto, (max-width: 552px) 100vw, 552px\" \/><\/h3>\n<p>&nbsp;<\/p>\n<p><img loading=\"lazy\" decoding=\"async\" class=\"wp-image-710 aligncenter\" src=\"https:\/\/sunbelt.hu\/wp-content\/uploads\/2016\/08\/zollner-300x180.png\" alt=\"zollner\" width=\"552\" height=\"331\" srcset=\"https:\/\/sunbelt.hu\/wp-content\/uploads\/2016\/08\/zollner-300x180.png 300w, https:\/\/sunbelt.hu\/wp-content\/uploads\/2016\/08\/zollner.png 480w\" sizes=\"auto, (max-width: 552px) 100vw, 552px\" \/><\/p>\n<p>&nbsp;<\/p>\n<p><img loading=\"lazy\" decoding=\"async\" class=\" wp-image-868 aligncenter\" src=\"https:\/\/sunbelt.hu\/wp-content\/uploads\/2016\/05\/preccast2017-300x201.png\" alt=\"preccast2017\" width=\"552\" height=\"370\" srcset=\"https:\/\/sunbelt.hu\/wp-content\/uploads\/2016\/05\/preccast2017-300x201.png 300w, https:\/\/sunbelt.hu\/wp-content\/uploads\/2016\/05\/preccast2017.png 532w\" sizes=\"auto, (max-width: 552px) 100vw, 552px\" \/><\/p>\n<p>&nbsp;<\/p>\n<p>&nbsp;<\/p>\n<p>&nbsp;<\/p>\n","protected":false},"excerpt":{"rendered":"<p>\u00a0 &nbsp; &nbsp; &nbsp; &nbsp; &nbsp;<\/p>\n","protected":false},"author":5,"featured_media":0,"parent":0,"menu_order":29,"comment_status":"closed","ping_status":"closed","template":"","meta":{"_acf_changed":false,"footnotes":""},"class_list":["post-651","page","type-page","status-publish","hentry"],"acf":[],"yoast_head":"<!-- This site is optimized with the Yoast SEO plugin v26.1.1 - https:\/\/yoast.com\/wordpress\/plugins\/seo\/ -->\n<title>Zufriedenheit - Sunbelt<\/title>\n<meta name=\"robots\" content=\"index, follow, max-snippet:-1, max-image-preview:large, max-video-preview:-1\" \/>\n<link rel=\"canonical\" href=\"https:\/\/sunbelt.hu\/de\/zufriedenheit\/\" \/>\n<meta property=\"og:locale\" content=\"de_DE\" \/>\n<meta property=\"og:type\" content=\"article\" \/>\n<meta property=\"og:title\" content=\"Zufriedenheit - Sunbelt\" \/>\n<meta property=\"og:description\" content=\"\u00a0 &nbsp; &nbsp; &nbsp; &nbsp; &nbsp;\" \/>\n<meta property=\"og:url\" content=\"https:\/\/sunbelt.hu\/de\/zufriedenheit\/\" \/>\n<meta property=\"og:site_name\" content=\"Sunbelt\" \/>\n<meta property=\"article:modified_time\" content=\"2017-02-22T08:00:57+00:00\" \/>\n<meta property=\"og:image\" content=\"https:\/\/sunbelt.hu\/wp-content\/uploads\/2016\/05\/ni2-300x188.png\" \/>\n<meta name=\"twitter:card\" content=\"summary_large_image\" \/>\n<script type=\"application\/ld+json\" class=\"yoast-schema-graph\">{\"@context\":\"https:\/\/schema.org\",\"@graph\":[{\"@type\":\"WebPage\",\"@id\":\"https:\/\/sunbelt.hu\/de\/zufriedenheit\/\",\"url\":\"https:\/\/sunbelt.hu\/de\/zufriedenheit\/\",\"name\":\"Zufriedenheit - Sunbelt\",\"isPartOf\":{\"@id\":\"https:\/\/sunbelt.hu\/#website\"},\"primaryImageOfPage\":{\"@id\":\"https:\/\/sunbelt.hu\/de\/zufriedenheit\/#primaryimage\"},\"image\":{\"@id\":\"https:\/\/sunbelt.hu\/de\/zufriedenheit\/#primaryimage\"},\"thumbnailUrl\":\"https:\/\/sunbelt.hu\/wp-content\/uploads\/2016\/05\/ni2-300x188.png\",\"datePublished\":\"2016-08-02T05:33:33+00:00\",\"dateModified\":\"2017-02-22T08:00:57+00:00\",\"breadcrumb\":{\"@id\":\"https:\/\/sunbelt.hu\/de\/zufriedenheit\/#breadcrumb\"},\"inLanguage\":\"de\",\"potentialAction\":[{\"@type\":\"ReadAction\",\"target\":[\"https:\/\/sunbelt.hu\/de\/zufriedenheit\/\"]}]},{\"@type\":\"ImageObject\",\"inLanguage\":\"de\",\"@id\":\"https:\/\/sunbelt.hu\/de\/zufriedenheit\/#primaryimage\",\"url\":\"https:\/\/sunbelt.hu\/wp-content\/uploads\/2016\/05\/ni2-300x188.png\",\"contentUrl\":\"https:\/\/sunbelt.hu\/wp-content\/uploads\/2016\/05\/ni2-300x188.png\"},{\"@type\":\"BreadcrumbList\",\"@id\":\"https:\/\/sunbelt.hu\/de\/zufriedenheit\/#breadcrumb\",\"itemListElement\":[{\"@type\":\"ListItem\",\"position\":1,\"name\":\"Home\",\"item\":\"https:\/\/sunbelt.hu\/\"},{\"@type\":\"ListItem\",\"position\":2,\"name\":\"Zufriedenheit\"}]},{\"@type\":\"WebSite\",\"@id\":\"https:\/\/sunbelt.hu\/#website\",\"url\":\"https:\/\/sunbelt.hu\/\",\"name\":\"Sunbelt\",\"description\":\"Beszerz\u00e9s- \u00e9s rakt\u00e1rmenedzsment\",\"potentialAction\":[{\"@type\":\"SearchAction\",\"target\":{\"@type\":\"EntryPoint\",\"urlTemplate\":\"https:\/\/sunbelt.hu\/?s={search_term_string}\"},\"query-input\":{\"@type\":\"PropertyValueSpecification\",\"valueRequired\":true,\"valueName\":\"search_term_string\"}}],\"inLanguage\":\"de\"}]}<\/script>\n<!-- \/ Yoast SEO plugin. -->","yoast_head_json":{"title":"Zufriedenheit - Sunbelt","robots":{"index":"index","follow":"follow","max-snippet":"max-snippet:-1","max-image-preview":"max-image-preview:large","max-video-preview":"max-video-preview:-1"},"canonical":"https:\/\/sunbelt.hu\/de\/zufriedenheit\/","og_locale":"de_DE","og_type":"article","og_title":"Zufriedenheit - Sunbelt","og_description":"\u00a0 &nbsp; &nbsp; &nbsp; &nbsp; &nbsp;","og_url":"https:\/\/sunbelt.hu\/de\/zufriedenheit\/","og_site_name":"Sunbelt","article_modified_time":"2017-02-22T08:00:57+00:00","og_image":[{"url":"https:\/\/sunbelt.hu\/wp-content\/uploads\/2016\/05\/ni2-300x188.png","type":"","width":"","height":""}],"twitter_card":"summary_large_image","schema":{"@context":"https:\/\/schema.org","@graph":[{"@type":"WebPage","@id":"https:\/\/sunbelt.hu\/de\/zufriedenheit\/","url":"https:\/\/sunbelt.hu\/de\/zufriedenheit\/","name":"Zufriedenheit - Sunbelt","isPartOf":{"@id":"https:\/\/sunbelt.hu\/#website"},"primaryImageOfPage":{"@id":"https:\/\/sunbelt.hu\/de\/zufriedenheit\/#primaryimage"},"image":{"@id":"https:\/\/sunbelt.hu\/de\/zufriedenheit\/#primaryimage"},"thumbnailUrl":"https:\/\/sunbelt.hu\/wp-content\/uploads\/2016\/05\/ni2-300x188.png","datePublished":"2016-08-02T05:33:33+00:00","dateModified":"2017-02-22T08:00:57+00:00","breadcrumb":{"@id":"https:\/\/sunbelt.hu\/de\/zufriedenheit\/#breadcrumb"},"inLanguage":"de","potentialAction":[{"@type":"ReadAction","target":["https:\/\/sunbelt.hu\/de\/zufriedenheit\/"]}]},{"@type":"ImageObject","inLanguage":"de","@id":"https:\/\/sunbelt.hu\/de\/zufriedenheit\/#primaryimage","url":"https:\/\/sunbelt.hu\/wp-content\/uploads\/2016\/05\/ni2-300x188.png","contentUrl":"https:\/\/sunbelt.hu\/wp-content\/uploads\/2016\/05\/ni2-300x188.png"},{"@type":"BreadcrumbList","@id":"https:\/\/sunbelt.hu\/de\/zufriedenheit\/#breadcrumb","itemListElement":[{"@type":"ListItem","position":1,"name":"Home","item":"https:\/\/sunbelt.hu\/"},{"@type":"ListItem","position":2,"name":"Zufriedenheit"}]},{"@type":"WebSite","@id":"https:\/\/sunbelt.hu\/#website","url":"https:\/\/sunbelt.hu\/","name":"Sunbelt","description":"Beszerz\u00e9s- \u00e9s rakt\u00e1rmenedzsment","potentialAction":[{"@type":"SearchAction","target":{"@type":"EntryPoint","urlTemplate":"https:\/\/sunbelt.hu\/?s={search_term_string}"},"query-input":{"@type":"PropertyValueSpecification","valueRequired":true,"valueName":"search_term_string"}}],"inLanguage":"de"}]}},"_links":{"self":[{"href":"https:\/\/sunbelt.hu\/de\/wp-json\/wp\/v2\/pages\/651","targetHints":{"allow":["GET"]}}],"collection":[{"href":"https:\/\/sunbelt.hu\/de\/wp-json\/wp\/v2\/pages"}],"about":[{"href":"https:\/\/sunbelt.hu\/de\/wp-json\/wp\/v2\/types\/page"}],"author":[{"embeddable":true,"href":"https:\/\/sunbelt.hu\/de\/wp-json\/wp\/v2\/users\/5"}],"replies":[{"embeddable":true,"href":"https:\/\/sunbelt.hu\/de\/wp-json\/wp\/v2\/comments?post=651"}],"version-history":[{"count":6,"href":"https:\/\/sunbelt.hu\/de\/wp-json\/wp\/v2\/pages\/651\/revisions"}],"predecessor-version":[{"id":871,"href":"https:\/\/sunbelt.hu\/de\/wp-json\/wp\/v2\/pages\/651\/revisions\/871"}],"wp:attachment":[{"href":"https:\/\/sunbelt.hu\/de\/wp-json\/wp\/v2\/media?parent=651"}],"curies":[{"name":"wp","href":"https:\/\/api.w.org\/{rel}","templated":true}]}}