{"id":643,"date":"2016-08-02T06:43:53","date_gmt":"2016-08-02T04:43:53","guid":{"rendered":"https:\/\/sunbelt.hu\/de\/?page_id=643"},"modified":"2016-08-02T13:31:08","modified_gmt":"2016-08-02T11:31:08","slug":"praktische-informationen","status":"publish","type":"page","link":"https:\/\/sunbelt.hu\/de\/praktische-informationen\/","title":{"rendered":"Praktische Informationen"},"content":{"rendered":"<h3>A let\u00f6lthet\u0151 dokumentumban 10+1 pontot hasznos tudnival\u00f3t olvashat el, ezek k\u00f6z\u00fcl kiemeln\u00e9nk 3 fontos tudnival\u00f3t.\u00a0<\/h3>\n<h2>Min\u0151s\u00e9g-ellen\u0151rz\u00e9s<\/h2>\n<p>Ha k\u00f6zvetlen\u00fcl a gy\u00e1rt\u00f3t\u00f3l rendel, a min\u0151s\u00e9g-ellen\u0151rz\u00e9s a pr\u00f3bagy\u00e1rt\u00e1s sor\u00e1n az eg\u00e9sz ell\u00e1t\u00e1si l\u00e1ncra kiterjed.<br \/> Sorozatgy\u00e1rt\u00e1sn\u00e1l d\u00f6nthet \u00fagy, hogy a gy\u00e1rt\u00f3i min\u0151s\u00e9gbiztos\u00edt\u00e1si rendszert alkalmazza, amely lehet\u0151v\u00e9 teszi a beavatkoz\u00e1st az adott ellen\u0151rz\u00e9si pontokn\u00e1l. Ha viszont \u00fagy d\u00f6nt, hogy egy beszerz\u00e9s- \u00e9s rakt\u00e1rmenedzsment szolg\u00e1ltat\u00f3 c\u00e9g seg\u00edts\u00e9g\u00e9t veszi ig\u00e9nybe,<\/p>\n<p><strong>akkor a gy\u00e1rt\u00f3i min\u0151s\u00e9g-ellen\u0151rz\u00e9sen t\u00fal, a sorozatgy\u00e1rt\u00e1sba ker\u00fcl\u0151 term\u00e9kekn\u00e9l lehet\u0151s\u00e9ge van az \u00d6n\u00f6k min\u0151s\u00e9gbiztos\u00edt\u00e1si rendszer\u00e9nek alkalmaz\u00e1s\u00e1ra, mely a rakt\u00e1ron l\u00e9v\u0151 k\u00e9szletre is kiterjeszthet\u0151. Ez\u00e1ltal a megrendel\u0151i leh\u00edv\u00e1s el\u0151tt lehet\u0151v\u00e9 v\u00e1lik a hib\u00e1s term\u00e9kek kezel\u00e9se.<\/strong><\/p>\n<h2>Ell\u00e1t\u00e1si biztons\u00e1g<\/h2>\n<p>K\u00f6zvetlen gy\u00e1rt\u00f3i kapcsolat sor\u00e1n lehet\u0151s\u00e9g van a szerz\u0151d\u00f6tt mennyis\u00e9ghez kapcsol\u00f3d\u00f3 \u00e1rgaranci\u00e1ra, valamint csereterm\u00e9k gy\u00e1rtat\u00e1s\u00e1ra, amennyiben hib\u00e1san \u00e9rkezik egy adott term\u00e9k. Minderre a k\u00f6zvetett beszerz\u00e9s sor\u00e1n is sor ker\u00fcl, \u00e1m ebben az esetben a hib\u00e1s term\u00e9kek kezel\u00e9se a besz\u00e1ll\u00edt\u00f3n kereszt\u00fcl t\u00f6rt\u00e9nik, gy\u00e1rt\u00f3t\u00f3l f\u00fcggetlen, azonos sz\u00ednvonal\u00fa szolg\u00e1ltat\u00e1st ny\u00fajtva.<\/p>\n<p><strong>Ilyenkor az adminisztr\u00e1ci\u00f3s terheket teljes eg\u00e9sz\u00e9ben a besz\u00e1ll\u00edt\u00f3 viseli,<\/strong><\/p>\n<p>a gy\u00e1rt\u00e1sbiztons\u00e1got pedig a min\u0151s\u00e9gbiztos\u00edt\u00e1si rendszeren t\u00fal a FIFO (First In First Out) \u00e9s a LOT (gy\u00e1rt\u00e1si t\u00e9telsz\u00e1m azonos\u00edt\u00f3) kombin\u00e1lt alkalmaz\u00e1s\u00e1val garant\u00e1lja.<\/p>\n<h2>V\u00e1mkezel\u00e9s<\/h2>\n<p>Ha a gy\u00e1rt\u00e1shoz sz\u00fcks\u00e9ges alkatr\u00e9szek csup\u00e1n harmadik orsz\u00e1gb\u00f3l szerezhet\u0151ek be, a rakt\u00e1rmenedzsmenttel foglalkoz\u00f3 szolg\u00e1ltat\u00f3 c\u00e9gek szabadforgalomba helyezett term\u00e9keket biztos\u00edtanak az \u00d6n sz\u00e1m\u00e1ra.<\/p>\n<p><strong>Ezen fel\u00fcl az egy\u00e9b forgalomba helyez\u00e9shez sz\u00fcks\u00e9ges \u00fcgyint\u00e9z\u00e9seket, dokument\u00e1ci\u00f3kat is biztos\u00edtj\u00e1k, \u00edgy nem kell bajl\u00f3dnia az adminisztr\u00e1ci\u00f3s terhekkel.<\/strong><\/p>\n<p>Erre azonban ebben a form\u00e1ban nincs lehet\u0151s\u00e9ge, amennyiben \u00fagy d\u00f6nt, hogy k\u00f6zvetlen\u00fcl a gy\u00e1rt\u00f3t\u00f3l rendel.<\/p>\n","protected":false},"excerpt":{"rendered":"<p>A let\u00f6lthet\u0151 dokumentumban 10+1 pontot hasznos tudnival\u00f3t olvashat el, ezek k\u00f6z\u00fcl kiemeln\u00e9nk 3 fontos tudnival\u00f3t.\u00a0 Min\u0151s\u00e9g-ellen\u0151rz\u00e9s Ha k\u00f6zvetlen\u00fcl a gy\u00e1rt\u00f3t\u00f3l rendel, a min\u0151s\u00e9g-ellen\u0151rz\u00e9s a pr\u00f3bagy\u00e1rt\u00e1s sor\u00e1n az eg\u00e9sz ell\u00e1t\u00e1si l\u00e1ncra kiterjed. Sorozatgy\u00e1rt\u00e1sn\u00e1l d\u00f6nthet \u00fagy, hogy a gy\u00e1rt\u00f3i min\u0151s\u00e9gbiztos\u00edt\u00e1si rendszert alkalmazza, amely lehet\u0151v\u00e9 teszi a beavatkoz\u00e1st az adott ellen\u0151rz\u00e9si pontokn\u00e1l. Ha viszont \u00fagy d\u00f6nt, hogy egy [&hellip;]<\/p>\n","protected":false},"author":3,"featured_media":0,"parent":0,"menu_order":28,"comment_status":"closed","ping_status":"closed","template":"","meta":{"_acf_changed":false,"footnotes":""},"class_list":["post-643","page","type-page","status-publish","hentry"],"acf":[],"yoast_head":"<!-- This site is optimized with the Yoast SEO plugin v26.1.1 - https:\/\/yoast.com\/wordpress\/plugins\/seo\/ -->\n<title>Praktische Informationen - Sunbelt<\/title>\n<meta name=\"robots\" content=\"index, follow, max-snippet:-1, max-image-preview:large, max-video-preview:-1\" \/>\n<link rel=\"canonical\" href=\"https:\/\/sunbelt.hu\/de\/praktische-informationen\/\" \/>\n<meta property=\"og:locale\" content=\"de_DE\" \/>\n<meta property=\"og:type\" content=\"article\" \/>\n<meta property=\"og:title\" content=\"Praktische Informationen - Sunbelt\" \/>\n<meta property=\"og:description\" content=\"A let\u00f6lthet\u0151 dokumentumban 10+1 pontot hasznos tudnival\u00f3t olvashat el, ezek k\u00f6z\u00fcl kiemeln\u00e9nk 3 fontos tudnival\u00f3t.\u00a0 Min\u0151s\u00e9g-ellen\u0151rz\u00e9s Ha k\u00f6zvetlen\u00fcl a gy\u00e1rt\u00f3t\u00f3l rendel, a min\u0151s\u00e9g-ellen\u0151rz\u00e9s a pr\u00f3bagy\u00e1rt\u00e1s sor\u00e1n az eg\u00e9sz ell\u00e1t\u00e1si l\u00e1ncra kiterjed. Sorozatgy\u00e1rt\u00e1sn\u00e1l d\u00f6nthet \u00fagy, hogy a gy\u00e1rt\u00f3i min\u0151s\u00e9gbiztos\u00edt\u00e1si rendszert alkalmazza, amely lehet\u0151v\u00e9 teszi a beavatkoz\u00e1st az adott ellen\u0151rz\u00e9si pontokn\u00e1l. Ha viszont \u00fagy d\u00f6nt, hogy egy [&hellip;]\" \/>\n<meta property=\"og:url\" content=\"https:\/\/sunbelt.hu\/de\/praktische-informationen\/\" \/>\n<meta property=\"og:site_name\" content=\"Sunbelt\" \/>\n<meta property=\"article:modified_time\" content=\"2016-08-02T11:31:08+00:00\" \/>\n<meta name=\"twitter:card\" content=\"summary_large_image\" \/>\n<meta name=\"twitter:label1\" content=\"Gesch\u00e4tzte Lesezeit\" \/>\n\t<meta name=\"twitter:data1\" content=\"2\u00a0Minuten\" \/>\n<script type=\"application\/ld+json\" class=\"yoast-schema-graph\">{\"@context\":\"https:\/\/schema.org\",\"@graph\":[{\"@type\":\"WebPage\",\"@id\":\"https:\/\/sunbelt.hu\/de\/praktische-informationen\/\",\"url\":\"https:\/\/sunbelt.hu\/de\/praktische-informationen\/\",\"name\":\"Praktische Informationen - Sunbelt\",\"isPartOf\":{\"@id\":\"https:\/\/sunbelt.hu\/#website\"},\"datePublished\":\"2016-08-02T04:43:53+00:00\",\"dateModified\":\"2016-08-02T11:31:08+00:00\",\"breadcrumb\":{\"@id\":\"https:\/\/sunbelt.hu\/de\/praktische-informationen\/#breadcrumb\"},\"inLanguage\":\"de\",\"potentialAction\":[{\"@type\":\"ReadAction\",\"target\":[\"https:\/\/sunbelt.hu\/de\/praktische-informationen\/\"]}]},{\"@type\":\"BreadcrumbList\",\"@id\":\"https:\/\/sunbelt.hu\/de\/praktische-informationen\/#breadcrumb\",\"itemListElement\":[{\"@type\":\"ListItem\",\"position\":1,\"name\":\"Home\",\"item\":\"https:\/\/sunbelt.hu\/\"},{\"@type\":\"ListItem\",\"position\":2,\"name\":\"Praktische Informationen\"}]},{\"@type\":\"WebSite\",\"@id\":\"https:\/\/sunbelt.hu\/#website\",\"url\":\"https:\/\/sunbelt.hu\/\",\"name\":\"Sunbelt\",\"description\":\"Beszerz\u00e9s- \u00e9s rakt\u00e1rmenedzsment\",\"potentialAction\":[{\"@type\":\"SearchAction\",\"target\":{\"@type\":\"EntryPoint\",\"urlTemplate\":\"https:\/\/sunbelt.hu\/?s={search_term_string}\"},\"query-input\":{\"@type\":\"PropertyValueSpecification\",\"valueRequired\":true,\"valueName\":\"search_term_string\"}}],\"inLanguage\":\"de\"}]}<\/script>\n<!-- \/ Yoast SEO plugin. -->","yoast_head_json":{"title":"Praktische Informationen - Sunbelt","robots":{"index":"index","follow":"follow","max-snippet":"max-snippet:-1","max-image-preview":"max-image-preview:large","max-video-preview":"max-video-preview:-1"},"canonical":"https:\/\/sunbelt.hu\/de\/praktische-informationen\/","og_locale":"de_DE","og_type":"article","og_title":"Praktische Informationen - Sunbelt","og_description":"A let\u00f6lthet\u0151 dokumentumban 10+1 pontot hasznos tudnival\u00f3t olvashat el, ezek k\u00f6z\u00fcl kiemeln\u00e9nk 3 fontos tudnival\u00f3t.\u00a0 Min\u0151s\u00e9g-ellen\u0151rz\u00e9s Ha k\u00f6zvetlen\u00fcl a gy\u00e1rt\u00f3t\u00f3l rendel, a min\u0151s\u00e9g-ellen\u0151rz\u00e9s a pr\u00f3bagy\u00e1rt\u00e1s sor\u00e1n az eg\u00e9sz ell\u00e1t\u00e1si l\u00e1ncra kiterjed. Sorozatgy\u00e1rt\u00e1sn\u00e1l d\u00f6nthet \u00fagy, hogy a gy\u00e1rt\u00f3i min\u0151s\u00e9gbiztos\u00edt\u00e1si rendszert alkalmazza, amely lehet\u0151v\u00e9 teszi a beavatkoz\u00e1st az adott ellen\u0151rz\u00e9si pontokn\u00e1l. Ha viszont \u00fagy d\u00f6nt, hogy egy [&hellip;]","og_url":"https:\/\/sunbelt.hu\/de\/praktische-informationen\/","og_site_name":"Sunbelt","article_modified_time":"2016-08-02T11:31:08+00:00","twitter_card":"summary_large_image","twitter_misc":{"Gesch\u00e4tzte Lesezeit":"2\u00a0Minuten"},"schema":{"@context":"https:\/\/schema.org","@graph":[{"@type":"WebPage","@id":"https:\/\/sunbelt.hu\/de\/praktische-informationen\/","url":"https:\/\/sunbelt.hu\/de\/praktische-informationen\/","name":"Praktische Informationen - Sunbelt","isPartOf":{"@id":"https:\/\/sunbelt.hu\/#website"},"datePublished":"2016-08-02T04:43:53+00:00","dateModified":"2016-08-02T11:31:08+00:00","breadcrumb":{"@id":"https:\/\/sunbelt.hu\/de\/praktische-informationen\/#breadcrumb"},"inLanguage":"de","potentialAction":[{"@type":"ReadAction","target":["https:\/\/sunbelt.hu\/de\/praktische-informationen\/"]}]},{"@type":"BreadcrumbList","@id":"https:\/\/sunbelt.hu\/de\/praktische-informationen\/#breadcrumb","itemListElement":[{"@type":"ListItem","position":1,"name":"Home","item":"https:\/\/sunbelt.hu\/"},{"@type":"ListItem","position":2,"name":"Praktische Informationen"}]},{"@type":"WebSite","@id":"https:\/\/sunbelt.hu\/#website","url":"https:\/\/sunbelt.hu\/","name":"Sunbelt","description":"Beszerz\u00e9s- \u00e9s rakt\u00e1rmenedzsment","potentialAction":[{"@type":"SearchAction","target":{"@type":"EntryPoint","urlTemplate":"https:\/\/sunbelt.hu\/?s={search_term_string}"},"query-input":{"@type":"PropertyValueSpecification","valueRequired":true,"valueName":"search_term_string"}}],"inLanguage":"de"}]}},"_links":{"self":[{"href":"https:\/\/sunbelt.hu\/de\/wp-json\/wp\/v2\/pages\/643","targetHints":{"allow":["GET"]}}],"collection":[{"href":"https:\/\/sunbelt.hu\/de\/wp-json\/wp\/v2\/pages"}],"about":[{"href":"https:\/\/sunbelt.hu\/de\/wp-json\/wp\/v2\/types\/page"}],"author":[{"embeddable":true,"href":"https:\/\/sunbelt.hu\/de\/wp-json\/wp\/v2\/users\/3"}],"replies":[{"embeddable":true,"href":"https:\/\/sunbelt.hu\/de\/wp-json\/wp\/v2\/comments?post=643"}],"version-history":[{"count":2,"href":"https:\/\/sunbelt.hu\/de\/wp-json\/wp\/v2\/pages\/643\/revisions"}],"predecessor-version":[{"id":694,"href":"https:\/\/sunbelt.hu\/de\/wp-json\/wp\/v2\/pages\/643\/revisions\/694"}],"wp:attachment":[{"href":"https:\/\/sunbelt.hu\/de\/wp-json\/wp\/v2\/media?parent=643"}],"curies":[{"name":"wp","href":"https:\/\/api.w.org\/{rel}","templated":true}]}}