{"id":587,"date":"2016-07-29T21:01:38","date_gmt":"2016-07-29T19:01:38","guid":{"rendered":"https:\/\/sunbelt.hu\/?page_id=587&#038;lang=de"},"modified":"2024-01-10T16:14:18","modified_gmt":"2024-01-10T15:14:18","slug":"impressum-de","status":"publish","type":"page","link":"https:\/\/sunbelt.hu\/de\/impressum-de\/","title":{"rendered":"Impressum"},"content":{"rendered":"<h1>Die Angaben der Firma<\/h1>\n<p>Der Besitzer der Webseite: Sunbelt Kft.<\/p>\n<p>Der Gesch\u00e4ftsmanager: K\u00e1lm\u00e1n Attila<\/p>\n<p>Der Sitz der FirmaDer Sitz der Firma: 4031 Debrecen, Kishat\u00e1r u 16\/C-D.<\/p>\n<p>Telefonnumber: +36 20\/55-66-356<\/p>\n<p>E-mail: info@sunbelt.hu<\/p>\n<p>Die Steuernummer: 13554633-2-09<\/p>\n<p>Die Eintragungsnummer ins Handelsregister : 09-09-013681<\/p>\n<p>&nbsp;<\/p>\n<h2>Die Angaben des Speicherraumdienstleisters<\/h2>\n<p>Name: impressive.hu Kft.<\/p>\n<p>Adresse: 7030 Paks, \u00d6reghegy utca 63.<\/p>\n<p>Telefonnummer: +36 20 218-8726<\/p>\n<p>E-mail: info@impressive.hu<\/p>\n","protected":false},"excerpt":{"rendered":"<p>Die Angaben der Firma Der Besitzer der Webseite: Sunbelt Kft. Der Gesch\u00e4ftsmanager: K\u00e1lm\u00e1n Attila Der Sitz der FirmaDer Sitz der Firma: 4031 Debrecen, Kishat\u00e1r u 16\/C-D. Telefonnumber: +36 20\/55-66-356 E-mail: info@sunbelt.hu Die Steuernummer: 13554633-2-09 Die Eintragungsnummer ins Handelsregister : 09-09-013681 &nbsp; Die Angaben des Speicherraumdienstleisters Name: impressive.hu Kft. Adresse: 7030 Paks, \u00d6reghegy utca 63. Telefonnummer: [&hellip;]<\/p>\n","protected":false},"author":5,"featured_media":0,"parent":0,"menu_order":23,"comment_status":"closed","ping_status":"closed","template":"","meta":{"_acf_changed":false,"footnotes":""},"class_list":["post-587","page","type-page","status-publish","hentry"],"acf":[],"yoast_head":"<!-- This site is optimized with the Yoast SEO plugin v26.1.1 - https:\/\/yoast.com\/wordpress\/plugins\/seo\/ -->\n<title>Impressum - Sunbelt<\/title>\n<meta name=\"robots\" content=\"index, follow, max-snippet:-1, max-image-preview:large, max-video-preview:-1\" \/>\n<link rel=\"canonical\" href=\"https:\/\/sunbelt.hu\/de\/impressum-de\/\" \/>\n<meta property=\"og:locale\" content=\"de_DE\" \/>\n<meta property=\"og:type\" content=\"article\" \/>\n<meta property=\"og:title\" content=\"Impressum - Sunbelt\" \/>\n<meta property=\"og:description\" content=\"Die Angaben der Firma Der Besitzer der Webseite: Sunbelt Kft. Der Gesch\u00e4ftsmanager: K\u00e1lm\u00e1n Attila Der Sitz der FirmaDer Sitz der Firma: 4031 Debrecen, Kishat\u00e1r u 16\/C-D. Telefonnumber: +36 20\/55-66-356 E-mail: info@sunbelt.hu Die Steuernummer: 13554633-2-09 Die Eintragungsnummer ins Handelsregister : 09-09-013681 &nbsp; Die Angaben des Speicherraumdienstleisters Name: impressive.hu Kft. Adresse: 7030 Paks, \u00d6reghegy utca 63. Telefonnummer: [&hellip;]\" \/>\n<meta property=\"og:url\" content=\"https:\/\/sunbelt.hu\/de\/impressum-de\/\" \/>\n<meta property=\"og:site_name\" content=\"Sunbelt\" \/>\n<meta property=\"article:modified_time\" content=\"2024-01-10T15:14:18+00:00\" \/>\n<meta name=\"twitter:card\" content=\"summary_large_image\" \/>\n<meta name=\"twitter:label1\" content=\"Gesch\u00e4tzte Lesezeit\" \/>\n\t<meta name=\"twitter:data1\" content=\"1\u00a0Minute\" \/>\n<script type=\"application\/ld+json\" class=\"yoast-schema-graph\">{\"@context\":\"https:\/\/schema.org\",\"@graph\":[{\"@type\":\"WebPage\",\"@id\":\"https:\/\/sunbelt.hu\/de\/impressum-de\/\",\"url\":\"https:\/\/sunbelt.hu\/de\/impressum-de\/\",\"name\":\"Impressum - Sunbelt\",\"isPartOf\":{\"@id\":\"https:\/\/sunbelt.hu\/#website\"},\"datePublished\":\"2016-07-29T19:01:38+00:00\",\"dateModified\":\"2024-01-10T15:14:18+00:00\",\"breadcrumb\":{\"@id\":\"https:\/\/sunbelt.hu\/de\/impressum-de\/#breadcrumb\"},\"inLanguage\":\"de\",\"potentialAction\":[{\"@type\":\"ReadAction\",\"target\":[\"https:\/\/sunbelt.hu\/de\/impressum-de\/\"]}]},{\"@type\":\"BreadcrumbList\",\"@id\":\"https:\/\/sunbelt.hu\/de\/impressum-de\/#breadcrumb\",\"itemListElement\":[{\"@type\":\"ListItem\",\"position\":1,\"name\":\"Home\",\"item\":\"https:\/\/sunbelt.hu\/\"},{\"@type\":\"ListItem\",\"position\":2,\"name\":\"Impressum\"}]},{\"@type\":\"WebSite\",\"@id\":\"https:\/\/sunbelt.hu\/#website\",\"url\":\"https:\/\/sunbelt.hu\/\",\"name\":\"Sunbelt\",\"description\":\"Beszerz\u00e9s- \u00e9s rakt\u00e1rmenedzsment\",\"potentialAction\":[{\"@type\":\"SearchAction\",\"target\":{\"@type\":\"EntryPoint\",\"urlTemplate\":\"https:\/\/sunbelt.hu\/?s={search_term_string}\"},\"query-input\":{\"@type\":\"PropertyValueSpecification\",\"valueRequired\":true,\"valueName\":\"search_term_string\"}}],\"inLanguage\":\"de\"}]}<\/script>\n<!-- \/ Yoast SEO plugin. -->","yoast_head_json":{"title":"Impressum - Sunbelt","robots":{"index":"index","follow":"follow","max-snippet":"max-snippet:-1","max-image-preview":"max-image-preview:large","max-video-preview":"max-video-preview:-1"},"canonical":"https:\/\/sunbelt.hu\/de\/impressum-de\/","og_locale":"de_DE","og_type":"article","og_title":"Impressum - Sunbelt","og_description":"Die Angaben der Firma Der Besitzer der Webseite: Sunbelt Kft. Der Gesch\u00e4ftsmanager: K\u00e1lm\u00e1n Attila Der Sitz der FirmaDer Sitz der Firma: 4031 Debrecen, Kishat\u00e1r u 16\/C-D. Telefonnumber: +36 20\/55-66-356 E-mail: info@sunbelt.hu Die Steuernummer: 13554633-2-09 Die Eintragungsnummer ins Handelsregister : 09-09-013681 &nbsp; Die Angaben des Speicherraumdienstleisters Name: impressive.hu Kft. Adresse: 7030 Paks, \u00d6reghegy utca 63. Telefonnummer: [&hellip;]","og_url":"https:\/\/sunbelt.hu\/de\/impressum-de\/","og_site_name":"Sunbelt","article_modified_time":"2024-01-10T15:14:18+00:00","twitter_card":"summary_large_image","twitter_misc":{"Gesch\u00e4tzte Lesezeit":"1\u00a0Minute"},"schema":{"@context":"https:\/\/schema.org","@graph":[{"@type":"WebPage","@id":"https:\/\/sunbelt.hu\/de\/impressum-de\/","url":"https:\/\/sunbelt.hu\/de\/impressum-de\/","name":"Impressum - Sunbelt","isPartOf":{"@id":"https:\/\/sunbelt.hu\/#website"},"datePublished":"2016-07-29T19:01:38+00:00","dateModified":"2024-01-10T15:14:18+00:00","breadcrumb":{"@id":"https:\/\/sunbelt.hu\/de\/impressum-de\/#breadcrumb"},"inLanguage":"de","potentialAction":[{"@type":"ReadAction","target":["https:\/\/sunbelt.hu\/de\/impressum-de\/"]}]},{"@type":"BreadcrumbList","@id":"https:\/\/sunbelt.hu\/de\/impressum-de\/#breadcrumb","itemListElement":[{"@type":"ListItem","position":1,"name":"Home","item":"https:\/\/sunbelt.hu\/"},{"@type":"ListItem","position":2,"name":"Impressum"}]},{"@type":"WebSite","@id":"https:\/\/sunbelt.hu\/#website","url":"https:\/\/sunbelt.hu\/","name":"Sunbelt","description":"Beszerz\u00e9s- \u00e9s rakt\u00e1rmenedzsment","potentialAction":[{"@type":"SearchAction","target":{"@type":"EntryPoint","urlTemplate":"https:\/\/sunbelt.hu\/?s={search_term_string}"},"query-input":{"@type":"PropertyValueSpecification","valueRequired":true,"valueName":"search_term_string"}}],"inLanguage":"de"}]}},"_links":{"self":[{"href":"https:\/\/sunbelt.hu\/de\/wp-json\/wp\/v2\/pages\/587","targetHints":{"allow":["GET"]}}],"collection":[{"href":"https:\/\/sunbelt.hu\/de\/wp-json\/wp\/v2\/pages"}],"about":[{"href":"https:\/\/sunbelt.hu\/de\/wp-json\/wp\/v2\/types\/page"}],"author":[{"embeddable":true,"href":"https:\/\/sunbelt.hu\/de\/wp-json\/wp\/v2\/users\/5"}],"replies":[{"embeddable":true,"href":"https:\/\/sunbelt.hu\/de\/wp-json\/wp\/v2\/comments?post=587"}],"version-history":[{"count":6,"href":"https:\/\/sunbelt.hu\/de\/wp-json\/wp\/v2\/pages\/587\/revisions"}],"predecessor-version":[{"id":1249,"href":"https:\/\/sunbelt.hu\/de\/wp-json\/wp\/v2\/pages\/587\/revisions\/1249"}],"wp:attachment":[{"href":"https:\/\/sunbelt.hu\/de\/wp-json\/wp\/v2\/media?parent=587"}],"curies":[{"name":"wp","href":"https:\/\/api.w.org\/{rel}","templated":true}]}}