{"id":583,"date":"2016-07-29T20:58:30","date_gmt":"2016-07-29T20:58:30","guid":{"rendered":"https:\/\/sunbelt.hu\/?page_id=583&#038;lang=de"},"modified":"2016-07-29T20:58:30","modified_gmt":"2016-07-29T20:58:30","slug":"referenzen","status":"publish","type":"page","link":"https:\/\/sunbelt.hu\/de\/referenzen\/","title":{"rendered":"Referenzen"},"content":{"rendered":"<p>Die R\u00fcckmeldung unserer Kunden ist sehr wichtig f\u00fcr uns, so messen wir der Lieferantenbewertung eine besondere Bedeutung bei. Das hohe Niveau der Dienstleistungen unseres Unternehmens zeigt, dass wir anhand der Bewertung von unseren Kunden Jahr f\u00fcr Jahr zu den besten Lieferanten geh\u00f6ren.<\/p>\n<h4>2015<\/h4>\n<p><strong>National Instruments<\/strong> \u2013 Lieferant Nr. 1 im Jahr (Qualit\u00e4t, Versorgungssicherung, Preis, Kundenunterst\u00fctzung)<\/p>\n<h4>2014<\/h4>\n<p><strong>National Instruments<\/strong> \u2013 Preis f\u00fcr Bewertung der fristgem\u00e4\u00dfen Lieferung <br \/><strong>National Instruments<\/strong> \u2013 Lieferant Nr. 1 im Jahr (Qualit\u00e4t, Versorgungssicherung, Preis, Kundenunterst\u00fctzung)<\/p>\n<h4>2013<\/h4>\n<p><strong>National Instruments<\/strong> \u2013\u00a0Preis f\u00fcr die fristgem\u00e4\u00dfe Lieferung<br \/><strong>National Instruments<\/strong> \u2013 Lieferant Nr. 1 im Jahr (Qualit\u00e4t, Versorgungssicherung, Preis, Kundenunterst\u00fctzung)<br \/><strong>National Instruments<\/strong> \u2013 Preis Der Beste der Kategorie (im Bereich strategischen Kennwertsystems, im Bereich zusammengesetzter Gesch\u00e4ftsprozesse, im Bereich der Dienstleistungsqualit\u00e4t, im Bereich Kostenminderung, im Bereich Internationaler Unterst\u00fctzung, im Bereich Gesch\u00e4ftskooperation, im Bereich Innovation)<\/p>\n<h4>2012<\/h4>\n<p><strong>National Instruments<\/strong> \u2013\u00a0Preis f\u00fcr die fristgem\u00e4\u00dfe Lieferung<br \/><strong>National Instruments<\/strong> \u2013 Lieferant Nr. 1 im Jahr (Qualit\u00e4t, Versorgungssicherung, Preis, Kundenunterst\u00fctzung)<br \/><strong>National Instruments<\/strong> \u2013\u00a0Preis Der Beste der Kategorie (im Bereich strategischen Kennwertsystems, im Bereich zusammengesetzter Gesch\u00e4ftsprozesse, im Bereich der Dienstleistungsqualit\u00e4t, im Bereich Kostenminderung) <br \/><strong>TECO \u2013 Westinghouse<\/strong> \u2013 Preis f\u00fcr die ausgezeichnete Produktqualit\u00e4t<\/p>\n<h4>2011<\/h4>\n<p><strong>National Instruments<\/strong> \u2013 Preis f\u00fcr die ausgezeichnete Produktqualit\u00e4t<br \/><strong>National Instruments<\/strong> \u2013\u00a0Preis f\u00fcr die fristgem\u00e4\u00dfe Lieferung<br \/><strong>National Instruments<\/strong> \u2013 Lieferant Nr. 1 im Jahr (Qualit\u00e4t, Versorgungssicherung, Preis, Kundenunterst\u00fctzung)<br \/><strong>National Instruments<\/strong> \u2013 Preis Der Beste der Kategorie (im Bereich strategischen Kennwertsystems, im Bereich zusammengesetzter Gesch\u00e4ftsprozesse, im Bereich der Dienstleistungsqualit\u00e4t, im Bereich Kostenminderung, im Bereich Internationaler Unterst\u00fctzung, im Bereich Gesch\u00e4ftskooperation, im Bereich Innovation)<\/p>\n<h4>2010<\/h4>\n<p><strong>National Instruments<\/strong> \u2013 Preis f\u00fcr die ausgezeichnete Produktqualit\u00e4t<br \/><strong>National Instruments<\/strong> \u2013\u00a0Preis f\u00fcr die fristgem\u00e4\u00dfe Lieferung<br \/><strong>National Instruments<\/strong> \u2013 Lieferant Nr. 1 im Jahr (Qualit\u00e4t, Versorgungssicherung, Preis, Kundenunterst\u00fctzung)<\/p>\n<h4>2009<\/h4>\n<p><strong>National Instruments<\/strong> \u2013 Preis f\u00fcr beste internationale Unterst\u00fctzung<br \/><strong>National Instruments<\/strong> \u2013 Lieferant Nr. 1 im Jahr (Qualit\u00e4t, Versorgungssicherung, Preis, Kundenunterst\u00fctzung)<\/p>\n<h4>2008<\/h4>\n<p><strong>National Instruments<\/strong> \u2013\u00a0Preis f\u00fcr die fristgem\u00e4\u00dfe Lieferung<\/p>\n<h4>2006<\/h4>\n<p><strong>National Instruments<\/strong> \u2013 Lieferant Nr. 1 im Jahr (Qualit\u00e4t, Versorgungssicherung, Preis, Kundenunterst\u00fctzung)<\/p>\n","protected":false},"excerpt":{"rendered":"<p>Die R\u00fcckmeldung unserer Kunden ist sehr wichtig f\u00fcr uns, so messen wir der Lieferantenbewertung eine besondere Bedeutung bei. Das hohe Niveau der Dienstleistungen unseres Unternehmens zeigt, dass wir anhand der Bewertung von unseren Kunden Jahr f\u00fcr Jahr zu den besten Lieferanten geh\u00f6ren. 2015 National Instruments \u2013 Lieferant Nr. 1 im Jahr (Qualit\u00e4t, Versorgungssicherung, Preis, Kundenunterst\u00fctzung) [&hellip;]<\/p>\n","protected":false},"author":4,"featured_media":0,"parent":0,"menu_order":43,"comment_status":"closed","ping_status":"closed","template":"","meta":{"_acf_changed":false,"footnotes":""},"class_list":["post-583","page","type-page","status-publish","hentry"],"acf":[],"yoast_head":"<!-- This site is optimized with the Yoast SEO plugin v26.1.1 - https:\/\/yoast.com\/wordpress\/plugins\/seo\/ -->\n<title>Referenzen - Sunbelt<\/title>\n<meta name=\"robots\" content=\"index, follow, max-snippet:-1, max-image-preview:large, max-video-preview:-1\" \/>\n<link rel=\"canonical\" href=\"https:\/\/sunbelt.hu\/de\/referenzen\/\" \/>\n<meta property=\"og:locale\" content=\"de_DE\" \/>\n<meta property=\"og:type\" content=\"article\" \/>\n<meta property=\"og:title\" content=\"Referenzen - Sunbelt\" \/>\n<meta property=\"og:description\" content=\"Die R\u00fcckmeldung unserer Kunden ist sehr wichtig f\u00fcr uns, so messen wir der Lieferantenbewertung eine besondere Bedeutung bei. Das hohe Niveau der Dienstleistungen unseres Unternehmens zeigt, dass wir anhand der Bewertung von unseren Kunden Jahr f\u00fcr Jahr zu den besten Lieferanten geh\u00f6ren. 2015 National Instruments \u2013 Lieferant Nr. 1 im Jahr (Qualit\u00e4t, Versorgungssicherung, Preis, Kundenunterst\u00fctzung) [&hellip;]\" \/>\n<meta property=\"og:url\" content=\"https:\/\/sunbelt.hu\/de\/referenzen\/\" \/>\n<meta property=\"og:site_name\" content=\"Sunbelt\" \/>\n<meta name=\"twitter:card\" content=\"summary_large_image\" \/>\n<meta name=\"twitter:label1\" content=\"Gesch\u00e4tzte Lesezeit\" \/>\n\t<meta name=\"twitter:data1\" content=\"2\u00a0Minuten\" \/>\n<script type=\"application\/ld+json\" class=\"yoast-schema-graph\">{\"@context\":\"https:\/\/schema.org\",\"@graph\":[{\"@type\":\"WebPage\",\"@id\":\"https:\/\/sunbelt.hu\/de\/referenzen\/\",\"url\":\"https:\/\/sunbelt.hu\/de\/referenzen\/\",\"name\":\"Referenzen - Sunbelt\",\"isPartOf\":{\"@id\":\"https:\/\/sunbelt.hu\/#website\"},\"datePublished\":\"2016-07-29T20:58:30+00:00\",\"breadcrumb\":{\"@id\":\"https:\/\/sunbelt.hu\/de\/referenzen\/#breadcrumb\"},\"inLanguage\":\"de\",\"potentialAction\":[{\"@type\":\"ReadAction\",\"target\":[\"https:\/\/sunbelt.hu\/de\/referenzen\/\"]}]},{\"@type\":\"BreadcrumbList\",\"@id\":\"https:\/\/sunbelt.hu\/de\/referenzen\/#breadcrumb\",\"itemListElement\":[{\"@type\":\"ListItem\",\"position\":1,\"name\":\"Home\",\"item\":\"https:\/\/sunbelt.hu\/\"},{\"@type\":\"ListItem\",\"position\":2,\"name\":\"Referenzen\"}]},{\"@type\":\"WebSite\",\"@id\":\"https:\/\/sunbelt.hu\/#website\",\"url\":\"https:\/\/sunbelt.hu\/\",\"name\":\"Sunbelt\",\"description\":\"Beszerz\u00e9s- \u00e9s rakt\u00e1rmenedzsment\",\"potentialAction\":[{\"@type\":\"SearchAction\",\"target\":{\"@type\":\"EntryPoint\",\"urlTemplate\":\"https:\/\/sunbelt.hu\/?s={search_term_string}\"},\"query-input\":{\"@type\":\"PropertyValueSpecification\",\"valueRequired\":true,\"valueName\":\"search_term_string\"}}],\"inLanguage\":\"de\"}]}<\/script>\n<!-- \/ Yoast SEO plugin. -->","yoast_head_json":{"title":"Referenzen - Sunbelt","robots":{"index":"index","follow":"follow","max-snippet":"max-snippet:-1","max-image-preview":"max-image-preview:large","max-video-preview":"max-video-preview:-1"},"canonical":"https:\/\/sunbelt.hu\/de\/referenzen\/","og_locale":"de_DE","og_type":"article","og_title":"Referenzen - Sunbelt","og_description":"Die R\u00fcckmeldung unserer Kunden ist sehr wichtig f\u00fcr uns, so messen wir der Lieferantenbewertung eine besondere Bedeutung bei. Das hohe Niveau der Dienstleistungen unseres Unternehmens zeigt, dass wir anhand der Bewertung von unseren Kunden Jahr f\u00fcr Jahr zu den besten Lieferanten geh\u00f6ren. 2015 National Instruments \u2013 Lieferant Nr. 1 im Jahr (Qualit\u00e4t, Versorgungssicherung, Preis, Kundenunterst\u00fctzung) [&hellip;]","og_url":"https:\/\/sunbelt.hu\/de\/referenzen\/","og_site_name":"Sunbelt","twitter_card":"summary_large_image","twitter_misc":{"Gesch\u00e4tzte Lesezeit":"2\u00a0Minuten"},"schema":{"@context":"https:\/\/schema.org","@graph":[{"@type":"WebPage","@id":"https:\/\/sunbelt.hu\/de\/referenzen\/","url":"https:\/\/sunbelt.hu\/de\/referenzen\/","name":"Referenzen - Sunbelt","isPartOf":{"@id":"https:\/\/sunbelt.hu\/#website"},"datePublished":"2016-07-29T20:58:30+00:00","breadcrumb":{"@id":"https:\/\/sunbelt.hu\/de\/referenzen\/#breadcrumb"},"inLanguage":"de","potentialAction":[{"@type":"ReadAction","target":["https:\/\/sunbelt.hu\/de\/referenzen\/"]}]},{"@type":"BreadcrumbList","@id":"https:\/\/sunbelt.hu\/de\/referenzen\/#breadcrumb","itemListElement":[{"@type":"ListItem","position":1,"name":"Home","item":"https:\/\/sunbelt.hu\/"},{"@type":"ListItem","position":2,"name":"Referenzen"}]},{"@type":"WebSite","@id":"https:\/\/sunbelt.hu\/#website","url":"https:\/\/sunbelt.hu\/","name":"Sunbelt","description":"Beszerz\u00e9s- \u00e9s rakt\u00e1rmenedzsment","potentialAction":[{"@type":"SearchAction","target":{"@type":"EntryPoint","urlTemplate":"https:\/\/sunbelt.hu\/?s={search_term_string}"},"query-input":{"@type":"PropertyValueSpecification","valueRequired":true,"valueName":"search_term_string"}}],"inLanguage":"de"}]}},"_links":{"self":[{"href":"https:\/\/sunbelt.hu\/de\/wp-json\/wp\/v2\/pages\/583","targetHints":{"allow":["GET"]}}],"collection":[{"href":"https:\/\/sunbelt.hu\/de\/wp-json\/wp\/v2\/pages"}],"about":[{"href":"https:\/\/sunbelt.hu\/de\/wp-json\/wp\/v2\/types\/page"}],"author":[{"embeddable":true,"href":"https:\/\/sunbelt.hu\/de\/wp-json\/wp\/v2\/users\/4"}],"replies":[{"embeddable":true,"href":"https:\/\/sunbelt.hu\/de\/wp-json\/wp\/v2\/comments?post=583"}],"version-history":[{"count":1,"href":"https:\/\/sunbelt.hu\/de\/wp-json\/wp\/v2\/pages\/583\/revisions"}],"predecessor-version":[{"id":584,"href":"https:\/\/sunbelt.hu\/de\/wp-json\/wp\/v2\/pages\/583\/revisions\/584"}],"wp:attachment":[{"href":"https:\/\/sunbelt.hu\/de\/wp-json\/wp\/v2\/media?parent=583"}],"curies":[{"name":"wp","href":"https:\/\/api.w.org\/{rel}","templated":true}]}}