{"id":577,"date":"2016-07-29T20:52:31","date_gmt":"2016-07-29T20:52:31","guid":{"rendered":"https:\/\/sunbelt.hu\/?page_id=577&#038;lang=de"},"modified":"2016-08-02T12:46:37","modified_gmt":"2016-08-02T10:46:37","slug":"spezielle-sonderprodukte","status":"publish","type":"page","link":"https:\/\/sunbelt.hu\/de\/produkte\/spezielle-sonderprodukte\/","title":{"rendered":"Spezielle Sonderprodukte"},"content":{"rendered":"<p>Haben Sie schon erlebt, dass Sie das unentbehrliche Produkt nur durch viele Nachsuchen beziehen konnten?<\/p>\n<p>Die Liste von unseren Produkten wird st\u00e4ndig erweitert, denn wir bem\u00fchen uns, die Bed\u00fcrfnisse unserer Partner bestm\u00f6glich\u00a0zu erf\u00fcllen.<\/p>\n<p><img loading=\"lazy\" decoding=\"async\" class=\"alignnone wp-image-447 size-full\" src=\"https:\/\/sunbelt.hu\/wp-content\/uploads\/2016\/05\/specialis-egyedi-termekek.jpg\" alt=\"Speci\u00e1lis egyedi term\u00e9kek\" width=\"900\" height=\"610\" srcset=\"https:\/\/sunbelt.hu\/wp-content\/uploads\/2016\/05\/specialis-egyedi-termekek.jpg 900w, https:\/\/sunbelt.hu\/wp-content\/uploads\/2016\/05\/specialis-egyedi-termekek-300x203.jpg 300w, https:\/\/sunbelt.hu\/wp-content\/uploads\/2016\/05\/specialis-egyedi-termekek-768x521.jpg 768w\" sizes=\"auto, (max-width: 900px) 100vw, 900px\" \/><\/p>\n<p>Amennyiben speci\u00e1lis ig\u00e9nye van, vegye fel vel\u00fcnk a kapcsolatot \u00e9s m\u00e9rn\u00f6ki t\u00e1mogat\u00e1s keret\u00e9ben megtal\u00e1ljuk az \u00d6n sz\u00e1m\u00e1ra legide\u00e1lisabb megold\u00e1st.<\/p>\n\n<div class=\"wpcf7 no-js\" id=\"wpcf7-f659-o1\" lang=\"hu-HU\" dir=\"ltr\" data-wpcf7-id=\"659\">\n<div class=\"screen-reader-response\"><p role=\"status\" aria-live=\"polite\" aria-atomic=\"true\"><\/p> <ul><\/ul><\/div>\n<form action=\"\/de\/wp-json\/wp\/v2\/pages\/577#wpcf7-f659-o1\" method=\"post\" class=\"wpcf7-form init\" aria-label=\"Kapcsolatfelv\u00e9teli \u0171rlap\" enctype=\"multipart\/form-data\" novalidate=\"novalidate\" data-status=\"init\">\n<fieldset class=\"hidden-fields-container\"><input type=\"hidden\" name=\"_wpcf7\" value=\"659\" \/><input type=\"hidden\" name=\"_wpcf7_version\" value=\"6.1.2\" \/><input type=\"hidden\" name=\"_wpcf7_locale\" value=\"hu_HU\" \/><input type=\"hidden\" name=\"_wpcf7_unit_tag\" value=\"wpcf7-f659-o1\" \/><input type=\"hidden\" name=\"_wpcf7_container_post\" value=\"0\" \/><input type=\"hidden\" name=\"_wpcf7_posted_data_hash\" value=\"\" \/><input type=\"hidden\" name=\"_wpcf7_recaptcha_response\" value=\"\" \/>\n<\/fieldset>\n<p><span class=\"wpcf7-form-control-wrap\" data-name=\"your-name\"><input size=\"40\" maxlength=\"400\" class=\"wpcf7-form-control wpcf7-text wpcf7-validates-as-required\" aria-required=\"true\" aria-invalid=\"false\" placeholder=\"Name*\" value=\"\" type=\"text\" name=\"your-name\" \/><\/span><br \/>\n<span class=\"wpcf7-form-control-wrap\" data-name=\"your-company\"><input size=\"40\" maxlength=\"400\" class=\"wpcf7-form-control wpcf7-text\" aria-invalid=\"false\" placeholder=\"Unternehmen\" value=\"\" type=\"text\" name=\"your-company\" \/><\/span><br \/>\n<span class=\"wpcf7-form-control-wrap\" data-name=\"your-email\"><input size=\"40\" maxlength=\"400\" class=\"wpcf7-form-control wpcf7-email wpcf7-validates-as-required wpcf7-text wpcf7-validates-as-email\" aria-required=\"true\" aria-invalid=\"false\" placeholder=\"E-Mail-Anschrift*\" value=\"\" type=\"email\" name=\"your-email\" \/><\/span><br \/>\n<span class=\"wpcf7-form-control-wrap\" data-name=\"your-phone\"><input size=\"40\" maxlength=\"400\" class=\"wpcf7-form-control wpcf7-text\" aria-invalid=\"false\" placeholder=\"Telefon\" value=\"\" type=\"text\" name=\"your-phone\" \/><\/span><br \/>\n<span class=\"wpcf7-form-control-wrap\" data-name=\"your-message\"><textarea cols=\"40\" rows=\"10\" maxlength=\"2000\" class=\"wpcf7-form-control wpcf7-textarea\" aria-invalid=\"false\" placeholder=\"Ihre Meldung...\" name=\"your-message\"><\/textarea><\/span>\n<\/p>\n<div class=\"attachment\">\n\t<p>Neben dem Eintragen der Basisangaben besteht Ihnen die M\u00f6glichkeit bei der Anfrage auch Foto oder sonstige Datei (zum Beispiel eine Tabelle mit Produktangaben) beizuf\u00fcgen. Somit wird die m\u00f6glichst pr\u00e4zise \u00dcbergabe von Produktparametern viel einfacher und schneller.\n\t<\/p>\n\t<div class=\"hide\">\n\t\t<p><span class=\"file\">&#xf016;<\/span><span class=\"wpcf7-form-control-wrap\" data-name=\"file-01\"><input size=\"40\" class=\"wpcf7-form-control wpcf7-file\" accept=\"audio\/*,video\/*,image\/*\" aria-invalid=\"false\" type=\"file\" name=\"file-01\" \/><\/span>\n\t\t<\/p>\n\t<\/div>\n\t<div class=\"hide\">\n\t\t<p><a class=\"del_file\" href=\"#\" title=\"Visszavon\u00e1s\">&#xf014;<\/a><span class=\"wpcf7-form-control-wrap\" data-name=\"file-02\"><input size=\"40\" class=\"wpcf7-form-control wpcf7-file\" accept=\"audio\/*,video\/*,image\/*\" aria-invalid=\"false\" type=\"file\" name=\"file-02\" \/><\/span>\n\t\t<\/p>\n\t<\/div>\n\t<div class=\"hide\">\n\t\t<p><a class=\"del_file\" href=\"#\" title=\"Visszavon\u00e1s\">&#xf014;<\/a><span class=\"wpcf7-form-control-wrap\" data-name=\"file-03\"><input size=\"40\" class=\"wpcf7-form-control wpcf7-file\" accept=\"audio\/*,video\/*,image\/*\" aria-invalid=\"false\" type=\"file\" name=\"file-03\" \/><\/span>\n\t\t<\/p>\n\t<\/div>\n\t<div class=\"hide\">\n\t\t<p><a class=\"del_file\" href=\"#\" title=\"Visszavon\u00e1s\">&#xf014;<\/a><span class=\"wpcf7-form-control-wrap\" data-name=\"file-04\"><input size=\"40\" class=\"wpcf7-form-control wpcf7-file\" accept=\"audio\/*,video\/*,image\/*\" aria-invalid=\"false\" type=\"file\" name=\"file-04\" \/><\/span>\n\t\t<\/p>\n\t<\/div>\n\t<div class=\"hide\">\n\t\t<p><a class=\"del_file\" href=\"#\" title=\"Visszavon\u00e1s\">&#xf014;<\/a><span class=\"wpcf7-form-control-wrap\" data-name=\"file-05\"><input size=\"40\" class=\"wpcf7-form-control wpcf7-file\" accept=\"audio\/*,video\/*,image\/*\" aria-invalid=\"false\" type=\"file\" name=\"file-05\" \/><\/span>\n\t\t<\/p>\n\t<\/div>\n\t<div class=\"add_file\">\n\t\t<p><span>&#xf055;<\/span> Weitere Dateien zuf\u00fcgen\n\t\t<\/p>\n\t<\/div>\n<\/div>\n<span class=\"wpcf7-form-control-wrap recaptcha\" data-name=\"recaptcha\"><span data-sitekey=\"6Leuq_UUAAAAACBseparGx9bwUEcTp5oJDA8_0rL\" class=\"wpcf7-form-control wpcf7-recaptcha g-recaptcha\"><\/span>\r\n<noscript>\r\n\t<div class=\"grecaptcha-noscript\">\r\n\t\t<iframe loading=\"lazy\" src=\"https:\/\/www.google.com\/recaptcha\/api\/fallback?k=6Leuq_UUAAAAACBseparGx9bwUEcTp5oJDA8_0rL\" frameborder=\"0\" scrolling=\"no\" width=\"310\" height=\"430\">\r\n\t\t<\/iframe>\r\n\t\t<textarea name=\"g-recaptcha-response\" rows=\"3\" cols=\"40\" placeholder=\"reCaptcha Response Here\">\r\n\t\t<\/textarea>\r\n\t<\/div>\r\n<\/noscript>\r\n<\/span>\n<p><button type=\"submit\" class=\"custom\">Anfrage senden<\/button>\n<\/p><div class=\"wpcf7-response-output\" aria-hidden=\"true\"><\/div>\n<\/form>\n<\/div>\n\n","protected":false},"excerpt":{"rendered":"<p>Haben Sie schon erlebt, dass Sie das unentbehrliche Produkt nur durch viele Nachsuchen beziehen konnten? Die Liste von unseren Produkten wird st\u00e4ndig erweitert, denn wir bem\u00fchen uns, die Bed\u00fcrfnisse unserer Partner bestm\u00f6glich\u00a0zu erf\u00fcllen. Amennyiben speci\u00e1lis ig\u00e9nye van, vegye fel vel\u00fcnk a kapcsolatot \u00e9s m\u00e9rn\u00f6ki t\u00e1mogat\u00e1s keret\u00e9ben megtal\u00e1ljuk az \u00d6n sz\u00e1m\u00e1ra legide\u00e1lisabb megold\u00e1st.<\/p>\n","protected":false},"author":4,"featured_media":82,"parent":568,"menu_order":74,"comment_status":"closed","ping_status":"closed","template":"","meta":{"_acf_changed":false,"footnotes":""},"class_list":["post-577","page","type-page","status-publish","has-post-thumbnail","hentry"],"acf":[],"yoast_head":"<!-- This site is optimized with the Yoast SEO plugin v26.1.1 - https:\/\/yoast.com\/wordpress\/plugins\/seo\/ -->\n<title>Spezielle Sonderprodukte - Sunbelt<\/title>\n<meta name=\"robots\" content=\"index, follow, max-snippet:-1, max-image-preview:large, max-video-preview:-1\" \/>\n<link rel=\"canonical\" href=\"https:\/\/sunbelt.hu\/de\/produkte\/spezielle-sonderprodukte\/\" \/>\n<meta property=\"og:locale\" content=\"de_DE\" \/>\n<meta property=\"og:type\" content=\"article\" \/>\n<meta property=\"og:title\" content=\"Spezielle Sonderprodukte - Sunbelt\" \/>\n<meta property=\"og:description\" content=\"Haben Sie schon erlebt, dass Sie das unentbehrliche Produkt nur durch viele Nachsuchen beziehen konnten? Die Liste von unseren Produkten wird st\u00e4ndig erweitert, denn wir bem\u00fchen uns, die Bed\u00fcrfnisse unserer Partner bestm\u00f6glich\u00a0zu erf\u00fcllen. Amennyiben speci\u00e1lis ig\u00e9nye van, vegye fel vel\u00fcnk a kapcsolatot \u00e9s m\u00e9rn\u00f6ki t\u00e1mogat\u00e1s keret\u00e9ben megtal\u00e1ljuk az \u00d6n sz\u00e1m\u00e1ra legide\u00e1lisabb megold\u00e1st.\" \/>\n<meta property=\"og:url\" content=\"https:\/\/sunbelt.hu\/de\/produkte\/spezielle-sonderprodukte\/\" \/>\n<meta property=\"og:site_name\" content=\"Sunbelt\" \/>\n<meta property=\"article:modified_time\" content=\"2016-08-02T10:46:37+00:00\" \/>\n<meta property=\"og:image\" content=\"https:\/\/sunbelt.hu\/wp-content\/uploads\/2016\/05\/product-img-5.jpg\" \/>\n\t<meta property=\"og:image:width\" content=\"405\" \/>\n\t<meta property=\"og:image:height\" content=\"237\" \/>\n\t<meta property=\"og:image:type\" content=\"image\/jpeg\" \/>\n<meta name=\"twitter:card\" content=\"summary_large_image\" \/>\n<script type=\"application\/ld+json\" class=\"yoast-schema-graph\">{\"@context\":\"https:\/\/schema.org\",\"@graph\":[{\"@type\":\"WebPage\",\"@id\":\"https:\/\/sunbelt.hu\/de\/produkte\/spezielle-sonderprodukte\/\",\"url\":\"https:\/\/sunbelt.hu\/de\/produkte\/spezielle-sonderprodukte\/\",\"name\":\"Spezielle Sonderprodukte - Sunbelt\",\"isPartOf\":{\"@id\":\"https:\/\/sunbelt.hu\/#website\"},\"primaryImageOfPage\":{\"@id\":\"https:\/\/sunbelt.hu\/de\/produkte\/spezielle-sonderprodukte\/#primaryimage\"},\"image\":{\"@id\":\"https:\/\/sunbelt.hu\/de\/produkte\/spezielle-sonderprodukte\/#primaryimage\"},\"thumbnailUrl\":\"https:\/\/sunbelt.hu\/wp-content\/uploads\/2016\/05\/product-img-5.jpg\",\"datePublished\":\"2016-07-29T20:52:31+00:00\",\"dateModified\":\"2016-08-02T10:46:37+00:00\",\"breadcrumb\":{\"@id\":\"https:\/\/sunbelt.hu\/de\/produkte\/spezielle-sonderprodukte\/#breadcrumb\"},\"inLanguage\":\"de\",\"potentialAction\":[{\"@type\":\"ReadAction\",\"target\":[\"https:\/\/sunbelt.hu\/de\/produkte\/spezielle-sonderprodukte\/\"]}]},{\"@type\":\"ImageObject\",\"inLanguage\":\"de\",\"@id\":\"https:\/\/sunbelt.hu\/de\/produkte\/spezielle-sonderprodukte\/#primaryimage\",\"url\":\"https:\/\/sunbelt.hu\/wp-content\/uploads\/2016\/05\/product-img-5.jpg\",\"contentUrl\":\"https:\/\/sunbelt.hu\/wp-content\/uploads\/2016\/05\/product-img-5.jpg\",\"width\":405,\"height\":237},{\"@type\":\"BreadcrumbList\",\"@id\":\"https:\/\/sunbelt.hu\/de\/produkte\/spezielle-sonderprodukte\/#breadcrumb\",\"itemListElement\":[{\"@type\":\"ListItem\",\"position\":1,\"name\":\"Home\",\"item\":\"https:\/\/sunbelt.hu\/\"},{\"@type\":\"ListItem\",\"position\":2,\"name\":\"Zum Produktionsverfahren erforderliche Produktgruppen\",\"item\":\"https:\/\/sunbelt.hu\/de\/produkte\/\"},{\"@type\":\"ListItem\",\"position\":3,\"name\":\"Spezielle Sonderprodukte\"}]},{\"@type\":\"WebSite\",\"@id\":\"https:\/\/sunbelt.hu\/#website\",\"url\":\"https:\/\/sunbelt.hu\/\",\"name\":\"Sunbelt\",\"description\":\"Beszerz\u00e9s- \u00e9s rakt\u00e1rmenedzsment\",\"potentialAction\":[{\"@type\":\"SearchAction\",\"target\":{\"@type\":\"EntryPoint\",\"urlTemplate\":\"https:\/\/sunbelt.hu\/?s={search_term_string}\"},\"query-input\":{\"@type\":\"PropertyValueSpecification\",\"valueRequired\":true,\"valueName\":\"search_term_string\"}}],\"inLanguage\":\"de\"}]}<\/script>\n<!-- \/ Yoast SEO plugin. -->","yoast_head_json":{"title":"Spezielle Sonderprodukte - Sunbelt","robots":{"index":"index","follow":"follow","max-snippet":"max-snippet:-1","max-image-preview":"max-image-preview:large","max-video-preview":"max-video-preview:-1"},"canonical":"https:\/\/sunbelt.hu\/de\/produkte\/spezielle-sonderprodukte\/","og_locale":"de_DE","og_type":"article","og_title":"Spezielle Sonderprodukte - Sunbelt","og_description":"Haben Sie schon erlebt, dass Sie das unentbehrliche Produkt nur durch viele Nachsuchen beziehen konnten? Die Liste von unseren Produkten wird st\u00e4ndig erweitert, denn wir bem\u00fchen uns, die Bed\u00fcrfnisse unserer Partner bestm\u00f6glich\u00a0zu erf\u00fcllen. Amennyiben speci\u00e1lis ig\u00e9nye van, vegye fel vel\u00fcnk a kapcsolatot \u00e9s m\u00e9rn\u00f6ki t\u00e1mogat\u00e1s keret\u00e9ben megtal\u00e1ljuk az \u00d6n sz\u00e1m\u00e1ra legide\u00e1lisabb megold\u00e1st.","og_url":"https:\/\/sunbelt.hu\/de\/produkte\/spezielle-sonderprodukte\/","og_site_name":"Sunbelt","article_modified_time":"2016-08-02T10:46:37+00:00","og_image":[{"width":405,"height":237,"url":"https:\/\/sunbelt.hu\/wp-content\/uploads\/2016\/05\/product-img-5.jpg","type":"image\/jpeg"}],"twitter_card":"summary_large_image","schema":{"@context":"https:\/\/schema.org","@graph":[{"@type":"WebPage","@id":"https:\/\/sunbelt.hu\/de\/produkte\/spezielle-sonderprodukte\/","url":"https:\/\/sunbelt.hu\/de\/produkte\/spezielle-sonderprodukte\/","name":"Spezielle Sonderprodukte - Sunbelt","isPartOf":{"@id":"https:\/\/sunbelt.hu\/#website"},"primaryImageOfPage":{"@id":"https:\/\/sunbelt.hu\/de\/produkte\/spezielle-sonderprodukte\/#primaryimage"},"image":{"@id":"https:\/\/sunbelt.hu\/de\/produkte\/spezielle-sonderprodukte\/#primaryimage"},"thumbnailUrl":"https:\/\/sunbelt.hu\/wp-content\/uploads\/2016\/05\/product-img-5.jpg","datePublished":"2016-07-29T20:52:31+00:00","dateModified":"2016-08-02T10:46:37+00:00","breadcrumb":{"@id":"https:\/\/sunbelt.hu\/de\/produkte\/spezielle-sonderprodukte\/#breadcrumb"},"inLanguage":"de","potentialAction":[{"@type":"ReadAction","target":["https:\/\/sunbelt.hu\/de\/produkte\/spezielle-sonderprodukte\/"]}]},{"@type":"ImageObject","inLanguage":"de","@id":"https:\/\/sunbelt.hu\/de\/produkte\/spezielle-sonderprodukte\/#primaryimage","url":"https:\/\/sunbelt.hu\/wp-content\/uploads\/2016\/05\/product-img-5.jpg","contentUrl":"https:\/\/sunbelt.hu\/wp-content\/uploads\/2016\/05\/product-img-5.jpg","width":405,"height":237},{"@type":"BreadcrumbList","@id":"https:\/\/sunbelt.hu\/de\/produkte\/spezielle-sonderprodukte\/#breadcrumb","itemListElement":[{"@type":"ListItem","position":1,"name":"Home","item":"https:\/\/sunbelt.hu\/"},{"@type":"ListItem","position":2,"name":"Zum Produktionsverfahren erforderliche Produktgruppen","item":"https:\/\/sunbelt.hu\/de\/produkte\/"},{"@type":"ListItem","position":3,"name":"Spezielle Sonderprodukte"}]},{"@type":"WebSite","@id":"https:\/\/sunbelt.hu\/#website","url":"https:\/\/sunbelt.hu\/","name":"Sunbelt","description":"Beszerz\u00e9s- \u00e9s rakt\u00e1rmenedzsment","potentialAction":[{"@type":"SearchAction","target":{"@type":"EntryPoint","urlTemplate":"https:\/\/sunbelt.hu\/?s={search_term_string}"},"query-input":{"@type":"PropertyValueSpecification","valueRequired":true,"valueName":"search_term_string"}}],"inLanguage":"de"}]}},"_links":{"self":[{"href":"https:\/\/sunbelt.hu\/de\/wp-json\/wp\/v2\/pages\/577","targetHints":{"allow":["GET"]}}],"collection":[{"href":"https:\/\/sunbelt.hu\/de\/wp-json\/wp\/v2\/pages"}],"about":[{"href":"https:\/\/sunbelt.hu\/de\/wp-json\/wp\/v2\/types\/page"}],"author":[{"embeddable":true,"href":"https:\/\/sunbelt.hu\/de\/wp-json\/wp\/v2\/users\/4"}],"replies":[{"embeddable":true,"href":"https:\/\/sunbelt.hu\/de\/wp-json\/wp\/v2\/comments?post=577"}],"version-history":[{"count":2,"href":"https:\/\/sunbelt.hu\/de\/wp-json\/wp\/v2\/pages\/577\/revisions"}],"predecessor-version":[{"id":677,"href":"https:\/\/sunbelt.hu\/de\/wp-json\/wp\/v2\/pages\/577\/revisions\/677"}],"up":[{"embeddable":true,"href":"https:\/\/sunbelt.hu\/de\/wp-json\/wp\/v2\/pages\/568"}],"wp:featuredmedia":[{"embeddable":true,"href":"https:\/\/sunbelt.hu\/de\/wp-json\/wp\/v2\/media\/82"}],"wp:attachment":[{"href":"https:\/\/sunbelt.hu\/de\/wp-json\/wp\/v2\/media?parent=577"}],"curies":[{"name":"wp","href":"https:\/\/api.w.org\/{rel}","templated":true}]}}