{"id":573,"date":"2016-07-29T20:48:23","date_gmt":"2016-07-29T20:48:23","guid":{"rendered":"https:\/\/sunbelt.hu\/?page_id=573&#038;lang=de"},"modified":"2016-08-02T12:46:25","modified_gmt":"2016-08-02T10:46:25","slug":"etiketten","status":"publish","type":"page","link":"https:\/\/sunbelt.hu\/de\/produkte\/etiketten\/","title":{"rendered":"Etiketten"},"content":{"rendered":"<p>Dank unserer Beziehungen zu europ\u00e4ischen, amerikanischen und asiatischen Lieferanten k\u00f6nnen wir Qualit\u00e4tsprodukte den Repr\u00e4sentanten mehrerer Industriesektoren zusichern. Wir bem\u00fchen uns zugleich kontinuierlich zur Vermehrung unserer Beziehungen mit Lieferanten, denn wir wollen m\u00f6glichst viele Auswahlm\u00f6glichkeiten f\u00fcr unsere Kunden bieten.<\/p>\n<p>Unsere gr\u00f6\u00dfte Lieferantenzentrale \u2013Sunbelt Supply LLC \u2013 ist mit ihren Produkten unter anderem auf M\u00e4rkten von Computerindustrie, Halbleiterindustrie, Windkrafttechnik, Automatisierung, R\u00fcstungsindustrie, \u00d6lindustrie, und elektronischer Industrie t\u00e4tig.<\/p>\n<h2>Lernen Sie unser Angebot an Etiketten kennen!<\/h2>\n<ul>\n<li>Etiketten nach UL\/CSL-Normen<\/li>\n<li>Individuelle Etiketten<\/li>\n<li>Digitaldrucketiketten<\/li>\n<li>Stoffe zur Etikettenentfernung<\/li>\n<li>Rollenetiketten<\/li>\n<li>W\u00e4rmeleitende Etiketten<\/li>\n<\/ul>\n<p><img loading=\"lazy\" decoding=\"async\" class=\"alignnone size-full wp-image-431\" src=\"https:\/\/sunbelt.hu\/wp-content\/uploads\/2016\/05\/cimkek.jpg\" alt=\"C\u00edmk\u00e9k\" width=\"900\" height=\"518\" srcset=\"https:\/\/sunbelt.hu\/wp-content\/uploads\/2016\/05\/cimkek.jpg 900w, https:\/\/sunbelt.hu\/wp-content\/uploads\/2016\/05\/cimkek-300x173.jpg 300w, https:\/\/sunbelt.hu\/wp-content\/uploads\/2016\/05\/cimkek-768x442.jpg 768w\" sizes=\"auto, (max-width: 900px) 100vw, 900px\" \/><\/p>\n<p>Die obige Auflistung ist ein kleiner Auszug unseres Produktangebotes. Sollten Sie das f\u00fcr Sie erforderliche Produkt nicht gefunden haben, nehmen Sie bitte den Kontakt mit uns auf, damit wir eine Abstimmung \u00fcber die idealste L\u00f6sung f\u00fcr Sie halten k\u00f6nnen.<\/p>\n<p>Durch Ausf\u00fcllen des Formulars k\u00f6nnen Sie uns Ihre Anfrage bez\u00fcglich unserer verschiedenen individuellen Dienstleistungen einfach stellen.<\/p>\n\n<div class=\"wpcf7 no-js\" id=\"wpcf7-f659-o1\" lang=\"hu-HU\" dir=\"ltr\" data-wpcf7-id=\"659\">\n<div class=\"screen-reader-response\"><p role=\"status\" aria-live=\"polite\" aria-atomic=\"true\"><\/p> <ul><\/ul><\/div>\n<form action=\"\/de\/wp-json\/wp\/v2\/pages\/573#wpcf7-f659-o1\" method=\"post\" class=\"wpcf7-form init\" aria-label=\"Kapcsolatfelv\u00e9teli \u0171rlap\" enctype=\"multipart\/form-data\" novalidate=\"novalidate\" data-status=\"init\">\n<fieldset class=\"hidden-fields-container\"><input type=\"hidden\" name=\"_wpcf7\" value=\"659\" \/><input type=\"hidden\" name=\"_wpcf7_version\" value=\"6.1.2\" \/><input type=\"hidden\" name=\"_wpcf7_locale\" value=\"hu_HU\" \/><input type=\"hidden\" name=\"_wpcf7_unit_tag\" value=\"wpcf7-f659-o1\" \/><input type=\"hidden\" name=\"_wpcf7_container_post\" value=\"0\" \/><input type=\"hidden\" name=\"_wpcf7_posted_data_hash\" value=\"\" \/><input type=\"hidden\" name=\"_wpcf7_recaptcha_response\" value=\"\" \/>\n<\/fieldset>\n<p><span class=\"wpcf7-form-control-wrap\" data-name=\"your-name\"><input size=\"40\" maxlength=\"400\" class=\"wpcf7-form-control wpcf7-text wpcf7-validates-as-required\" aria-required=\"true\" aria-invalid=\"false\" placeholder=\"Name*\" value=\"\" type=\"text\" name=\"your-name\" \/><\/span><br \/>\n<span class=\"wpcf7-form-control-wrap\" data-name=\"your-company\"><input size=\"40\" maxlength=\"400\" class=\"wpcf7-form-control wpcf7-text\" aria-invalid=\"false\" placeholder=\"Unternehmen\" value=\"\" type=\"text\" name=\"your-company\" \/><\/span><br \/>\n<span class=\"wpcf7-form-control-wrap\" data-name=\"your-email\"><input size=\"40\" maxlength=\"400\" class=\"wpcf7-form-control wpcf7-email wpcf7-validates-as-required wpcf7-text wpcf7-validates-as-email\" aria-required=\"true\" aria-invalid=\"false\" placeholder=\"E-Mail-Anschrift*\" value=\"\" type=\"email\" name=\"your-email\" \/><\/span><br \/>\n<span class=\"wpcf7-form-control-wrap\" data-name=\"your-phone\"><input size=\"40\" maxlength=\"400\" class=\"wpcf7-form-control wpcf7-text\" aria-invalid=\"false\" placeholder=\"Telefon\" value=\"\" type=\"text\" name=\"your-phone\" \/><\/span><br \/>\n<span class=\"wpcf7-form-control-wrap\" data-name=\"your-message\"><textarea cols=\"40\" rows=\"10\" maxlength=\"2000\" class=\"wpcf7-form-control wpcf7-textarea\" aria-invalid=\"false\" placeholder=\"Ihre Meldung...\" name=\"your-message\"><\/textarea><\/span>\n<\/p>\n<div class=\"attachment\">\n\t<p>Neben dem Eintragen der Basisangaben besteht Ihnen die M\u00f6glichkeit bei der Anfrage auch Foto oder sonstige Datei (zum Beispiel eine Tabelle mit Produktangaben) beizuf\u00fcgen. Somit wird die m\u00f6glichst pr\u00e4zise \u00dcbergabe von Produktparametern viel einfacher und schneller.\n\t<\/p>\n\t<div class=\"hide\">\n\t\t<p><span class=\"file\">&#xf016;<\/span><span class=\"wpcf7-form-control-wrap\" data-name=\"file-01\"><input size=\"40\" class=\"wpcf7-form-control wpcf7-file\" accept=\"audio\/*,video\/*,image\/*\" aria-invalid=\"false\" type=\"file\" name=\"file-01\" \/><\/span>\n\t\t<\/p>\n\t<\/div>\n\t<div class=\"hide\">\n\t\t<p><a class=\"del_file\" href=\"#\" title=\"Visszavon\u00e1s\">&#xf014;<\/a><span class=\"wpcf7-form-control-wrap\" data-name=\"file-02\"><input size=\"40\" class=\"wpcf7-form-control wpcf7-file\" accept=\"audio\/*,video\/*,image\/*\" aria-invalid=\"false\" type=\"file\" name=\"file-02\" \/><\/span>\n\t\t<\/p>\n\t<\/div>\n\t<div class=\"hide\">\n\t\t<p><a class=\"del_file\" href=\"#\" title=\"Visszavon\u00e1s\">&#xf014;<\/a><span class=\"wpcf7-form-control-wrap\" data-name=\"file-03\"><input size=\"40\" class=\"wpcf7-form-control wpcf7-file\" accept=\"audio\/*,video\/*,image\/*\" aria-invalid=\"false\" type=\"file\" name=\"file-03\" \/><\/span>\n\t\t<\/p>\n\t<\/div>\n\t<div class=\"hide\">\n\t\t<p><a class=\"del_file\" href=\"#\" title=\"Visszavon\u00e1s\">&#xf014;<\/a><span class=\"wpcf7-form-control-wrap\" data-name=\"file-04\"><input size=\"40\" class=\"wpcf7-form-control wpcf7-file\" accept=\"audio\/*,video\/*,image\/*\" aria-invalid=\"false\" type=\"file\" name=\"file-04\" \/><\/span>\n\t\t<\/p>\n\t<\/div>\n\t<div class=\"hide\">\n\t\t<p><a class=\"del_file\" href=\"#\" title=\"Visszavon\u00e1s\">&#xf014;<\/a><span class=\"wpcf7-form-control-wrap\" data-name=\"file-05\"><input size=\"40\" class=\"wpcf7-form-control wpcf7-file\" accept=\"audio\/*,video\/*,image\/*\" aria-invalid=\"false\" type=\"file\" name=\"file-05\" \/><\/span>\n\t\t<\/p>\n\t<\/div>\n\t<div class=\"add_file\">\n\t\t<p><span>&#xf055;<\/span> Weitere Dateien zuf\u00fcgen\n\t\t<\/p>\n\t<\/div>\n<\/div>\n<span class=\"wpcf7-form-control-wrap recaptcha\" data-name=\"recaptcha\"><span data-sitekey=\"6Leuq_UUAAAAACBseparGx9bwUEcTp5oJDA8_0rL\" class=\"wpcf7-form-control wpcf7-recaptcha g-recaptcha\"><\/span>\r\n<noscript>\r\n\t<div class=\"grecaptcha-noscript\">\r\n\t\t<iframe loading=\"lazy\" src=\"https:\/\/www.google.com\/recaptcha\/api\/fallback?k=6Leuq_UUAAAAACBseparGx9bwUEcTp5oJDA8_0rL\" frameborder=\"0\" scrolling=\"no\" width=\"310\" height=\"430\">\r\n\t\t<\/iframe>\r\n\t\t<textarea name=\"g-recaptcha-response\" rows=\"3\" cols=\"40\" placeholder=\"reCaptcha Response Here\">\r\n\t\t<\/textarea>\r\n\t<\/div>\r\n<\/noscript>\r\n<\/span>\n<p><button type=\"submit\" class=\"custom\">Anfrage senden<\/button>\n<\/p><div class=\"wpcf7-response-output\" aria-hidden=\"true\"><\/div>\n<\/form>\n<\/div>\n\n","protected":false},"excerpt":{"rendered":"<p>Dank unserer Beziehungen zu europ\u00e4ischen, amerikanischen und asiatischen Lieferanten k\u00f6nnen wir Qualit\u00e4tsprodukte den Repr\u00e4sentanten mehrerer Industriesektoren zusichern. Wir bem\u00fchen uns zugleich kontinuierlich zur Vermehrung unserer Beziehungen mit Lieferanten, denn wir wollen m\u00f6glichst viele Auswahlm\u00f6glichkeiten f\u00fcr unsere Kunden bieten. Unsere gr\u00f6\u00dfte Lieferantenzentrale \u2013Sunbelt Supply LLC \u2013 ist mit ihren Produkten unter anderem auf M\u00e4rkten von Computerindustrie, [&hellip;]<\/p>\n","protected":false},"author":4,"featured_media":76,"parent":568,"menu_order":67,"comment_status":"closed","ping_status":"closed","template":"","meta":{"_acf_changed":false,"footnotes":""},"class_list":["post-573","page","type-page","status-publish","has-post-thumbnail","hentry"],"acf":[],"yoast_head":"<!-- This site is optimized with the Yoast SEO plugin v26.1.1 - https:\/\/yoast.com\/wordpress\/plugins\/seo\/ -->\n<title>Etiketten - Sunbelt<\/title>\n<meta name=\"robots\" content=\"index, follow, max-snippet:-1, max-image-preview:large, max-video-preview:-1\" \/>\n<link rel=\"canonical\" href=\"https:\/\/sunbelt.hu\/de\/produkte\/etiketten\/\" \/>\n<meta property=\"og:locale\" content=\"de_DE\" \/>\n<meta property=\"og:type\" content=\"article\" \/>\n<meta property=\"og:title\" content=\"Etiketten - Sunbelt\" \/>\n<meta property=\"og:description\" content=\"Dank unserer Beziehungen zu europ\u00e4ischen, amerikanischen und asiatischen Lieferanten k\u00f6nnen wir Qualit\u00e4tsprodukte den Repr\u00e4sentanten mehrerer Industriesektoren zusichern. Wir bem\u00fchen uns zugleich kontinuierlich zur Vermehrung unserer Beziehungen mit Lieferanten, denn wir wollen m\u00f6glichst viele Auswahlm\u00f6glichkeiten f\u00fcr unsere Kunden bieten. Unsere gr\u00f6\u00dfte Lieferantenzentrale \u2013Sunbelt Supply LLC \u2013 ist mit ihren Produkten unter anderem auf M\u00e4rkten von Computerindustrie, [&hellip;]\" \/>\n<meta property=\"og:url\" content=\"https:\/\/sunbelt.hu\/de\/produkte\/etiketten\/\" \/>\n<meta property=\"og:site_name\" content=\"Sunbelt\" \/>\n<meta property=\"article:modified_time\" content=\"2016-08-02T10:46:25+00:00\" \/>\n<meta property=\"og:image\" content=\"https:\/\/sunbelt.hu\/wp-content\/uploads\/2016\/05\/product-img-3.jpg\" \/>\n\t<meta property=\"og:image:width\" content=\"406\" \/>\n\t<meta property=\"og:image:height\" content=\"237\" \/>\n\t<meta property=\"og:image:type\" content=\"image\/jpeg\" \/>\n<meta name=\"twitter:card\" content=\"summary_large_image\" \/>\n<meta name=\"twitter:label1\" content=\"Gesch\u00e4tzte Lesezeit\" \/>\n\t<meta name=\"twitter:data1\" content=\"1\u00a0Minute\" \/>\n<script type=\"application\/ld+json\" class=\"yoast-schema-graph\">{\"@context\":\"https:\/\/schema.org\",\"@graph\":[{\"@type\":\"WebPage\",\"@id\":\"https:\/\/sunbelt.hu\/de\/produkte\/etiketten\/\",\"url\":\"https:\/\/sunbelt.hu\/de\/produkte\/etiketten\/\",\"name\":\"Etiketten - Sunbelt\",\"isPartOf\":{\"@id\":\"https:\/\/sunbelt.hu\/#website\"},\"primaryImageOfPage\":{\"@id\":\"https:\/\/sunbelt.hu\/de\/produkte\/etiketten\/#primaryimage\"},\"image\":{\"@id\":\"https:\/\/sunbelt.hu\/de\/produkte\/etiketten\/#primaryimage\"},\"thumbnailUrl\":\"https:\/\/sunbelt.hu\/wp-content\/uploads\/2016\/05\/product-img-3.jpg\",\"datePublished\":\"2016-07-29T20:48:23+00:00\",\"dateModified\":\"2016-08-02T10:46:25+00:00\",\"breadcrumb\":{\"@id\":\"https:\/\/sunbelt.hu\/de\/produkte\/etiketten\/#breadcrumb\"},\"inLanguage\":\"de\",\"potentialAction\":[{\"@type\":\"ReadAction\",\"target\":[\"https:\/\/sunbelt.hu\/de\/produkte\/etiketten\/\"]}]},{\"@type\":\"ImageObject\",\"inLanguage\":\"de\",\"@id\":\"https:\/\/sunbelt.hu\/de\/produkte\/etiketten\/#primaryimage\",\"url\":\"https:\/\/sunbelt.hu\/wp-content\/uploads\/2016\/05\/product-img-3.jpg\",\"contentUrl\":\"https:\/\/sunbelt.hu\/wp-content\/uploads\/2016\/05\/product-img-3.jpg\",\"width\":406,\"height\":237},{\"@type\":\"BreadcrumbList\",\"@id\":\"https:\/\/sunbelt.hu\/de\/produkte\/etiketten\/#breadcrumb\",\"itemListElement\":[{\"@type\":\"ListItem\",\"position\":1,\"name\":\"Home\",\"item\":\"https:\/\/sunbelt.hu\/\"},{\"@type\":\"ListItem\",\"position\":2,\"name\":\"Zum Produktionsverfahren erforderliche Produktgruppen\",\"item\":\"https:\/\/sunbelt.hu\/de\/produkte\/\"},{\"@type\":\"ListItem\",\"position\":3,\"name\":\"Etiketten\"}]},{\"@type\":\"WebSite\",\"@id\":\"https:\/\/sunbelt.hu\/#website\",\"url\":\"https:\/\/sunbelt.hu\/\",\"name\":\"Sunbelt\",\"description\":\"Beszerz\u00e9s- \u00e9s rakt\u00e1rmenedzsment\",\"potentialAction\":[{\"@type\":\"SearchAction\",\"target\":{\"@type\":\"EntryPoint\",\"urlTemplate\":\"https:\/\/sunbelt.hu\/?s={search_term_string}\"},\"query-input\":{\"@type\":\"PropertyValueSpecification\",\"valueRequired\":true,\"valueName\":\"search_term_string\"}}],\"inLanguage\":\"de\"}]}<\/script>\n<!-- \/ Yoast SEO plugin. -->","yoast_head_json":{"title":"Etiketten - Sunbelt","robots":{"index":"index","follow":"follow","max-snippet":"max-snippet:-1","max-image-preview":"max-image-preview:large","max-video-preview":"max-video-preview:-1"},"canonical":"https:\/\/sunbelt.hu\/de\/produkte\/etiketten\/","og_locale":"de_DE","og_type":"article","og_title":"Etiketten - Sunbelt","og_description":"Dank unserer Beziehungen zu europ\u00e4ischen, amerikanischen und asiatischen Lieferanten k\u00f6nnen wir Qualit\u00e4tsprodukte den Repr\u00e4sentanten mehrerer Industriesektoren zusichern. Wir bem\u00fchen uns zugleich kontinuierlich zur Vermehrung unserer Beziehungen mit Lieferanten, denn wir wollen m\u00f6glichst viele Auswahlm\u00f6glichkeiten f\u00fcr unsere Kunden bieten. Unsere gr\u00f6\u00dfte Lieferantenzentrale \u2013Sunbelt Supply LLC \u2013 ist mit ihren Produkten unter anderem auf M\u00e4rkten von Computerindustrie, [&hellip;]","og_url":"https:\/\/sunbelt.hu\/de\/produkte\/etiketten\/","og_site_name":"Sunbelt","article_modified_time":"2016-08-02T10:46:25+00:00","og_image":[{"width":406,"height":237,"url":"https:\/\/sunbelt.hu\/wp-content\/uploads\/2016\/05\/product-img-3.jpg","type":"image\/jpeg"}],"twitter_card":"summary_large_image","twitter_misc":{"Gesch\u00e4tzte Lesezeit":"1\u00a0Minute"},"schema":{"@context":"https:\/\/schema.org","@graph":[{"@type":"WebPage","@id":"https:\/\/sunbelt.hu\/de\/produkte\/etiketten\/","url":"https:\/\/sunbelt.hu\/de\/produkte\/etiketten\/","name":"Etiketten - Sunbelt","isPartOf":{"@id":"https:\/\/sunbelt.hu\/#website"},"primaryImageOfPage":{"@id":"https:\/\/sunbelt.hu\/de\/produkte\/etiketten\/#primaryimage"},"image":{"@id":"https:\/\/sunbelt.hu\/de\/produkte\/etiketten\/#primaryimage"},"thumbnailUrl":"https:\/\/sunbelt.hu\/wp-content\/uploads\/2016\/05\/product-img-3.jpg","datePublished":"2016-07-29T20:48:23+00:00","dateModified":"2016-08-02T10:46:25+00:00","breadcrumb":{"@id":"https:\/\/sunbelt.hu\/de\/produkte\/etiketten\/#breadcrumb"},"inLanguage":"de","potentialAction":[{"@type":"ReadAction","target":["https:\/\/sunbelt.hu\/de\/produkte\/etiketten\/"]}]},{"@type":"ImageObject","inLanguage":"de","@id":"https:\/\/sunbelt.hu\/de\/produkte\/etiketten\/#primaryimage","url":"https:\/\/sunbelt.hu\/wp-content\/uploads\/2016\/05\/product-img-3.jpg","contentUrl":"https:\/\/sunbelt.hu\/wp-content\/uploads\/2016\/05\/product-img-3.jpg","width":406,"height":237},{"@type":"BreadcrumbList","@id":"https:\/\/sunbelt.hu\/de\/produkte\/etiketten\/#breadcrumb","itemListElement":[{"@type":"ListItem","position":1,"name":"Home","item":"https:\/\/sunbelt.hu\/"},{"@type":"ListItem","position":2,"name":"Zum Produktionsverfahren erforderliche Produktgruppen","item":"https:\/\/sunbelt.hu\/de\/produkte\/"},{"@type":"ListItem","position":3,"name":"Etiketten"}]},{"@type":"WebSite","@id":"https:\/\/sunbelt.hu\/#website","url":"https:\/\/sunbelt.hu\/","name":"Sunbelt","description":"Beszerz\u00e9s- \u00e9s rakt\u00e1rmenedzsment","potentialAction":[{"@type":"SearchAction","target":{"@type":"EntryPoint","urlTemplate":"https:\/\/sunbelt.hu\/?s={search_term_string}"},"query-input":{"@type":"PropertyValueSpecification","valueRequired":true,"valueName":"search_term_string"}}],"inLanguage":"de"}]}},"_links":{"self":[{"href":"https:\/\/sunbelt.hu\/de\/wp-json\/wp\/v2\/pages\/573","targetHints":{"allow":["GET"]}}],"collection":[{"href":"https:\/\/sunbelt.hu\/de\/wp-json\/wp\/v2\/pages"}],"about":[{"href":"https:\/\/sunbelt.hu\/de\/wp-json\/wp\/v2\/types\/page"}],"author":[{"embeddable":true,"href":"https:\/\/sunbelt.hu\/de\/wp-json\/wp\/v2\/users\/4"}],"replies":[{"embeddable":true,"href":"https:\/\/sunbelt.hu\/de\/wp-json\/wp\/v2\/comments?post=573"}],"version-history":[{"count":2,"href":"https:\/\/sunbelt.hu\/de\/wp-json\/wp\/v2\/pages\/573\/revisions"}],"predecessor-version":[{"id":675,"href":"https:\/\/sunbelt.hu\/de\/wp-json\/wp\/v2\/pages\/573\/revisions\/675"}],"up":[{"embeddable":true,"href":"https:\/\/sunbelt.hu\/de\/wp-json\/wp\/v2\/pages\/568"}],"wp:featuredmedia":[{"embeddable":true,"href":"https:\/\/sunbelt.hu\/de\/wp-json\/wp\/v2\/media\/76"}],"wp:attachment":[{"href":"https:\/\/sunbelt.hu\/de\/wp-json\/wp\/v2\/media?parent=573"}],"curies":[{"name":"wp","href":"https:\/\/api.w.org\/{rel}","templated":true}]}}