{"id":568,"date":"2016-07-29T20:44:01","date_gmt":"2016-07-29T20:44:01","guid":{"rendered":"https:\/\/sunbelt.hu\/?page_id=568&#038;lang=de"},"modified":"2016-08-02T06:52:31","modified_gmt":"2016-08-02T06:52:31","slug":"produkte","status":"publish","type":"page","link":"https:\/\/sunbelt.hu\/de\/produkte\/","title":{"rendered":"Zum Produktionsverfahren erforderliche Produktgruppen"},"content":{"rendered":"<p>Dank unserer Beziehungen zu europ\u00e4ischen, amerikanischen und asiatischen Lieferanten k\u00f6nnen wir Qualit\u00e4tsprodukte den Repr\u00e4sentanten mehrerer Industriesektoren zusichern. Wir bem\u00fchen uns zugleich kontinuierlich zur Vermehrung unserer Beziehungen mit Lieferanten, denn wir wollen m\u00f6glichst viele Auswahlm\u00f6glichkeiten f\u00fcr unsere Kunden bieten.<\/p>\n<p>Unsere gr\u00f6\u00dfte Lieferantenzentrale \u2013Sunbelt Supply LLC \u2013 ist mit ihren Produkten unter anderem auf M\u00e4rkten von Computerindustrie, Halbleiterindustrie, Windkrafttechnik, Automatisierung, R\u00fcstungsindustrie, \u00d6lindustrie, und elektronischer Industrie t\u00e4tig.<\/p>\n","protected":false},"excerpt":{"rendered":"<p>Dank unserer Beziehungen zu europ\u00e4ischen, amerikanischen und asiatischen Lieferanten k\u00f6nnen wir Qualit\u00e4tsprodukte den Repr\u00e4sentanten mehrerer Industriesektoren zusichern. Wir bem\u00fchen uns zugleich kontinuierlich zur Vermehrung unserer Beziehungen mit Lieferanten, denn wir wollen m\u00f6glichst viele Auswahlm\u00f6glichkeiten f\u00fcr unsere Kunden bieten. Unsere gr\u00f6\u00dfte Lieferantenzentrale \u2013Sunbelt Supply LLC \u2013 ist mit ihren Produkten unter anderem auf M\u00e4rkten von Computerindustrie, [&hellip;]<\/p>\n","protected":false},"author":4,"featured_media":0,"parent":0,"menu_order":62,"comment_status":"closed","ping_status":"closed","template":"","meta":{"_acf_changed":false,"footnotes":""},"class_list":["post-568","page","type-page","status-publish","hentry"],"acf":[],"yoast_head":"<!-- This site is optimized with the Yoast SEO plugin v26.1.1 - https:\/\/yoast.com\/wordpress\/plugins\/seo\/ -->\n<title>Zum Produktionsverfahren erforderliche Produktgruppen - Sunbelt<\/title>\n<meta name=\"robots\" content=\"index, follow, max-snippet:-1, max-image-preview:large, max-video-preview:-1\" \/>\n<link rel=\"canonical\" href=\"https:\/\/sunbelt.hu\/de\/produkte\/\" \/>\n<meta property=\"og:locale\" content=\"de_DE\" \/>\n<meta property=\"og:type\" content=\"article\" \/>\n<meta property=\"og:title\" content=\"Zum Produktionsverfahren erforderliche Produktgruppen - Sunbelt\" \/>\n<meta property=\"og:description\" content=\"Dank unserer Beziehungen zu europ\u00e4ischen, amerikanischen und asiatischen Lieferanten k\u00f6nnen wir Qualit\u00e4tsprodukte den Repr\u00e4sentanten mehrerer Industriesektoren zusichern. Wir bem\u00fchen uns zugleich kontinuierlich zur Vermehrung unserer Beziehungen mit Lieferanten, denn wir wollen m\u00f6glichst viele Auswahlm\u00f6glichkeiten f\u00fcr unsere Kunden bieten. Unsere gr\u00f6\u00dfte Lieferantenzentrale \u2013Sunbelt Supply LLC \u2013 ist mit ihren Produkten unter anderem auf M\u00e4rkten von Computerindustrie, [&hellip;]\" \/>\n<meta property=\"og:url\" content=\"https:\/\/sunbelt.hu\/de\/produkte\/\" \/>\n<meta property=\"og:site_name\" content=\"Sunbelt\" \/>\n<meta property=\"article:modified_time\" content=\"2016-08-02T06:52:31+00:00\" \/>\n<meta name=\"twitter:card\" content=\"summary_large_image\" \/>\n<script type=\"application\/ld+json\" class=\"yoast-schema-graph\">{\"@context\":\"https:\/\/schema.org\",\"@graph\":[{\"@type\":\"WebPage\",\"@id\":\"https:\/\/sunbelt.hu\/de\/produkte\/\",\"url\":\"https:\/\/sunbelt.hu\/de\/produkte\/\",\"name\":\"Zum Produktionsverfahren erforderliche Produktgruppen - Sunbelt\",\"isPartOf\":{\"@id\":\"https:\/\/sunbelt.hu\/#website\"},\"datePublished\":\"2016-07-29T20:44:01+00:00\",\"dateModified\":\"2016-08-02T06:52:31+00:00\",\"breadcrumb\":{\"@id\":\"https:\/\/sunbelt.hu\/de\/produkte\/#breadcrumb\"},\"inLanguage\":\"de\",\"potentialAction\":[{\"@type\":\"ReadAction\",\"target\":[\"https:\/\/sunbelt.hu\/de\/produkte\/\"]}]},{\"@type\":\"BreadcrumbList\",\"@id\":\"https:\/\/sunbelt.hu\/de\/produkte\/#breadcrumb\",\"itemListElement\":[{\"@type\":\"ListItem\",\"position\":1,\"name\":\"Home\",\"item\":\"https:\/\/sunbelt.hu\/\"},{\"@type\":\"ListItem\",\"position\":2,\"name\":\"Zum Produktionsverfahren erforderliche Produktgruppen\"}]},{\"@type\":\"WebSite\",\"@id\":\"https:\/\/sunbelt.hu\/#website\",\"url\":\"https:\/\/sunbelt.hu\/\",\"name\":\"Sunbelt\",\"description\":\"Beszerz\u00e9s- \u00e9s rakt\u00e1rmenedzsment\",\"potentialAction\":[{\"@type\":\"SearchAction\",\"target\":{\"@type\":\"EntryPoint\",\"urlTemplate\":\"https:\/\/sunbelt.hu\/?s={search_term_string}\"},\"query-input\":{\"@type\":\"PropertyValueSpecification\",\"valueRequired\":true,\"valueName\":\"search_term_string\"}}],\"inLanguage\":\"de\"}]}<\/script>\n<!-- \/ Yoast SEO plugin. -->","yoast_head_json":{"title":"Zum Produktionsverfahren erforderliche Produktgruppen - Sunbelt","robots":{"index":"index","follow":"follow","max-snippet":"max-snippet:-1","max-image-preview":"max-image-preview:large","max-video-preview":"max-video-preview:-1"},"canonical":"https:\/\/sunbelt.hu\/de\/produkte\/","og_locale":"de_DE","og_type":"article","og_title":"Zum Produktionsverfahren erforderliche Produktgruppen - Sunbelt","og_description":"Dank unserer Beziehungen zu europ\u00e4ischen, amerikanischen und asiatischen Lieferanten k\u00f6nnen wir Qualit\u00e4tsprodukte den Repr\u00e4sentanten mehrerer Industriesektoren zusichern. Wir bem\u00fchen uns zugleich kontinuierlich zur Vermehrung unserer Beziehungen mit Lieferanten, denn wir wollen m\u00f6glichst viele Auswahlm\u00f6glichkeiten f\u00fcr unsere Kunden bieten. Unsere gr\u00f6\u00dfte Lieferantenzentrale \u2013Sunbelt Supply LLC \u2013 ist mit ihren Produkten unter anderem auf M\u00e4rkten von Computerindustrie, [&hellip;]","og_url":"https:\/\/sunbelt.hu\/de\/produkte\/","og_site_name":"Sunbelt","article_modified_time":"2016-08-02T06:52:31+00:00","twitter_card":"summary_large_image","schema":{"@context":"https:\/\/schema.org","@graph":[{"@type":"WebPage","@id":"https:\/\/sunbelt.hu\/de\/produkte\/","url":"https:\/\/sunbelt.hu\/de\/produkte\/","name":"Zum Produktionsverfahren erforderliche Produktgruppen - Sunbelt","isPartOf":{"@id":"https:\/\/sunbelt.hu\/#website"},"datePublished":"2016-07-29T20:44:01+00:00","dateModified":"2016-08-02T06:52:31+00:00","breadcrumb":{"@id":"https:\/\/sunbelt.hu\/de\/produkte\/#breadcrumb"},"inLanguage":"de","potentialAction":[{"@type":"ReadAction","target":["https:\/\/sunbelt.hu\/de\/produkte\/"]}]},{"@type":"BreadcrumbList","@id":"https:\/\/sunbelt.hu\/de\/produkte\/#breadcrumb","itemListElement":[{"@type":"ListItem","position":1,"name":"Home","item":"https:\/\/sunbelt.hu\/"},{"@type":"ListItem","position":2,"name":"Zum Produktionsverfahren erforderliche Produktgruppen"}]},{"@type":"WebSite","@id":"https:\/\/sunbelt.hu\/#website","url":"https:\/\/sunbelt.hu\/","name":"Sunbelt","description":"Beszerz\u00e9s- \u00e9s rakt\u00e1rmenedzsment","potentialAction":[{"@type":"SearchAction","target":{"@type":"EntryPoint","urlTemplate":"https:\/\/sunbelt.hu\/?s={search_term_string}"},"query-input":{"@type":"PropertyValueSpecification","valueRequired":true,"valueName":"search_term_string"}}],"inLanguage":"de"}]}},"_links":{"self":[{"href":"https:\/\/sunbelt.hu\/de\/wp-json\/wp\/v2\/pages\/568","targetHints":{"allow":["GET"]}}],"collection":[{"href":"https:\/\/sunbelt.hu\/de\/wp-json\/wp\/v2\/pages"}],"about":[{"href":"https:\/\/sunbelt.hu\/de\/wp-json\/wp\/v2\/types\/page"}],"author":[{"embeddable":true,"href":"https:\/\/sunbelt.hu\/de\/wp-json\/wp\/v2\/users\/4"}],"replies":[{"embeddable":true,"href":"https:\/\/sunbelt.hu\/de\/wp-json\/wp\/v2\/comments?post=568"}],"version-history":[{"count":1,"href":"https:\/\/sunbelt.hu\/de\/wp-json\/wp\/v2\/pages\/568\/revisions"}],"predecessor-version":[{"id":569,"href":"https:\/\/sunbelt.hu\/de\/wp-json\/wp\/v2\/pages\/568\/revisions\/569"}],"wp:attachment":[{"href":"https:\/\/sunbelt.hu\/de\/wp-json\/wp\/v2\/media?parent=568"}],"curies":[{"name":"wp","href":"https:\/\/api.w.org\/{rel}","templated":true}]}}