{"id":566,"date":"2016-07-29T20:42:42","date_gmt":"2016-07-29T20:42:42","guid":{"rendered":"https:\/\/sunbelt.hu\/?page_id=566&#038;lang=de"},"modified":"2016-07-29T20:42:42","modified_gmt":"2016-07-29T20:42:42","slug":"sonderloesungen","status":"publish","type":"page","link":"https:\/\/sunbelt.hu\/de\/dienstleistungen\/sonderloesungen\/","title":{"rendered":"Sonderl\u00f6sungen"},"content":{"rendered":"<p>Die Gebundenheit der innenbetrieblichen Prozesse hat oft Zufolge, dass die speziellen Probleme nur schwierig, inflexibel in dem gegeben Unternehmen behandelt werden k\u00f6nnen. Wir scheuen nicht zur\u00fcck, wenn unsere Kunden sich mit individuellen Problemen an uns wenden \u2013 bieten wir unternehmensspezifische L\u00f6sungen zum Beispiel in den folgenden Bereichen:<\/p>\n<ul>\n<li>Aufsp\u00fcren und Beziehen verschiedener Teile in geringer Anzahl, die zur Einf\u00fchrung neuer Produkte notwendig sind, durch eine Bezugsquelle.<\/li>\n<li>Ausbau und Betrieb vom KANBAN-System.<\/li>\n<li>Konfektionieren, Umgestaltung des Produktes, das die Kundenanspr\u00fcche teils erf\u00fcllt.<\/li>\n<li>Unterst\u00fctzung durch Entwicklungsingenieur und Prototyperzeugung.<\/li>\n<li>Verpackung individueller Aufmachungen, individuelle Zusammenstellungen.<\/li>\n<li>Reparaturarbeiten an vorhandenem Produkt.<\/li>\n<li>Zollabfertigung.<\/li>\n<\/ul>\n<p>Wenn Sie keine Dienstleistung in unserem Portfolio finden, die eine L\u00f6sung f\u00fcr Sie zeigt, wir gestalten eine, die Ihren Anspr\u00fcchen entspricht.<\/p>\n<p><img loading=\"lazy\" decoding=\"async\" class=\"alignnone size-full wp-image-308\" src=\"https:\/\/sunbelt.hu\/wp-content\/uploads\/2016\/05\/sunbelt_egyedi_megoldasok.jpg\" alt=\"sunbelt_egyedi_megoldasok\" width=\"900\" height=\"599\" srcset=\"https:\/\/sunbelt.hu\/wp-content\/uploads\/2016\/05\/sunbelt_egyedi_megoldasok.jpg 900w, https:\/\/sunbelt.hu\/wp-content\/uploads\/2016\/05\/sunbelt_egyedi_megoldasok-300x200.jpg 300w, https:\/\/sunbelt.hu\/wp-content\/uploads\/2016\/05\/sunbelt_egyedi_megoldasok-768x511.jpg 768w\" sizes=\"auto, (max-width: 900px) 100vw, 900px\" \/><\/p>\n","protected":false},"excerpt":{"rendered":"<p>Die Gebundenheit der innenbetrieblichen Prozesse hat oft Zufolge, dass die speziellen Probleme nur schwierig, inflexibel in dem gegeben Unternehmen behandelt werden k\u00f6nnen. Wir scheuen nicht zur\u00fcck, wenn unsere Kunden sich mit individuellen Problemen an uns wenden \u2013 bieten wir unternehmensspezifische L\u00f6sungen zum Beispiel in den folgenden Bereichen: Aufsp\u00fcren und Beziehen verschiedener Teile in geringer Anzahl, [&hellip;]<\/p>\n","protected":false},"author":4,"featured_media":117,"parent":558,"menu_order":58,"comment_status":"closed","ping_status":"closed","template":"","meta":{"_acf_changed":false,"footnotes":""},"class_list":["post-566","page","type-page","status-publish","has-post-thumbnail","hentry"],"acf":[],"yoast_head":"<!-- This site is optimized with the Yoast SEO plugin v26.1.1 - https:\/\/yoast.com\/wordpress\/plugins\/seo\/ -->\n<title>Sonderl\u00f6sungen - Sunbelt<\/title>\n<meta name=\"robots\" content=\"index, follow, max-snippet:-1, max-image-preview:large, max-video-preview:-1\" \/>\n<link rel=\"canonical\" href=\"https:\/\/sunbelt.hu\/de\/dienstleistungen\/sonderloesungen\/\" \/>\n<meta property=\"og:locale\" content=\"de_DE\" \/>\n<meta property=\"og:type\" content=\"article\" \/>\n<meta property=\"og:title\" content=\"Sonderl\u00f6sungen - Sunbelt\" \/>\n<meta property=\"og:description\" content=\"Die Gebundenheit der innenbetrieblichen Prozesse hat oft Zufolge, dass die speziellen Probleme nur schwierig, inflexibel in dem gegeben Unternehmen behandelt werden k\u00f6nnen. Wir scheuen nicht zur\u00fcck, wenn unsere Kunden sich mit individuellen Problemen an uns wenden \u2013 bieten wir unternehmensspezifische L\u00f6sungen zum Beispiel in den folgenden Bereichen: Aufsp\u00fcren und Beziehen verschiedener Teile in geringer Anzahl, [&hellip;]\" \/>\n<meta property=\"og:url\" content=\"https:\/\/sunbelt.hu\/de\/dienstleistungen\/sonderloesungen\/\" \/>\n<meta property=\"og:site_name\" content=\"Sunbelt\" \/>\n<meta property=\"og:image\" content=\"https:\/\/sunbelt.hu\/wp-content\/uploads\/2016\/05\/szolgaltatas-4-1.jpg\" \/>\n\t<meta property=\"og:image:width\" content=\"300\" \/>\n\t<meta property=\"og:image:height\" content=\"300\" \/>\n\t<meta property=\"og:image:type\" content=\"image\/jpeg\" \/>\n<meta name=\"twitter:card\" content=\"summary_large_image\" \/>\n<meta name=\"twitter:label1\" content=\"Gesch\u00e4tzte Lesezeit\" \/>\n\t<meta name=\"twitter:data1\" content=\"1\u00a0Minute\" \/>\n<script type=\"application\/ld+json\" class=\"yoast-schema-graph\">{\"@context\":\"https:\/\/schema.org\",\"@graph\":[{\"@type\":\"WebPage\",\"@id\":\"https:\/\/sunbelt.hu\/de\/dienstleistungen\/sonderloesungen\/\",\"url\":\"https:\/\/sunbelt.hu\/de\/dienstleistungen\/sonderloesungen\/\",\"name\":\"Sonderl\u00f6sungen - Sunbelt\",\"isPartOf\":{\"@id\":\"https:\/\/sunbelt.hu\/#website\"},\"primaryImageOfPage\":{\"@id\":\"https:\/\/sunbelt.hu\/de\/dienstleistungen\/sonderloesungen\/#primaryimage\"},\"image\":{\"@id\":\"https:\/\/sunbelt.hu\/de\/dienstleistungen\/sonderloesungen\/#primaryimage\"},\"thumbnailUrl\":\"https:\/\/sunbelt.hu\/wp-content\/uploads\/2016\/05\/szolgaltatas-4-1.jpg\",\"datePublished\":\"2016-07-29T20:42:42+00:00\",\"breadcrumb\":{\"@id\":\"https:\/\/sunbelt.hu\/de\/dienstleistungen\/sonderloesungen\/#breadcrumb\"},\"inLanguage\":\"de\",\"potentialAction\":[{\"@type\":\"ReadAction\",\"target\":[\"https:\/\/sunbelt.hu\/de\/dienstleistungen\/sonderloesungen\/\"]}]},{\"@type\":\"ImageObject\",\"inLanguage\":\"de\",\"@id\":\"https:\/\/sunbelt.hu\/de\/dienstleistungen\/sonderloesungen\/#primaryimage\",\"url\":\"https:\/\/sunbelt.hu\/wp-content\/uploads\/2016\/05\/szolgaltatas-4-1.jpg\",\"contentUrl\":\"https:\/\/sunbelt.hu\/wp-content\/uploads\/2016\/05\/szolgaltatas-4-1.jpg\",\"width\":300,\"height\":300},{\"@type\":\"BreadcrumbList\",\"@id\":\"https:\/\/sunbelt.hu\/de\/dienstleistungen\/sonderloesungen\/#breadcrumb\",\"itemListElement\":[{\"@type\":\"ListItem\",\"position\":1,\"name\":\"Home\",\"item\":\"https:\/\/sunbelt.hu\/\"},{\"@type\":\"ListItem\",\"position\":2,\"name\":\"Verbessern Sie die Effektivit\u00e4t des Einkaufs Ihres Unternehmens\",\"item\":\"https:\/\/sunbelt.hu\/de\/dienstleistungen\/\"},{\"@type\":\"ListItem\",\"position\":3,\"name\":\"Sonderl\u00f6sungen\"}]},{\"@type\":\"WebSite\",\"@id\":\"https:\/\/sunbelt.hu\/#website\",\"url\":\"https:\/\/sunbelt.hu\/\",\"name\":\"Sunbelt\",\"description\":\"Beszerz\u00e9s- \u00e9s rakt\u00e1rmenedzsment\",\"potentialAction\":[{\"@type\":\"SearchAction\",\"target\":{\"@type\":\"EntryPoint\",\"urlTemplate\":\"https:\/\/sunbelt.hu\/?s={search_term_string}\"},\"query-input\":{\"@type\":\"PropertyValueSpecification\",\"valueRequired\":true,\"valueName\":\"search_term_string\"}}],\"inLanguage\":\"de\"}]}<\/script>\n<!-- \/ Yoast SEO plugin. -->","yoast_head_json":{"title":"Sonderl\u00f6sungen - Sunbelt","robots":{"index":"index","follow":"follow","max-snippet":"max-snippet:-1","max-image-preview":"max-image-preview:large","max-video-preview":"max-video-preview:-1"},"canonical":"https:\/\/sunbelt.hu\/de\/dienstleistungen\/sonderloesungen\/","og_locale":"de_DE","og_type":"article","og_title":"Sonderl\u00f6sungen - Sunbelt","og_description":"Die Gebundenheit der innenbetrieblichen Prozesse hat oft Zufolge, dass die speziellen Probleme nur schwierig, inflexibel in dem gegeben Unternehmen behandelt werden k\u00f6nnen. Wir scheuen nicht zur\u00fcck, wenn unsere Kunden sich mit individuellen Problemen an uns wenden \u2013 bieten wir unternehmensspezifische L\u00f6sungen zum Beispiel in den folgenden Bereichen: Aufsp\u00fcren und Beziehen verschiedener Teile in geringer Anzahl, [&hellip;]","og_url":"https:\/\/sunbelt.hu\/de\/dienstleistungen\/sonderloesungen\/","og_site_name":"Sunbelt","og_image":[{"width":300,"height":300,"url":"https:\/\/sunbelt.hu\/wp-content\/uploads\/2016\/05\/szolgaltatas-4-1.jpg","type":"image\/jpeg"}],"twitter_card":"summary_large_image","twitter_misc":{"Gesch\u00e4tzte Lesezeit":"1\u00a0Minute"},"schema":{"@context":"https:\/\/schema.org","@graph":[{"@type":"WebPage","@id":"https:\/\/sunbelt.hu\/de\/dienstleistungen\/sonderloesungen\/","url":"https:\/\/sunbelt.hu\/de\/dienstleistungen\/sonderloesungen\/","name":"Sonderl\u00f6sungen - Sunbelt","isPartOf":{"@id":"https:\/\/sunbelt.hu\/#website"},"primaryImageOfPage":{"@id":"https:\/\/sunbelt.hu\/de\/dienstleistungen\/sonderloesungen\/#primaryimage"},"image":{"@id":"https:\/\/sunbelt.hu\/de\/dienstleistungen\/sonderloesungen\/#primaryimage"},"thumbnailUrl":"https:\/\/sunbelt.hu\/wp-content\/uploads\/2016\/05\/szolgaltatas-4-1.jpg","datePublished":"2016-07-29T20:42:42+00:00","breadcrumb":{"@id":"https:\/\/sunbelt.hu\/de\/dienstleistungen\/sonderloesungen\/#breadcrumb"},"inLanguage":"de","potentialAction":[{"@type":"ReadAction","target":["https:\/\/sunbelt.hu\/de\/dienstleistungen\/sonderloesungen\/"]}]},{"@type":"ImageObject","inLanguage":"de","@id":"https:\/\/sunbelt.hu\/de\/dienstleistungen\/sonderloesungen\/#primaryimage","url":"https:\/\/sunbelt.hu\/wp-content\/uploads\/2016\/05\/szolgaltatas-4-1.jpg","contentUrl":"https:\/\/sunbelt.hu\/wp-content\/uploads\/2016\/05\/szolgaltatas-4-1.jpg","width":300,"height":300},{"@type":"BreadcrumbList","@id":"https:\/\/sunbelt.hu\/de\/dienstleistungen\/sonderloesungen\/#breadcrumb","itemListElement":[{"@type":"ListItem","position":1,"name":"Home","item":"https:\/\/sunbelt.hu\/"},{"@type":"ListItem","position":2,"name":"Verbessern Sie die Effektivit\u00e4t des Einkaufs Ihres Unternehmens","item":"https:\/\/sunbelt.hu\/de\/dienstleistungen\/"},{"@type":"ListItem","position":3,"name":"Sonderl\u00f6sungen"}]},{"@type":"WebSite","@id":"https:\/\/sunbelt.hu\/#website","url":"https:\/\/sunbelt.hu\/","name":"Sunbelt","description":"Beszerz\u00e9s- \u00e9s rakt\u00e1rmenedzsment","potentialAction":[{"@type":"SearchAction","target":{"@type":"EntryPoint","urlTemplate":"https:\/\/sunbelt.hu\/?s={search_term_string}"},"query-input":{"@type":"PropertyValueSpecification","valueRequired":true,"valueName":"search_term_string"}}],"inLanguage":"de"}]}},"_links":{"self":[{"href":"https:\/\/sunbelt.hu\/de\/wp-json\/wp\/v2\/pages\/566","targetHints":{"allow":["GET"]}}],"collection":[{"href":"https:\/\/sunbelt.hu\/de\/wp-json\/wp\/v2\/pages"}],"about":[{"href":"https:\/\/sunbelt.hu\/de\/wp-json\/wp\/v2\/types\/page"}],"author":[{"embeddable":true,"href":"https:\/\/sunbelt.hu\/de\/wp-json\/wp\/v2\/users\/4"}],"replies":[{"embeddable":true,"href":"https:\/\/sunbelt.hu\/de\/wp-json\/wp\/v2\/comments?post=566"}],"version-history":[{"count":1,"href":"https:\/\/sunbelt.hu\/de\/wp-json\/wp\/v2\/pages\/566\/revisions"}],"predecessor-version":[{"id":567,"href":"https:\/\/sunbelt.hu\/de\/wp-json\/wp\/v2\/pages\/566\/revisions\/567"}],"up":[{"embeddable":true,"href":"https:\/\/sunbelt.hu\/de\/wp-json\/wp\/v2\/pages\/558"}],"wp:featuredmedia":[{"embeddable":true,"href":"https:\/\/sunbelt.hu\/de\/wp-json\/wp\/v2\/media\/117"}],"wp:attachment":[{"href":"https:\/\/sunbelt.hu\/de\/wp-json\/wp\/v2\/media?parent=566"}],"curies":[{"name":"wp","href":"https:\/\/api.w.org\/{rel}","templated":true}]}}