{"id":564,"date":"2016-07-29T20:41:06","date_gmt":"2016-07-29T20:41:06","guid":{"rendered":"https:\/\/sunbelt.hu\/?page_id=564&#038;lang=de"},"modified":"2016-07-29T20:41:06","modified_gmt":"2016-07-29T20:41:06","slug":"qualitaetskontrolle","status":"publish","type":"page","link":"https:\/\/sunbelt.hu\/de\/dienstleistungen\/qualitaetskontrolle\/","title":{"rendered":"Qualit\u00e4tskontrolle"},"content":{"rendered":"<p>Im Produktionsversorgungsprozess gilt die Qualit\u00e4tskontrolle als eine andere wichtige Stufe. Damit wir bezweckt, dass wir in jedem Fall ausschlie\u00dfen, dass das defekte Produkt zum Auftraggeber\u00a0 gelangt. Wir k\u00f6nnen Ihr Unternehmen unterst\u00fctzen in Bereichen wie folgt:<\/p>\n<ul>\n<li>\u00dcberpr\u00fcfung von Grundfunktionen der Grund- und Hilfsstoffen, Halbfertig- und Fertigprodukten<\/li>\n<li>\u00dcberpr\u00fcfung von Geeignetheit der Ma\u00df- und Qualit\u00e4tskriterien<\/li>\n<li>Qualit\u00e4tskontrolle bez\u00fcglich der Ausgestaltung und Funktionalit\u00e4t<\/li>\n<\/ul>\n<p>Neben dem Qualit\u00e4tssicherungssystem des Herstellers besteht auch die M\u00f6glichkeit Qualit\u00e4tssicherungssystem der Kunden anzuwenden, das auf den ganzen Bestand auf Lager erweitert werden kann. Das hat den wichtigen Vorteil, dass die defekten Produkte bereits vor dem Abruf durch Auftraggeber verwaltet werden k\u00f6nnen.<\/p>\n<p>Eine weitere Sicherheit wird durch unser System aus Sonderkombination von FIFO und LOT gew\u00e4hrleistet, mit dem wir <strong>die Produktionssicherheit des Auftraggebers bei ungeeignetem Produkt<\/strong> innerhalb von 24 Stunden verwalten k\u00f6nnen.<\/p>\n<p><img loading=\"lazy\" decoding=\"async\" class=\"alignnone size-full wp-image-305\" src=\"https:\/\/sunbelt.hu\/wp-content\/uploads\/2016\/05\/sunbelt_minosegellenorzes.jpg\" alt=\"sunbelt_minosegellenorzes\" width=\"900\" height=\"599\" srcset=\"https:\/\/sunbelt.hu\/wp-content\/uploads\/2016\/05\/sunbelt_minosegellenorzes.jpg 900w, https:\/\/sunbelt.hu\/wp-content\/uploads\/2016\/05\/sunbelt_minosegellenorzes-300x200.jpg 300w, https:\/\/sunbelt.hu\/wp-content\/uploads\/2016\/05\/sunbelt_minosegellenorzes-768x511.jpg 768w\" sizes=\"auto, (max-width: 900px) 100vw, 900px\" \/><\/p>\n","protected":false},"excerpt":{"rendered":"<p>Im Produktionsversorgungsprozess gilt die Qualit\u00e4tskontrolle als eine andere wichtige Stufe. Damit wir bezweckt, dass wir in jedem Fall ausschlie\u00dfen, dass das defekte Produkt zum Auftraggeber\u00a0 gelangt. Wir k\u00f6nnen Ihr Unternehmen unterst\u00fctzen in Bereichen wie folgt: \u00dcberpr\u00fcfung von Grundfunktionen der Grund- und Hilfsstoffen, Halbfertig- und Fertigprodukten \u00dcberpr\u00fcfung von Geeignetheit der Ma\u00df- und Qualit\u00e4tskriterien Qualit\u00e4tskontrolle bez\u00fcglich der [&hellip;]<\/p>\n","protected":false},"author":4,"featured_media":114,"parent":558,"menu_order":54,"comment_status":"closed","ping_status":"closed","template":"","meta":{"_acf_changed":false,"footnotes":""},"class_list":["post-564","page","type-page","status-publish","has-post-thumbnail","hentry"],"acf":[],"yoast_head":"<!-- This site is optimized with the Yoast SEO plugin v26.1.1 - https:\/\/yoast.com\/wordpress\/plugins\/seo\/ -->\n<title>Qualit\u00e4tskontrolle - Sunbelt<\/title>\n<meta name=\"robots\" content=\"index, follow, max-snippet:-1, max-image-preview:large, max-video-preview:-1\" \/>\n<link rel=\"canonical\" href=\"https:\/\/sunbelt.hu\/de\/dienstleistungen\/qualitaetskontrolle\/\" \/>\n<meta property=\"og:locale\" content=\"de_DE\" \/>\n<meta property=\"og:type\" content=\"article\" \/>\n<meta property=\"og:title\" content=\"Qualit\u00e4tskontrolle - Sunbelt\" \/>\n<meta property=\"og:description\" content=\"Im Produktionsversorgungsprozess gilt die Qualit\u00e4tskontrolle als eine andere wichtige Stufe. Damit wir bezweckt, dass wir in jedem Fall ausschlie\u00dfen, dass das defekte Produkt zum Auftraggeber\u00a0 gelangt. Wir k\u00f6nnen Ihr Unternehmen unterst\u00fctzen in Bereichen wie folgt: \u00dcberpr\u00fcfung von Grundfunktionen der Grund- und Hilfsstoffen, Halbfertig- und Fertigprodukten \u00dcberpr\u00fcfung von Geeignetheit der Ma\u00df- und Qualit\u00e4tskriterien Qualit\u00e4tskontrolle bez\u00fcglich der [&hellip;]\" \/>\n<meta property=\"og:url\" content=\"https:\/\/sunbelt.hu\/de\/dienstleistungen\/qualitaetskontrolle\/\" \/>\n<meta property=\"og:site_name\" content=\"Sunbelt\" \/>\n<meta property=\"og:image\" content=\"https:\/\/sunbelt.hu\/wp-content\/uploads\/2016\/05\/szolgaltatas-3-1.jpg\" \/>\n\t<meta property=\"og:image:width\" content=\"300\" \/>\n\t<meta property=\"og:image:height\" content=\"300\" \/>\n\t<meta property=\"og:image:type\" content=\"image\/jpeg\" \/>\n<meta name=\"twitter:card\" content=\"summary_large_image\" \/>\n<meta name=\"twitter:label1\" content=\"Gesch\u00e4tzte Lesezeit\" \/>\n\t<meta name=\"twitter:data1\" content=\"1\u00a0Minute\" \/>\n<script type=\"application\/ld+json\" class=\"yoast-schema-graph\">{\"@context\":\"https:\/\/schema.org\",\"@graph\":[{\"@type\":\"WebPage\",\"@id\":\"https:\/\/sunbelt.hu\/de\/dienstleistungen\/qualitaetskontrolle\/\",\"url\":\"https:\/\/sunbelt.hu\/de\/dienstleistungen\/qualitaetskontrolle\/\",\"name\":\"Qualit\u00e4tskontrolle - Sunbelt\",\"isPartOf\":{\"@id\":\"https:\/\/sunbelt.hu\/#website\"},\"primaryImageOfPage\":{\"@id\":\"https:\/\/sunbelt.hu\/de\/dienstleistungen\/qualitaetskontrolle\/#primaryimage\"},\"image\":{\"@id\":\"https:\/\/sunbelt.hu\/de\/dienstleistungen\/qualitaetskontrolle\/#primaryimage\"},\"thumbnailUrl\":\"https:\/\/sunbelt.hu\/wp-content\/uploads\/2016\/05\/szolgaltatas-3-1.jpg\",\"datePublished\":\"2016-07-29T20:41:06+00:00\",\"breadcrumb\":{\"@id\":\"https:\/\/sunbelt.hu\/de\/dienstleistungen\/qualitaetskontrolle\/#breadcrumb\"},\"inLanguage\":\"de\",\"potentialAction\":[{\"@type\":\"ReadAction\",\"target\":[\"https:\/\/sunbelt.hu\/de\/dienstleistungen\/qualitaetskontrolle\/\"]}]},{\"@type\":\"ImageObject\",\"inLanguage\":\"de\",\"@id\":\"https:\/\/sunbelt.hu\/de\/dienstleistungen\/qualitaetskontrolle\/#primaryimage\",\"url\":\"https:\/\/sunbelt.hu\/wp-content\/uploads\/2016\/05\/szolgaltatas-3-1.jpg\",\"contentUrl\":\"https:\/\/sunbelt.hu\/wp-content\/uploads\/2016\/05\/szolgaltatas-3-1.jpg\",\"width\":300,\"height\":300},{\"@type\":\"BreadcrumbList\",\"@id\":\"https:\/\/sunbelt.hu\/de\/dienstleistungen\/qualitaetskontrolle\/#breadcrumb\",\"itemListElement\":[{\"@type\":\"ListItem\",\"position\":1,\"name\":\"Home\",\"item\":\"https:\/\/sunbelt.hu\/\"},{\"@type\":\"ListItem\",\"position\":2,\"name\":\"Verbessern Sie die Effektivit\u00e4t des Einkaufs Ihres Unternehmens\",\"item\":\"https:\/\/sunbelt.hu\/de\/dienstleistungen\/\"},{\"@type\":\"ListItem\",\"position\":3,\"name\":\"Qualit\u00e4tskontrolle\"}]},{\"@type\":\"WebSite\",\"@id\":\"https:\/\/sunbelt.hu\/#website\",\"url\":\"https:\/\/sunbelt.hu\/\",\"name\":\"Sunbelt\",\"description\":\"Beszerz\u00e9s- \u00e9s rakt\u00e1rmenedzsment\",\"potentialAction\":[{\"@type\":\"SearchAction\",\"target\":{\"@type\":\"EntryPoint\",\"urlTemplate\":\"https:\/\/sunbelt.hu\/?s={search_term_string}\"},\"query-input\":{\"@type\":\"PropertyValueSpecification\",\"valueRequired\":true,\"valueName\":\"search_term_string\"}}],\"inLanguage\":\"de\"}]}<\/script>\n<!-- \/ Yoast SEO plugin. -->","yoast_head_json":{"title":"Qualit\u00e4tskontrolle - Sunbelt","robots":{"index":"index","follow":"follow","max-snippet":"max-snippet:-1","max-image-preview":"max-image-preview:large","max-video-preview":"max-video-preview:-1"},"canonical":"https:\/\/sunbelt.hu\/de\/dienstleistungen\/qualitaetskontrolle\/","og_locale":"de_DE","og_type":"article","og_title":"Qualit\u00e4tskontrolle - Sunbelt","og_description":"Im Produktionsversorgungsprozess gilt die Qualit\u00e4tskontrolle als eine andere wichtige Stufe. Damit wir bezweckt, dass wir in jedem Fall ausschlie\u00dfen, dass das defekte Produkt zum Auftraggeber\u00a0 gelangt. Wir k\u00f6nnen Ihr Unternehmen unterst\u00fctzen in Bereichen wie folgt: \u00dcberpr\u00fcfung von Grundfunktionen der Grund- und Hilfsstoffen, Halbfertig- und Fertigprodukten \u00dcberpr\u00fcfung von Geeignetheit der Ma\u00df- und Qualit\u00e4tskriterien Qualit\u00e4tskontrolle bez\u00fcglich der [&hellip;]","og_url":"https:\/\/sunbelt.hu\/de\/dienstleistungen\/qualitaetskontrolle\/","og_site_name":"Sunbelt","og_image":[{"width":300,"height":300,"url":"https:\/\/sunbelt.hu\/wp-content\/uploads\/2016\/05\/szolgaltatas-3-1.jpg","type":"image\/jpeg"}],"twitter_card":"summary_large_image","twitter_misc":{"Gesch\u00e4tzte Lesezeit":"1\u00a0Minute"},"schema":{"@context":"https:\/\/schema.org","@graph":[{"@type":"WebPage","@id":"https:\/\/sunbelt.hu\/de\/dienstleistungen\/qualitaetskontrolle\/","url":"https:\/\/sunbelt.hu\/de\/dienstleistungen\/qualitaetskontrolle\/","name":"Qualit\u00e4tskontrolle - Sunbelt","isPartOf":{"@id":"https:\/\/sunbelt.hu\/#website"},"primaryImageOfPage":{"@id":"https:\/\/sunbelt.hu\/de\/dienstleistungen\/qualitaetskontrolle\/#primaryimage"},"image":{"@id":"https:\/\/sunbelt.hu\/de\/dienstleistungen\/qualitaetskontrolle\/#primaryimage"},"thumbnailUrl":"https:\/\/sunbelt.hu\/wp-content\/uploads\/2016\/05\/szolgaltatas-3-1.jpg","datePublished":"2016-07-29T20:41:06+00:00","breadcrumb":{"@id":"https:\/\/sunbelt.hu\/de\/dienstleistungen\/qualitaetskontrolle\/#breadcrumb"},"inLanguage":"de","potentialAction":[{"@type":"ReadAction","target":["https:\/\/sunbelt.hu\/de\/dienstleistungen\/qualitaetskontrolle\/"]}]},{"@type":"ImageObject","inLanguage":"de","@id":"https:\/\/sunbelt.hu\/de\/dienstleistungen\/qualitaetskontrolle\/#primaryimage","url":"https:\/\/sunbelt.hu\/wp-content\/uploads\/2016\/05\/szolgaltatas-3-1.jpg","contentUrl":"https:\/\/sunbelt.hu\/wp-content\/uploads\/2016\/05\/szolgaltatas-3-1.jpg","width":300,"height":300},{"@type":"BreadcrumbList","@id":"https:\/\/sunbelt.hu\/de\/dienstleistungen\/qualitaetskontrolle\/#breadcrumb","itemListElement":[{"@type":"ListItem","position":1,"name":"Home","item":"https:\/\/sunbelt.hu\/"},{"@type":"ListItem","position":2,"name":"Verbessern Sie die Effektivit\u00e4t des Einkaufs Ihres Unternehmens","item":"https:\/\/sunbelt.hu\/de\/dienstleistungen\/"},{"@type":"ListItem","position":3,"name":"Qualit\u00e4tskontrolle"}]},{"@type":"WebSite","@id":"https:\/\/sunbelt.hu\/#website","url":"https:\/\/sunbelt.hu\/","name":"Sunbelt","description":"Beszerz\u00e9s- \u00e9s rakt\u00e1rmenedzsment","potentialAction":[{"@type":"SearchAction","target":{"@type":"EntryPoint","urlTemplate":"https:\/\/sunbelt.hu\/?s={search_term_string}"},"query-input":{"@type":"PropertyValueSpecification","valueRequired":true,"valueName":"search_term_string"}}],"inLanguage":"de"}]}},"_links":{"self":[{"href":"https:\/\/sunbelt.hu\/de\/wp-json\/wp\/v2\/pages\/564","targetHints":{"allow":["GET"]}}],"collection":[{"href":"https:\/\/sunbelt.hu\/de\/wp-json\/wp\/v2\/pages"}],"about":[{"href":"https:\/\/sunbelt.hu\/de\/wp-json\/wp\/v2\/types\/page"}],"author":[{"embeddable":true,"href":"https:\/\/sunbelt.hu\/de\/wp-json\/wp\/v2\/users\/4"}],"replies":[{"embeddable":true,"href":"https:\/\/sunbelt.hu\/de\/wp-json\/wp\/v2\/comments?post=564"}],"version-history":[{"count":1,"href":"https:\/\/sunbelt.hu\/de\/wp-json\/wp\/v2\/pages\/564\/revisions"}],"predecessor-version":[{"id":565,"href":"https:\/\/sunbelt.hu\/de\/wp-json\/wp\/v2\/pages\/564\/revisions\/565"}],"up":[{"embeddable":true,"href":"https:\/\/sunbelt.hu\/de\/wp-json\/wp\/v2\/pages\/558"}],"wp:featuredmedia":[{"embeddable":true,"href":"https:\/\/sunbelt.hu\/de\/wp-json\/wp\/v2\/media\/114"}],"wp:attachment":[{"href":"https:\/\/sunbelt.hu\/de\/wp-json\/wp\/v2\/media?parent=564"}],"curies":[{"name":"wp","href":"https:\/\/api.w.org\/{rel}","templated":true}]}}