{"id":562,"date":"2016-07-29T20:39:33","date_gmt":"2016-07-29T20:39:33","guid":{"rendered":"https:\/\/sunbelt.hu\/?page_id=562&#038;lang=de"},"modified":"2016-07-29T20:39:33","modified_gmt":"2016-07-29T20:39:33","slug":"einkaufstaetigkeit","status":"publish","type":"page","link":"https:\/\/sunbelt.hu\/de\/dienstleistungen\/einkaufstaetigkeit\/","title":{"rendered":"Einkaufst\u00e4tigkeit"},"content":{"rendered":"<p>Vielen ist es immer noch\u00a0nicht bewusst,\u00a0dass\u00a0beim Betrieb der Unternehmen der Einkauf eine strategische Bedeutung hat \u2013 obwohl es den Erfolg der Produktion bestimmt. Dadurch wird zugesichert, dass die Grundstoffe entsprechender Qualit\u00e4t zeitgerecht, auf idealem Preisniveau zum Herstellungsprozess gelangen.<\/p>\n<p>Nach einer bestimmten Zeit wird <strong>der Einkauf aber im Leben der meisten Unternehmen zur Routine<\/strong>, oder eben bedingt durch Zeitmangel wird die regelm\u00e4\u00dfige \u00dcberpr\u00fcfung der Einkaufsprozessen unterlassen. Allerdings reicht nur ein kleiner Mangel, dass die Effektivit\u00e4t der Produktion zu verringern beginnt.<\/p>\n<p>Unser Zweck ist, Ihnen Hilfe zu leisten, um diese Mangelm\u00f6glichkeiten abzuwehren.<\/p>\n<ul>\n<li>Nachdem wir Ihre Bed\u00fcrfnisse, individuelle W\u00fcnsche ermittelt haben,<\/li>\n<li>suchen wir die bestgeeigneten Teile, Produkte und deren Lieferanten f\u00fcr Ihr Internehmen,<\/li>\n<li>die Aufgaben zum Einkauf ganz oder zum Teil \u00fcbernehmen wir. Die \u00dcberpr\u00fcfung seitens des Partners wird nat\u00fcrlicher jederzeit erm\u00f6glicht.<\/li>\n<\/ul>\n<p><img loading=\"lazy\" decoding=\"async\" class=\"alignnone size-full wp-image-302\" src=\"https:\/\/sunbelt.hu\/wp-content\/uploads\/2016\/05\/sunbelt_beszerzoi_tevekenyseg.jpg\" alt=\"sunbelt_beszerzoi_tevekenyseg\" width=\"900\" height=\"599\" srcset=\"https:\/\/sunbelt.hu\/wp-content\/uploads\/2016\/05\/sunbelt_beszerzoi_tevekenyseg.jpg 900w, https:\/\/sunbelt.hu\/wp-content\/uploads\/2016\/05\/sunbelt_beszerzoi_tevekenyseg-300x200.jpg 300w, https:\/\/sunbelt.hu\/wp-content\/uploads\/2016\/05\/sunbelt_beszerzoi_tevekenyseg-768x511.jpg 768w\" sizes=\"auto, (max-width: 900px) 100vw, 900px\" \/><\/p>\n","protected":false},"excerpt":{"rendered":"<p>Vielen ist es immer noch\u00a0nicht bewusst,\u00a0dass\u00a0beim Betrieb der Unternehmen der Einkauf eine strategische Bedeutung hat \u2013 obwohl es den Erfolg der Produktion bestimmt. Dadurch wird zugesichert, dass die Grundstoffe entsprechender Qualit\u00e4t zeitgerecht, auf idealem Preisniveau zum Herstellungsprozess gelangen. Nach einer bestimmten Zeit wird der Einkauf aber im Leben der meisten Unternehmen zur Routine, oder eben [&hellip;]<\/p>\n","protected":false},"author":4,"featured_media":111,"parent":558,"menu_order":51,"comment_status":"closed","ping_status":"closed","template":"","meta":{"_acf_changed":false,"footnotes":""},"class_list":["post-562","page","type-page","status-publish","has-post-thumbnail","hentry"],"acf":[],"yoast_head":"<!-- This site is optimized with the Yoast SEO plugin v26.1.1 - https:\/\/yoast.com\/wordpress\/plugins\/seo\/ -->\n<title>Einkaufst\u00e4tigkeit - Sunbelt<\/title>\n<meta name=\"robots\" content=\"index, follow, max-snippet:-1, max-image-preview:large, max-video-preview:-1\" \/>\n<link rel=\"canonical\" href=\"https:\/\/sunbelt.hu\/de\/dienstleistungen\/einkaufstaetigkeit\/\" \/>\n<meta property=\"og:locale\" content=\"de_DE\" \/>\n<meta property=\"og:type\" content=\"article\" \/>\n<meta property=\"og:title\" content=\"Einkaufst\u00e4tigkeit - Sunbelt\" \/>\n<meta property=\"og:description\" content=\"Vielen ist es immer noch\u00a0nicht bewusst,\u00a0dass\u00a0beim Betrieb der Unternehmen der Einkauf eine strategische Bedeutung hat \u2013 obwohl es den Erfolg der Produktion bestimmt. Dadurch wird zugesichert, dass die Grundstoffe entsprechender Qualit\u00e4t zeitgerecht, auf idealem Preisniveau zum Herstellungsprozess gelangen. Nach einer bestimmten Zeit wird der Einkauf aber im Leben der meisten Unternehmen zur Routine, oder eben [&hellip;]\" \/>\n<meta property=\"og:url\" content=\"https:\/\/sunbelt.hu\/de\/dienstleistungen\/einkaufstaetigkeit\/\" \/>\n<meta property=\"og:site_name\" content=\"Sunbelt\" \/>\n<meta property=\"og:image\" content=\"https:\/\/sunbelt.hu\/wp-content\/uploads\/2016\/05\/szolgaltatas-2-1.jpg\" \/>\n\t<meta property=\"og:image:width\" content=\"300\" \/>\n\t<meta property=\"og:image:height\" content=\"300\" \/>\n\t<meta property=\"og:image:type\" content=\"image\/jpeg\" \/>\n<meta name=\"twitter:card\" content=\"summary_large_image\" \/>\n<meta name=\"twitter:label1\" content=\"Gesch\u00e4tzte Lesezeit\" \/>\n\t<meta name=\"twitter:data1\" content=\"1\u00a0Minute\" \/>\n<script type=\"application\/ld+json\" class=\"yoast-schema-graph\">{\"@context\":\"https:\/\/schema.org\",\"@graph\":[{\"@type\":\"WebPage\",\"@id\":\"https:\/\/sunbelt.hu\/de\/dienstleistungen\/einkaufstaetigkeit\/\",\"url\":\"https:\/\/sunbelt.hu\/de\/dienstleistungen\/einkaufstaetigkeit\/\",\"name\":\"Einkaufst\u00e4tigkeit - Sunbelt\",\"isPartOf\":{\"@id\":\"https:\/\/sunbelt.hu\/#website\"},\"primaryImageOfPage\":{\"@id\":\"https:\/\/sunbelt.hu\/de\/dienstleistungen\/einkaufstaetigkeit\/#primaryimage\"},\"image\":{\"@id\":\"https:\/\/sunbelt.hu\/de\/dienstleistungen\/einkaufstaetigkeit\/#primaryimage\"},\"thumbnailUrl\":\"https:\/\/sunbelt.hu\/wp-content\/uploads\/2016\/05\/szolgaltatas-2-1.jpg\",\"datePublished\":\"2016-07-29T20:39:33+00:00\",\"breadcrumb\":{\"@id\":\"https:\/\/sunbelt.hu\/de\/dienstleistungen\/einkaufstaetigkeit\/#breadcrumb\"},\"inLanguage\":\"de\",\"potentialAction\":[{\"@type\":\"ReadAction\",\"target\":[\"https:\/\/sunbelt.hu\/de\/dienstleistungen\/einkaufstaetigkeit\/\"]}]},{\"@type\":\"ImageObject\",\"inLanguage\":\"de\",\"@id\":\"https:\/\/sunbelt.hu\/de\/dienstleistungen\/einkaufstaetigkeit\/#primaryimage\",\"url\":\"https:\/\/sunbelt.hu\/wp-content\/uploads\/2016\/05\/szolgaltatas-2-1.jpg\",\"contentUrl\":\"https:\/\/sunbelt.hu\/wp-content\/uploads\/2016\/05\/szolgaltatas-2-1.jpg\",\"width\":300,\"height\":300},{\"@type\":\"BreadcrumbList\",\"@id\":\"https:\/\/sunbelt.hu\/de\/dienstleistungen\/einkaufstaetigkeit\/#breadcrumb\",\"itemListElement\":[{\"@type\":\"ListItem\",\"position\":1,\"name\":\"Home\",\"item\":\"https:\/\/sunbelt.hu\/\"},{\"@type\":\"ListItem\",\"position\":2,\"name\":\"Verbessern Sie die Effektivit\u00e4t des Einkaufs Ihres Unternehmens\",\"item\":\"https:\/\/sunbelt.hu\/de\/dienstleistungen\/\"},{\"@type\":\"ListItem\",\"position\":3,\"name\":\"Einkaufst\u00e4tigkeit\"}]},{\"@type\":\"WebSite\",\"@id\":\"https:\/\/sunbelt.hu\/#website\",\"url\":\"https:\/\/sunbelt.hu\/\",\"name\":\"Sunbelt\",\"description\":\"Beszerz\u00e9s- \u00e9s rakt\u00e1rmenedzsment\",\"potentialAction\":[{\"@type\":\"SearchAction\",\"target\":{\"@type\":\"EntryPoint\",\"urlTemplate\":\"https:\/\/sunbelt.hu\/?s={search_term_string}\"},\"query-input\":{\"@type\":\"PropertyValueSpecification\",\"valueRequired\":true,\"valueName\":\"search_term_string\"}}],\"inLanguage\":\"de\"}]}<\/script>\n<!-- \/ Yoast SEO plugin. -->","yoast_head_json":{"title":"Einkaufst\u00e4tigkeit - Sunbelt","robots":{"index":"index","follow":"follow","max-snippet":"max-snippet:-1","max-image-preview":"max-image-preview:large","max-video-preview":"max-video-preview:-1"},"canonical":"https:\/\/sunbelt.hu\/de\/dienstleistungen\/einkaufstaetigkeit\/","og_locale":"de_DE","og_type":"article","og_title":"Einkaufst\u00e4tigkeit - Sunbelt","og_description":"Vielen ist es immer noch\u00a0nicht bewusst,\u00a0dass\u00a0beim Betrieb der Unternehmen der Einkauf eine strategische Bedeutung hat \u2013 obwohl es den Erfolg der Produktion bestimmt. Dadurch wird zugesichert, dass die Grundstoffe entsprechender Qualit\u00e4t zeitgerecht, auf idealem Preisniveau zum Herstellungsprozess gelangen. Nach einer bestimmten Zeit wird der Einkauf aber im Leben der meisten Unternehmen zur Routine, oder eben [&hellip;]","og_url":"https:\/\/sunbelt.hu\/de\/dienstleistungen\/einkaufstaetigkeit\/","og_site_name":"Sunbelt","og_image":[{"width":300,"height":300,"url":"https:\/\/sunbelt.hu\/wp-content\/uploads\/2016\/05\/szolgaltatas-2-1.jpg","type":"image\/jpeg"}],"twitter_card":"summary_large_image","twitter_misc":{"Gesch\u00e4tzte Lesezeit":"1\u00a0Minute"},"schema":{"@context":"https:\/\/schema.org","@graph":[{"@type":"WebPage","@id":"https:\/\/sunbelt.hu\/de\/dienstleistungen\/einkaufstaetigkeit\/","url":"https:\/\/sunbelt.hu\/de\/dienstleistungen\/einkaufstaetigkeit\/","name":"Einkaufst\u00e4tigkeit - Sunbelt","isPartOf":{"@id":"https:\/\/sunbelt.hu\/#website"},"primaryImageOfPage":{"@id":"https:\/\/sunbelt.hu\/de\/dienstleistungen\/einkaufstaetigkeit\/#primaryimage"},"image":{"@id":"https:\/\/sunbelt.hu\/de\/dienstleistungen\/einkaufstaetigkeit\/#primaryimage"},"thumbnailUrl":"https:\/\/sunbelt.hu\/wp-content\/uploads\/2016\/05\/szolgaltatas-2-1.jpg","datePublished":"2016-07-29T20:39:33+00:00","breadcrumb":{"@id":"https:\/\/sunbelt.hu\/de\/dienstleistungen\/einkaufstaetigkeit\/#breadcrumb"},"inLanguage":"de","potentialAction":[{"@type":"ReadAction","target":["https:\/\/sunbelt.hu\/de\/dienstleistungen\/einkaufstaetigkeit\/"]}]},{"@type":"ImageObject","inLanguage":"de","@id":"https:\/\/sunbelt.hu\/de\/dienstleistungen\/einkaufstaetigkeit\/#primaryimage","url":"https:\/\/sunbelt.hu\/wp-content\/uploads\/2016\/05\/szolgaltatas-2-1.jpg","contentUrl":"https:\/\/sunbelt.hu\/wp-content\/uploads\/2016\/05\/szolgaltatas-2-1.jpg","width":300,"height":300},{"@type":"BreadcrumbList","@id":"https:\/\/sunbelt.hu\/de\/dienstleistungen\/einkaufstaetigkeit\/#breadcrumb","itemListElement":[{"@type":"ListItem","position":1,"name":"Home","item":"https:\/\/sunbelt.hu\/"},{"@type":"ListItem","position":2,"name":"Verbessern Sie die Effektivit\u00e4t des Einkaufs Ihres Unternehmens","item":"https:\/\/sunbelt.hu\/de\/dienstleistungen\/"},{"@type":"ListItem","position":3,"name":"Einkaufst\u00e4tigkeit"}]},{"@type":"WebSite","@id":"https:\/\/sunbelt.hu\/#website","url":"https:\/\/sunbelt.hu\/","name":"Sunbelt","description":"Beszerz\u00e9s- \u00e9s rakt\u00e1rmenedzsment","potentialAction":[{"@type":"SearchAction","target":{"@type":"EntryPoint","urlTemplate":"https:\/\/sunbelt.hu\/?s={search_term_string}"},"query-input":{"@type":"PropertyValueSpecification","valueRequired":true,"valueName":"search_term_string"}}],"inLanguage":"de"}]}},"_links":{"self":[{"href":"https:\/\/sunbelt.hu\/de\/wp-json\/wp\/v2\/pages\/562","targetHints":{"allow":["GET"]}}],"collection":[{"href":"https:\/\/sunbelt.hu\/de\/wp-json\/wp\/v2\/pages"}],"about":[{"href":"https:\/\/sunbelt.hu\/de\/wp-json\/wp\/v2\/types\/page"}],"author":[{"embeddable":true,"href":"https:\/\/sunbelt.hu\/de\/wp-json\/wp\/v2\/users\/4"}],"replies":[{"embeddable":true,"href":"https:\/\/sunbelt.hu\/de\/wp-json\/wp\/v2\/comments?post=562"}],"version-history":[{"count":1,"href":"https:\/\/sunbelt.hu\/de\/wp-json\/wp\/v2\/pages\/562\/revisions"}],"predecessor-version":[{"id":563,"href":"https:\/\/sunbelt.hu\/de\/wp-json\/wp\/v2\/pages\/562\/revisions\/563"}],"up":[{"embeddable":true,"href":"https:\/\/sunbelt.hu\/de\/wp-json\/wp\/v2\/pages\/558"}],"wp:featuredmedia":[{"embeddable":true,"href":"https:\/\/sunbelt.hu\/de\/wp-json\/wp\/v2\/media\/111"}],"wp:attachment":[{"href":"https:\/\/sunbelt.hu\/de\/wp-json\/wp\/v2\/media?parent=562"}],"curies":[{"name":"wp","href":"https:\/\/api.w.org\/{rel}","templated":true}]}}