{"id":560,"date":"2016-07-29T20:38:22","date_gmt":"2016-07-29T20:38:22","guid":{"rendered":"https:\/\/sunbelt.hu\/?page_id=560&#038;lang=de"},"modified":"2016-07-29T20:38:22","modified_gmt":"2016-07-29T20:38:22","slug":"bestand-und-lagermanagement","status":"publish","type":"page","link":"https:\/\/sunbelt.hu\/de\/dienstleistungen\/bestand-und-lagermanagement\/","title":{"rendered":"Bestand- und Lagermanagement"},"content":{"rendered":"<p>Sicher haben Sie sich bereits gefragt, <strong>wie Kapazit\u00e4t<\/strong> an bestimmten Bereichen der Unternehmenst\u00e4tigkeit <strong>freigegeben werden kann<\/strong>. Erteilen Sie uns Auftrag die Aufgaben vom Bestand- und Lagermanagement zu versehen, k\u00f6nnen Sie die freigegebene Zeit und Energie zu anderen Bereichen von strategischer Wichtigkeit konzentrieren.<\/p>\n<p>Dazu brauchen Sie nichts anders zu tun als<\/p>\n<ul>\n<li>die Gruppe von Produkten zu bestimmen, welche Sie in unserem Lagerhaus in Debrecen halten wollen.<\/li>\n<li>Anschlie\u00dfend suchen wir den optimalen Lieferanten nach Vorgaben, beziehen die Produkte,<\/li>\n<li>dann f\u00fcllen wir den gew\u00fcnschten Lagerbestand auf und kontinuierlich erhalten.<\/li>\n<\/ul>\n<p>Halten Sie es f\u00fcr\u00a0erforderlich, nach Absprache k\u00f6nnen wir <strong>mehrere Kontrollstellen im Prozess integrieren<\/strong> \u2013 so bleibt die Kontrolle in Ihrer Hand erhalten, wir befreien Sie nur <strong>von der \u00fcberfl\u00fcssigen Belastung<\/strong>, damit Ihr Unternehmen st\u00f6rungsfrei weite funktionieren kann.<\/p>\n<p><img loading=\"lazy\" decoding=\"async\" class=\"alignnone size-full wp-image-299\" src=\"https:\/\/sunbelt.hu\/wp-content\/uploads\/2016\/05\/sunbelt_keszlet_es_raktarmenedzsment.jpg\" alt=\"sunbelt_keszlet_es_raktarmenedzsment\" width=\"900\" height=\"599\" srcset=\"https:\/\/sunbelt.hu\/wp-content\/uploads\/2016\/05\/sunbelt_keszlet_es_raktarmenedzsment.jpg 900w, https:\/\/sunbelt.hu\/wp-content\/uploads\/2016\/05\/sunbelt_keszlet_es_raktarmenedzsment-300x200.jpg 300w, https:\/\/sunbelt.hu\/wp-content\/uploads\/2016\/05\/sunbelt_keszlet_es_raktarmenedzsment-768x511.jpg 768w\" sizes=\"auto, (max-width: 900px) 100vw, 900px\" \/><\/p>\n<p>&nbsp;<\/p>\n","protected":false},"excerpt":{"rendered":"<p>Sicher haben Sie sich bereits gefragt, wie Kapazit\u00e4t an bestimmten Bereichen der Unternehmenst\u00e4tigkeit freigegeben werden kann. Erteilen Sie uns Auftrag die Aufgaben vom Bestand- und Lagermanagement zu versehen, k\u00f6nnen Sie die freigegebene Zeit und Energie zu anderen Bereichen von strategischer Wichtigkeit konzentrieren. Dazu brauchen Sie nichts anders zu tun als die Gruppe von Produkten zu [&hellip;]<\/p>\n","protected":false},"author":4,"featured_media":108,"parent":558,"menu_order":49,"comment_status":"closed","ping_status":"closed","template":"","meta":{"_acf_changed":false,"footnotes":""},"class_list":["post-560","page","type-page","status-publish","has-post-thumbnail","hentry"],"acf":[],"yoast_head":"<!-- This site is optimized with the Yoast SEO plugin v26.1.1 - https:\/\/yoast.com\/wordpress\/plugins\/seo\/ -->\n<title>Bestand- und Lagermanagement - Sunbelt<\/title>\n<meta name=\"robots\" content=\"index, follow, max-snippet:-1, max-image-preview:large, max-video-preview:-1\" \/>\n<link rel=\"canonical\" href=\"https:\/\/sunbelt.hu\/de\/dienstleistungen\/bestand-und-lagermanagement\/\" \/>\n<meta property=\"og:locale\" content=\"de_DE\" \/>\n<meta property=\"og:type\" content=\"article\" \/>\n<meta property=\"og:title\" content=\"Bestand- und Lagermanagement - Sunbelt\" \/>\n<meta property=\"og:description\" content=\"Sicher haben Sie sich bereits gefragt, wie Kapazit\u00e4t an bestimmten Bereichen der Unternehmenst\u00e4tigkeit freigegeben werden kann. Erteilen Sie uns Auftrag die Aufgaben vom Bestand- und Lagermanagement zu versehen, k\u00f6nnen Sie die freigegebene Zeit und Energie zu anderen Bereichen von strategischer Wichtigkeit konzentrieren. Dazu brauchen Sie nichts anders zu tun als die Gruppe von Produkten zu [&hellip;]\" \/>\n<meta property=\"og:url\" content=\"https:\/\/sunbelt.hu\/de\/dienstleistungen\/bestand-und-lagermanagement\/\" \/>\n<meta property=\"og:site_name\" content=\"Sunbelt\" \/>\n<meta property=\"og:image\" content=\"https:\/\/sunbelt.hu\/wp-content\/uploads\/2016\/05\/szolgaltatas-1-1.jpg\" \/>\n\t<meta property=\"og:image:width\" content=\"300\" \/>\n\t<meta property=\"og:image:height\" content=\"300\" \/>\n\t<meta property=\"og:image:type\" content=\"image\/jpeg\" \/>\n<meta name=\"twitter:card\" content=\"summary_large_image\" \/>\n<meta name=\"twitter:label1\" content=\"Gesch\u00e4tzte Lesezeit\" \/>\n\t<meta name=\"twitter:data1\" content=\"1\u00a0Minute\" \/>\n<script type=\"application\/ld+json\" class=\"yoast-schema-graph\">{\"@context\":\"https:\/\/schema.org\",\"@graph\":[{\"@type\":\"WebPage\",\"@id\":\"https:\/\/sunbelt.hu\/de\/dienstleistungen\/bestand-und-lagermanagement\/\",\"url\":\"https:\/\/sunbelt.hu\/de\/dienstleistungen\/bestand-und-lagermanagement\/\",\"name\":\"Bestand- und Lagermanagement - Sunbelt\",\"isPartOf\":{\"@id\":\"https:\/\/sunbelt.hu\/#website\"},\"primaryImageOfPage\":{\"@id\":\"https:\/\/sunbelt.hu\/de\/dienstleistungen\/bestand-und-lagermanagement\/#primaryimage\"},\"image\":{\"@id\":\"https:\/\/sunbelt.hu\/de\/dienstleistungen\/bestand-und-lagermanagement\/#primaryimage\"},\"thumbnailUrl\":\"https:\/\/sunbelt.hu\/wp-content\/uploads\/2016\/05\/szolgaltatas-1-1.jpg\",\"datePublished\":\"2016-07-29T20:38:22+00:00\",\"breadcrumb\":{\"@id\":\"https:\/\/sunbelt.hu\/de\/dienstleistungen\/bestand-und-lagermanagement\/#breadcrumb\"},\"inLanguage\":\"de\",\"potentialAction\":[{\"@type\":\"ReadAction\",\"target\":[\"https:\/\/sunbelt.hu\/de\/dienstleistungen\/bestand-und-lagermanagement\/\"]}]},{\"@type\":\"ImageObject\",\"inLanguage\":\"de\",\"@id\":\"https:\/\/sunbelt.hu\/de\/dienstleistungen\/bestand-und-lagermanagement\/#primaryimage\",\"url\":\"https:\/\/sunbelt.hu\/wp-content\/uploads\/2016\/05\/szolgaltatas-1-1.jpg\",\"contentUrl\":\"https:\/\/sunbelt.hu\/wp-content\/uploads\/2016\/05\/szolgaltatas-1-1.jpg\",\"width\":300,\"height\":300},{\"@type\":\"BreadcrumbList\",\"@id\":\"https:\/\/sunbelt.hu\/de\/dienstleistungen\/bestand-und-lagermanagement\/#breadcrumb\",\"itemListElement\":[{\"@type\":\"ListItem\",\"position\":1,\"name\":\"Home\",\"item\":\"https:\/\/sunbelt.hu\/\"},{\"@type\":\"ListItem\",\"position\":2,\"name\":\"Verbessern Sie die Effektivit\u00e4t des Einkaufs Ihres Unternehmens\",\"item\":\"https:\/\/sunbelt.hu\/de\/dienstleistungen\/\"},{\"@type\":\"ListItem\",\"position\":3,\"name\":\"Bestand- und Lagermanagement\"}]},{\"@type\":\"WebSite\",\"@id\":\"https:\/\/sunbelt.hu\/#website\",\"url\":\"https:\/\/sunbelt.hu\/\",\"name\":\"Sunbelt\",\"description\":\"Beszerz\u00e9s- \u00e9s rakt\u00e1rmenedzsment\",\"potentialAction\":[{\"@type\":\"SearchAction\",\"target\":{\"@type\":\"EntryPoint\",\"urlTemplate\":\"https:\/\/sunbelt.hu\/?s={search_term_string}\"},\"query-input\":{\"@type\":\"PropertyValueSpecification\",\"valueRequired\":true,\"valueName\":\"search_term_string\"}}],\"inLanguage\":\"de\"}]}<\/script>\n<!-- \/ Yoast SEO plugin. -->","yoast_head_json":{"title":"Bestand- und Lagermanagement - Sunbelt","robots":{"index":"index","follow":"follow","max-snippet":"max-snippet:-1","max-image-preview":"max-image-preview:large","max-video-preview":"max-video-preview:-1"},"canonical":"https:\/\/sunbelt.hu\/de\/dienstleistungen\/bestand-und-lagermanagement\/","og_locale":"de_DE","og_type":"article","og_title":"Bestand- und Lagermanagement - Sunbelt","og_description":"Sicher haben Sie sich bereits gefragt, wie Kapazit\u00e4t an bestimmten Bereichen der Unternehmenst\u00e4tigkeit freigegeben werden kann. Erteilen Sie uns Auftrag die Aufgaben vom Bestand- und Lagermanagement zu versehen, k\u00f6nnen Sie die freigegebene Zeit und Energie zu anderen Bereichen von strategischer Wichtigkeit konzentrieren. Dazu brauchen Sie nichts anders zu tun als die Gruppe von Produkten zu [&hellip;]","og_url":"https:\/\/sunbelt.hu\/de\/dienstleistungen\/bestand-und-lagermanagement\/","og_site_name":"Sunbelt","og_image":[{"width":300,"height":300,"url":"https:\/\/sunbelt.hu\/wp-content\/uploads\/2016\/05\/szolgaltatas-1-1.jpg","type":"image\/jpeg"}],"twitter_card":"summary_large_image","twitter_misc":{"Gesch\u00e4tzte Lesezeit":"1\u00a0Minute"},"schema":{"@context":"https:\/\/schema.org","@graph":[{"@type":"WebPage","@id":"https:\/\/sunbelt.hu\/de\/dienstleistungen\/bestand-und-lagermanagement\/","url":"https:\/\/sunbelt.hu\/de\/dienstleistungen\/bestand-und-lagermanagement\/","name":"Bestand- und Lagermanagement - Sunbelt","isPartOf":{"@id":"https:\/\/sunbelt.hu\/#website"},"primaryImageOfPage":{"@id":"https:\/\/sunbelt.hu\/de\/dienstleistungen\/bestand-und-lagermanagement\/#primaryimage"},"image":{"@id":"https:\/\/sunbelt.hu\/de\/dienstleistungen\/bestand-und-lagermanagement\/#primaryimage"},"thumbnailUrl":"https:\/\/sunbelt.hu\/wp-content\/uploads\/2016\/05\/szolgaltatas-1-1.jpg","datePublished":"2016-07-29T20:38:22+00:00","breadcrumb":{"@id":"https:\/\/sunbelt.hu\/de\/dienstleistungen\/bestand-und-lagermanagement\/#breadcrumb"},"inLanguage":"de","potentialAction":[{"@type":"ReadAction","target":["https:\/\/sunbelt.hu\/de\/dienstleistungen\/bestand-und-lagermanagement\/"]}]},{"@type":"ImageObject","inLanguage":"de","@id":"https:\/\/sunbelt.hu\/de\/dienstleistungen\/bestand-und-lagermanagement\/#primaryimage","url":"https:\/\/sunbelt.hu\/wp-content\/uploads\/2016\/05\/szolgaltatas-1-1.jpg","contentUrl":"https:\/\/sunbelt.hu\/wp-content\/uploads\/2016\/05\/szolgaltatas-1-1.jpg","width":300,"height":300},{"@type":"BreadcrumbList","@id":"https:\/\/sunbelt.hu\/de\/dienstleistungen\/bestand-und-lagermanagement\/#breadcrumb","itemListElement":[{"@type":"ListItem","position":1,"name":"Home","item":"https:\/\/sunbelt.hu\/"},{"@type":"ListItem","position":2,"name":"Verbessern Sie die Effektivit\u00e4t des Einkaufs Ihres Unternehmens","item":"https:\/\/sunbelt.hu\/de\/dienstleistungen\/"},{"@type":"ListItem","position":3,"name":"Bestand- und Lagermanagement"}]},{"@type":"WebSite","@id":"https:\/\/sunbelt.hu\/#website","url":"https:\/\/sunbelt.hu\/","name":"Sunbelt","description":"Beszerz\u00e9s- \u00e9s rakt\u00e1rmenedzsment","potentialAction":[{"@type":"SearchAction","target":{"@type":"EntryPoint","urlTemplate":"https:\/\/sunbelt.hu\/?s={search_term_string}"},"query-input":{"@type":"PropertyValueSpecification","valueRequired":true,"valueName":"search_term_string"}}],"inLanguage":"de"}]}},"_links":{"self":[{"href":"https:\/\/sunbelt.hu\/de\/wp-json\/wp\/v2\/pages\/560","targetHints":{"allow":["GET"]}}],"collection":[{"href":"https:\/\/sunbelt.hu\/de\/wp-json\/wp\/v2\/pages"}],"about":[{"href":"https:\/\/sunbelt.hu\/de\/wp-json\/wp\/v2\/types\/page"}],"author":[{"embeddable":true,"href":"https:\/\/sunbelt.hu\/de\/wp-json\/wp\/v2\/users\/4"}],"replies":[{"embeddable":true,"href":"https:\/\/sunbelt.hu\/de\/wp-json\/wp\/v2\/comments?post=560"}],"version-history":[{"count":1,"href":"https:\/\/sunbelt.hu\/de\/wp-json\/wp\/v2\/pages\/560\/revisions"}],"predecessor-version":[{"id":561,"href":"https:\/\/sunbelt.hu\/de\/wp-json\/wp\/v2\/pages\/560\/revisions\/561"}],"up":[{"embeddable":true,"href":"https:\/\/sunbelt.hu\/de\/wp-json\/wp\/v2\/pages\/558"}],"wp:featuredmedia":[{"embeddable":true,"href":"https:\/\/sunbelt.hu\/de\/wp-json\/wp\/v2\/media\/108"}],"wp:attachment":[{"href":"https:\/\/sunbelt.hu\/de\/wp-json\/wp\/v2\/media?parent=560"}],"curies":[{"name":"wp","href":"https:\/\/api.w.org\/{rel}","templated":true}]}}