{"id":558,"date":"2016-07-29T20:35:41","date_gmt":"2016-07-29T20:35:41","guid":{"rendered":"https:\/\/sunbelt.hu\/?page_id=558&#038;lang=de"},"modified":"2016-08-02T06:52:15","modified_gmt":"2016-08-02T06:52:15","slug":"dienstleistungen","status":"publish","type":"page","link":"https:\/\/sunbelt.hu\/de\/dienstleistungen\/","title":{"rendered":"Verbessern Sie die Effektivit\u00e4t des Einkaufs Ihres Unternehmens"},"content":{"rendered":"<p>Wir gestalteten und entwickelten unsere Dienstleistungen vom Anfang an, um sie den sich wandelnden Bed\u00fcrfnissen unserer Partner anzupassen.<\/p>\n<p><strong>W\u00fcnschen Sie die Einkaufst\u00e4tigkeit Ihres Unternehmens effektiver machen?<\/strong><\/p>\n<p>Lernen Sie unsere Dienstleistungen kennen, die es Ihnen erm\u00f6glichen, Zeit und Energie erheblich zu ersparen.<\/p>\n<p><img loading=\"lazy\" decoding=\"async\" class=\"alignnone size-full wp-image-200\" src=\"https:\/\/sunbelt.hu\/wp-content\/uploads\/2016\/05\/sunbelt_szolgaltatas.jpg\" alt=\"sunbelt szolgaltatas\" width=\"900\" height=\"599\" srcset=\"https:\/\/sunbelt.hu\/wp-content\/uploads\/2016\/05\/sunbelt_szolgaltatas.jpg 900w, https:\/\/sunbelt.hu\/wp-content\/uploads\/2016\/05\/sunbelt_szolgaltatas-300x200.jpg 300w, https:\/\/sunbelt.hu\/wp-content\/uploads\/2016\/05\/sunbelt_szolgaltatas-768x511.jpg 768w\" sizes=\"auto, (max-width: 900px) 100vw, 900px\" \/><\/p>\n<p>&nbsp;<\/p>\n","protected":false},"excerpt":{"rendered":"<p>Wir gestalteten und entwickelten unsere Dienstleistungen vom Anfang an, um sie den sich wandelnden Bed\u00fcrfnissen unserer Partner anzupassen. W\u00fcnschen Sie die Einkaufst\u00e4tigkeit Ihres Unternehmens effektiver machen? Lernen Sie unsere Dienstleistungen kennen, die es Ihnen erm\u00f6glichen, Zeit und Energie erheblich zu ersparen. &nbsp;<\/p>\n","protected":false},"author":4,"featured_media":0,"parent":0,"menu_order":45,"comment_status":"closed","ping_status":"closed","template":"","meta":{"_acf_changed":false,"footnotes":""},"class_list":["post-558","page","type-page","status-publish","hentry"],"acf":[],"yoast_head":"<!-- This site is optimized with the Yoast SEO plugin v26.1.1 - https:\/\/yoast.com\/wordpress\/plugins\/seo\/ -->\n<title>Verbessern Sie die Effektivit\u00e4t des Einkaufs Ihres Unternehmens - Sunbelt<\/title>\n<meta name=\"robots\" content=\"index, follow, max-snippet:-1, max-image-preview:large, max-video-preview:-1\" \/>\n<link rel=\"canonical\" href=\"https:\/\/sunbelt.hu\/de\/dienstleistungen\/\" \/>\n<meta property=\"og:locale\" content=\"de_DE\" \/>\n<meta property=\"og:type\" content=\"article\" \/>\n<meta property=\"og:title\" content=\"Verbessern Sie die Effektivit\u00e4t des Einkaufs Ihres Unternehmens - Sunbelt\" \/>\n<meta property=\"og:description\" content=\"Wir gestalteten und entwickelten unsere Dienstleistungen vom Anfang an, um sie den sich wandelnden Bed\u00fcrfnissen unserer Partner anzupassen. W\u00fcnschen Sie die Einkaufst\u00e4tigkeit Ihres Unternehmens effektiver machen? Lernen Sie unsere Dienstleistungen kennen, die es Ihnen erm\u00f6glichen, Zeit und Energie erheblich zu ersparen. &nbsp;\" \/>\n<meta property=\"og:url\" content=\"https:\/\/sunbelt.hu\/de\/dienstleistungen\/\" \/>\n<meta property=\"og:site_name\" content=\"Sunbelt\" \/>\n<meta property=\"article:modified_time\" content=\"2016-08-02T06:52:15+00:00\" \/>\n<meta property=\"og:image\" content=\"https:\/\/sunbelt.hu\/wp-content\/uploads\/2016\/05\/sunbelt_szolgaltatas.jpg\" \/>\n<meta name=\"twitter:card\" content=\"summary_large_image\" \/>\n<script type=\"application\/ld+json\" class=\"yoast-schema-graph\">{\"@context\":\"https:\/\/schema.org\",\"@graph\":[{\"@type\":\"WebPage\",\"@id\":\"https:\/\/sunbelt.hu\/de\/dienstleistungen\/\",\"url\":\"https:\/\/sunbelt.hu\/de\/dienstleistungen\/\",\"name\":\"Verbessern Sie die Effektivit\u00e4t des Einkaufs Ihres Unternehmens - Sunbelt\",\"isPartOf\":{\"@id\":\"https:\/\/sunbelt.hu\/#website\"},\"primaryImageOfPage\":{\"@id\":\"https:\/\/sunbelt.hu\/de\/dienstleistungen\/#primaryimage\"},\"image\":{\"@id\":\"https:\/\/sunbelt.hu\/de\/dienstleistungen\/#primaryimage\"},\"thumbnailUrl\":\"https:\/\/sunbelt.hu\/wp-content\/uploads\/2016\/05\/sunbelt_szolgaltatas.jpg\",\"datePublished\":\"2016-07-29T20:35:41+00:00\",\"dateModified\":\"2016-08-02T06:52:15+00:00\",\"breadcrumb\":{\"@id\":\"https:\/\/sunbelt.hu\/de\/dienstleistungen\/#breadcrumb\"},\"inLanguage\":\"de\",\"potentialAction\":[{\"@type\":\"ReadAction\",\"target\":[\"https:\/\/sunbelt.hu\/de\/dienstleistungen\/\"]}]},{\"@type\":\"ImageObject\",\"inLanguage\":\"de\",\"@id\":\"https:\/\/sunbelt.hu\/de\/dienstleistungen\/#primaryimage\",\"url\":\"https:\/\/sunbelt.hu\/wp-content\/uploads\/2016\/05\/sunbelt_szolgaltatas.jpg\",\"contentUrl\":\"https:\/\/sunbelt.hu\/wp-content\/uploads\/2016\/05\/sunbelt_szolgaltatas.jpg\"},{\"@type\":\"BreadcrumbList\",\"@id\":\"https:\/\/sunbelt.hu\/de\/dienstleistungen\/#breadcrumb\",\"itemListElement\":[{\"@type\":\"ListItem\",\"position\":1,\"name\":\"Home\",\"item\":\"https:\/\/sunbelt.hu\/\"},{\"@type\":\"ListItem\",\"position\":2,\"name\":\"Verbessern Sie die Effektivit\u00e4t des Einkaufs Ihres Unternehmens\"}]},{\"@type\":\"WebSite\",\"@id\":\"https:\/\/sunbelt.hu\/#website\",\"url\":\"https:\/\/sunbelt.hu\/\",\"name\":\"Sunbelt\",\"description\":\"Beszerz\u00e9s- \u00e9s rakt\u00e1rmenedzsment\",\"potentialAction\":[{\"@type\":\"SearchAction\",\"target\":{\"@type\":\"EntryPoint\",\"urlTemplate\":\"https:\/\/sunbelt.hu\/?s={search_term_string}\"},\"query-input\":{\"@type\":\"PropertyValueSpecification\",\"valueRequired\":true,\"valueName\":\"search_term_string\"}}],\"inLanguage\":\"de\"}]}<\/script>\n<!-- \/ Yoast SEO plugin. -->","yoast_head_json":{"title":"Verbessern Sie die Effektivit\u00e4t des Einkaufs Ihres Unternehmens - Sunbelt","robots":{"index":"index","follow":"follow","max-snippet":"max-snippet:-1","max-image-preview":"max-image-preview:large","max-video-preview":"max-video-preview:-1"},"canonical":"https:\/\/sunbelt.hu\/de\/dienstleistungen\/","og_locale":"de_DE","og_type":"article","og_title":"Verbessern Sie die Effektivit\u00e4t des Einkaufs Ihres Unternehmens - Sunbelt","og_description":"Wir gestalteten und entwickelten unsere Dienstleistungen vom Anfang an, um sie den sich wandelnden Bed\u00fcrfnissen unserer Partner anzupassen. W\u00fcnschen Sie die Einkaufst\u00e4tigkeit Ihres Unternehmens effektiver machen? Lernen Sie unsere Dienstleistungen kennen, die es Ihnen erm\u00f6glichen, Zeit und Energie erheblich zu ersparen. &nbsp;","og_url":"https:\/\/sunbelt.hu\/de\/dienstleistungen\/","og_site_name":"Sunbelt","article_modified_time":"2016-08-02T06:52:15+00:00","og_image":[{"url":"https:\/\/sunbelt.hu\/wp-content\/uploads\/2016\/05\/sunbelt_szolgaltatas.jpg","type":"","width":"","height":""}],"twitter_card":"summary_large_image","schema":{"@context":"https:\/\/schema.org","@graph":[{"@type":"WebPage","@id":"https:\/\/sunbelt.hu\/de\/dienstleistungen\/","url":"https:\/\/sunbelt.hu\/de\/dienstleistungen\/","name":"Verbessern Sie die Effektivit\u00e4t des Einkaufs Ihres Unternehmens - Sunbelt","isPartOf":{"@id":"https:\/\/sunbelt.hu\/#website"},"primaryImageOfPage":{"@id":"https:\/\/sunbelt.hu\/de\/dienstleistungen\/#primaryimage"},"image":{"@id":"https:\/\/sunbelt.hu\/de\/dienstleistungen\/#primaryimage"},"thumbnailUrl":"https:\/\/sunbelt.hu\/wp-content\/uploads\/2016\/05\/sunbelt_szolgaltatas.jpg","datePublished":"2016-07-29T20:35:41+00:00","dateModified":"2016-08-02T06:52:15+00:00","breadcrumb":{"@id":"https:\/\/sunbelt.hu\/de\/dienstleistungen\/#breadcrumb"},"inLanguage":"de","potentialAction":[{"@type":"ReadAction","target":["https:\/\/sunbelt.hu\/de\/dienstleistungen\/"]}]},{"@type":"ImageObject","inLanguage":"de","@id":"https:\/\/sunbelt.hu\/de\/dienstleistungen\/#primaryimage","url":"https:\/\/sunbelt.hu\/wp-content\/uploads\/2016\/05\/sunbelt_szolgaltatas.jpg","contentUrl":"https:\/\/sunbelt.hu\/wp-content\/uploads\/2016\/05\/sunbelt_szolgaltatas.jpg"},{"@type":"BreadcrumbList","@id":"https:\/\/sunbelt.hu\/de\/dienstleistungen\/#breadcrumb","itemListElement":[{"@type":"ListItem","position":1,"name":"Home","item":"https:\/\/sunbelt.hu\/"},{"@type":"ListItem","position":2,"name":"Verbessern Sie die Effektivit\u00e4t des Einkaufs Ihres Unternehmens"}]},{"@type":"WebSite","@id":"https:\/\/sunbelt.hu\/#website","url":"https:\/\/sunbelt.hu\/","name":"Sunbelt","description":"Beszerz\u00e9s- \u00e9s rakt\u00e1rmenedzsment","potentialAction":[{"@type":"SearchAction","target":{"@type":"EntryPoint","urlTemplate":"https:\/\/sunbelt.hu\/?s={search_term_string}"},"query-input":{"@type":"PropertyValueSpecification","valueRequired":true,"valueName":"search_term_string"}}],"inLanguage":"de"}]}},"_links":{"self":[{"href":"https:\/\/sunbelt.hu\/de\/wp-json\/wp\/v2\/pages\/558","targetHints":{"allow":["GET"]}}],"collection":[{"href":"https:\/\/sunbelt.hu\/de\/wp-json\/wp\/v2\/pages"}],"about":[{"href":"https:\/\/sunbelt.hu\/de\/wp-json\/wp\/v2\/types\/page"}],"author":[{"embeddable":true,"href":"https:\/\/sunbelt.hu\/de\/wp-json\/wp\/v2\/users\/4"}],"replies":[{"embeddable":true,"href":"https:\/\/sunbelt.hu\/de\/wp-json\/wp\/v2\/comments?post=558"}],"version-history":[{"count":1,"href":"https:\/\/sunbelt.hu\/de\/wp-json\/wp\/v2\/pages\/558\/revisions"}],"predecessor-version":[{"id":559,"href":"https:\/\/sunbelt.hu\/de\/wp-json\/wp\/v2\/pages\/558\/revisions\/559"}],"wp:attachment":[{"href":"https:\/\/sunbelt.hu\/de\/wp-json\/wp\/v2\/media?parent=558"}],"curies":[{"name":"wp","href":"https:\/\/api.w.org\/{rel}","templated":true}]}}