{"id":555,"date":"2016-07-29T20:33:12","date_gmt":"2016-07-29T20:33:12","guid":{"rendered":"https:\/\/sunbelt.hu\/?page_id=555&#038;lang=de"},"modified":"2016-08-02T13:43:01","modified_gmt":"2016-08-02T11:43:01","slug":"ueber-uns","status":"publish","type":"page","link":"https:\/\/sunbelt.hu\/de\/ueber-uns\/","title":{"rendered":"\u00dcber uns"},"content":{"rendered":"<p>Die Einkaufsabteilungen der Herstellerfirmen sind heutzutage ziemlich \u00fcberbelastet. Gewiss haben auch Sie die Erfahrung gemacht, dass die Beseitigung kleiner M\u00e4ngel bedingt durch Gebundenheit der innenbetrieblichen Prozesse oft inflexibel erfolgt. Dabei verliert das Unternehmen wertvolle Zeit und Energie, welche f\u00fcr andere Prozesse von strategischer Wichtigkeit h\u00e4tten konzentriert werden k\u00f6nnen.<\/p>\n<p>Bewusst verf\u00fcgen wir \u00fcber wenige Kunden. Wir wollen die Kapazit\u00e4t nicht bis zur Grenze erweitern, um die Kunden weiterhin bestm\u00f6glich\u00a0betreuen zu k\u00f6nnen, rund um die Uhr. Zur gemeinsamen Arbeit ist ja die ununterbrochene Kontaktpflege unerl\u00e4sslich. Wir wollen wirklich verstehen, mit welchen Herausforderungen werden unsere Partner konfrontiert, denn wir k\u00f6nnen die beste L\u00f6sung nur auf diese Weise finden.<\/p>\n<p>Das bedeutet nicht, dass unsere Kunden ihre Kontrolle \u00fcber die Einkaufsprozesse verlieren, und alles wird von uns in die Hand genommen. Wir leisten lediglich eine Unterst\u00fctzung, damit die betriebsinneren Abl\u00e4ufe in der Tat reibungslos vorgehen. Wir wollen keinem die Arbeit wegnehmen \u2013 ganz im Gegenteil, wir f\u00fcgen zu, und erleichtern diese.<\/p>\n<h2><img loading=\"lazy\" decoding=\"async\" class=\"alignnone size-full wp-image-177\" src=\"https:\/\/sunbelt.hu\/wp-content\/uploads\/2016\/05\/rolunk-img.jpg\" alt=\"rolunk-img\" width=\"900\" height=\"538\" srcset=\"https:\/\/sunbelt.hu\/wp-content\/uploads\/2016\/05\/rolunk-img.jpg 900w, https:\/\/sunbelt.hu\/wp-content\/uploads\/2016\/05\/rolunk-img-300x179.jpg 300w, https:\/\/sunbelt.hu\/wp-content\/uploads\/2016\/05\/rolunk-img-768x459.jpg 768w\" sizes=\"auto, (max-width: 900px) 100vw, 900px\" \/><\/h2>\n","protected":false},"excerpt":{"rendered":"<p>Die Einkaufsabteilungen der Herstellerfirmen sind heutzutage ziemlich \u00fcberbelastet. Gewiss haben auch Sie die Erfahrung gemacht, dass die Beseitigung kleiner M\u00e4ngel bedingt durch Gebundenheit der innenbetrieblichen Prozesse oft inflexibel erfolgt. Dabei verliert das Unternehmen wertvolle Zeit und Energie, welche f\u00fcr andere Prozesse von strategischer Wichtigkeit h\u00e4tten konzentriert werden k\u00f6nnen. Bewusst verf\u00fcgen wir \u00fcber wenige Kunden. Wir [&hellip;]<\/p>\n","protected":false},"author":4,"featured_media":0,"parent":0,"menu_order":41,"comment_status":"closed","ping_status":"closed","template":"","meta":{"_acf_changed":false,"footnotes":""},"class_list":["post-555","page","type-page","status-publish","hentry"],"acf":[],"yoast_head":"<!-- This site is optimized with the Yoast SEO plugin v26.1.1 - https:\/\/yoast.com\/wordpress\/plugins\/seo\/ -->\n<title>\u00dcber uns - Sunbelt<\/title>\n<meta name=\"robots\" content=\"index, follow, max-snippet:-1, max-image-preview:large, max-video-preview:-1\" \/>\n<link rel=\"canonical\" href=\"https:\/\/sunbelt.hu\/de\/ueber-uns\/\" \/>\n<meta property=\"og:locale\" content=\"de_DE\" \/>\n<meta property=\"og:type\" content=\"article\" \/>\n<meta property=\"og:title\" content=\"\u00dcber uns - Sunbelt\" \/>\n<meta property=\"og:description\" content=\"Die Einkaufsabteilungen der Herstellerfirmen sind heutzutage ziemlich \u00fcberbelastet. Gewiss haben auch Sie die Erfahrung gemacht, dass die Beseitigung kleiner M\u00e4ngel bedingt durch Gebundenheit der innenbetrieblichen Prozesse oft inflexibel erfolgt. Dabei verliert das Unternehmen wertvolle Zeit und Energie, welche f\u00fcr andere Prozesse von strategischer Wichtigkeit h\u00e4tten konzentriert werden k\u00f6nnen. Bewusst verf\u00fcgen wir \u00fcber wenige Kunden. Wir [&hellip;]\" \/>\n<meta property=\"og:url\" content=\"https:\/\/sunbelt.hu\/de\/ueber-uns\/\" \/>\n<meta property=\"og:site_name\" content=\"Sunbelt\" \/>\n<meta property=\"article:modified_time\" content=\"2016-08-02T11:43:01+00:00\" \/>\n<meta property=\"og:image\" content=\"https:\/\/sunbelt.hu\/wp-content\/uploads\/2016\/05\/rolunk-img.jpg\" \/>\n<meta name=\"twitter:card\" content=\"summary_large_image\" \/>\n<meta name=\"twitter:label1\" content=\"Gesch\u00e4tzte Lesezeit\" \/>\n\t<meta name=\"twitter:data1\" content=\"1\u00a0Minute\" \/>\n<script type=\"application\/ld+json\" class=\"yoast-schema-graph\">{\"@context\":\"https:\/\/schema.org\",\"@graph\":[{\"@type\":\"WebPage\",\"@id\":\"https:\/\/sunbelt.hu\/de\/ueber-uns\/\",\"url\":\"https:\/\/sunbelt.hu\/de\/ueber-uns\/\",\"name\":\"\u00dcber uns - Sunbelt\",\"isPartOf\":{\"@id\":\"https:\/\/sunbelt.hu\/#website\"},\"primaryImageOfPage\":{\"@id\":\"https:\/\/sunbelt.hu\/de\/ueber-uns\/#primaryimage\"},\"image\":{\"@id\":\"https:\/\/sunbelt.hu\/de\/ueber-uns\/#primaryimage\"},\"thumbnailUrl\":\"https:\/\/sunbelt.hu\/wp-content\/uploads\/2016\/05\/rolunk-img.jpg\",\"datePublished\":\"2016-07-29T20:33:12+00:00\",\"dateModified\":\"2016-08-02T11:43:01+00:00\",\"breadcrumb\":{\"@id\":\"https:\/\/sunbelt.hu\/de\/ueber-uns\/#breadcrumb\"},\"inLanguage\":\"de\",\"potentialAction\":[{\"@type\":\"ReadAction\",\"target\":[\"https:\/\/sunbelt.hu\/de\/ueber-uns\/\"]}]},{\"@type\":\"ImageObject\",\"inLanguage\":\"de\",\"@id\":\"https:\/\/sunbelt.hu\/de\/ueber-uns\/#primaryimage\",\"url\":\"https:\/\/sunbelt.hu\/wp-content\/uploads\/2016\/05\/rolunk-img.jpg\",\"contentUrl\":\"https:\/\/sunbelt.hu\/wp-content\/uploads\/2016\/05\/rolunk-img.jpg\"},{\"@type\":\"BreadcrumbList\",\"@id\":\"https:\/\/sunbelt.hu\/de\/ueber-uns\/#breadcrumb\",\"itemListElement\":[{\"@type\":\"ListItem\",\"position\":1,\"name\":\"Home\",\"item\":\"https:\/\/sunbelt.hu\/\"},{\"@type\":\"ListItem\",\"position\":2,\"name\":\"\u00dcber uns\"}]},{\"@type\":\"WebSite\",\"@id\":\"https:\/\/sunbelt.hu\/#website\",\"url\":\"https:\/\/sunbelt.hu\/\",\"name\":\"Sunbelt\",\"description\":\"Beszerz\u00e9s- \u00e9s rakt\u00e1rmenedzsment\",\"potentialAction\":[{\"@type\":\"SearchAction\",\"target\":{\"@type\":\"EntryPoint\",\"urlTemplate\":\"https:\/\/sunbelt.hu\/?s={search_term_string}\"},\"query-input\":{\"@type\":\"PropertyValueSpecification\",\"valueRequired\":true,\"valueName\":\"search_term_string\"}}],\"inLanguage\":\"de\"}]}<\/script>\n<!-- \/ Yoast SEO plugin. -->","yoast_head_json":{"title":"\u00dcber uns - Sunbelt","robots":{"index":"index","follow":"follow","max-snippet":"max-snippet:-1","max-image-preview":"max-image-preview:large","max-video-preview":"max-video-preview:-1"},"canonical":"https:\/\/sunbelt.hu\/de\/ueber-uns\/","og_locale":"de_DE","og_type":"article","og_title":"\u00dcber uns - Sunbelt","og_description":"Die Einkaufsabteilungen der Herstellerfirmen sind heutzutage ziemlich \u00fcberbelastet. Gewiss haben auch Sie die Erfahrung gemacht, dass die Beseitigung kleiner M\u00e4ngel bedingt durch Gebundenheit der innenbetrieblichen Prozesse oft inflexibel erfolgt. Dabei verliert das Unternehmen wertvolle Zeit und Energie, welche f\u00fcr andere Prozesse von strategischer Wichtigkeit h\u00e4tten konzentriert werden k\u00f6nnen. Bewusst verf\u00fcgen wir \u00fcber wenige Kunden. Wir [&hellip;]","og_url":"https:\/\/sunbelt.hu\/de\/ueber-uns\/","og_site_name":"Sunbelt","article_modified_time":"2016-08-02T11:43:01+00:00","og_image":[{"url":"https:\/\/sunbelt.hu\/wp-content\/uploads\/2016\/05\/rolunk-img.jpg","type":"","width":"","height":""}],"twitter_card":"summary_large_image","twitter_misc":{"Gesch\u00e4tzte Lesezeit":"1\u00a0Minute"},"schema":{"@context":"https:\/\/schema.org","@graph":[{"@type":"WebPage","@id":"https:\/\/sunbelt.hu\/de\/ueber-uns\/","url":"https:\/\/sunbelt.hu\/de\/ueber-uns\/","name":"\u00dcber uns - Sunbelt","isPartOf":{"@id":"https:\/\/sunbelt.hu\/#website"},"primaryImageOfPage":{"@id":"https:\/\/sunbelt.hu\/de\/ueber-uns\/#primaryimage"},"image":{"@id":"https:\/\/sunbelt.hu\/de\/ueber-uns\/#primaryimage"},"thumbnailUrl":"https:\/\/sunbelt.hu\/wp-content\/uploads\/2016\/05\/rolunk-img.jpg","datePublished":"2016-07-29T20:33:12+00:00","dateModified":"2016-08-02T11:43:01+00:00","breadcrumb":{"@id":"https:\/\/sunbelt.hu\/de\/ueber-uns\/#breadcrumb"},"inLanguage":"de","potentialAction":[{"@type":"ReadAction","target":["https:\/\/sunbelt.hu\/de\/ueber-uns\/"]}]},{"@type":"ImageObject","inLanguage":"de","@id":"https:\/\/sunbelt.hu\/de\/ueber-uns\/#primaryimage","url":"https:\/\/sunbelt.hu\/wp-content\/uploads\/2016\/05\/rolunk-img.jpg","contentUrl":"https:\/\/sunbelt.hu\/wp-content\/uploads\/2016\/05\/rolunk-img.jpg"},{"@type":"BreadcrumbList","@id":"https:\/\/sunbelt.hu\/de\/ueber-uns\/#breadcrumb","itemListElement":[{"@type":"ListItem","position":1,"name":"Home","item":"https:\/\/sunbelt.hu\/"},{"@type":"ListItem","position":2,"name":"\u00dcber uns"}]},{"@type":"WebSite","@id":"https:\/\/sunbelt.hu\/#website","url":"https:\/\/sunbelt.hu\/","name":"Sunbelt","description":"Beszerz\u00e9s- \u00e9s rakt\u00e1rmenedzsment","potentialAction":[{"@type":"SearchAction","target":{"@type":"EntryPoint","urlTemplate":"https:\/\/sunbelt.hu\/?s={search_term_string}"},"query-input":{"@type":"PropertyValueSpecification","valueRequired":true,"valueName":"search_term_string"}}],"inLanguage":"de"}]}},"_links":{"self":[{"href":"https:\/\/sunbelt.hu\/de\/wp-json\/wp\/v2\/pages\/555","targetHints":{"allow":["GET"]}}],"collection":[{"href":"https:\/\/sunbelt.hu\/de\/wp-json\/wp\/v2\/pages"}],"about":[{"href":"https:\/\/sunbelt.hu\/de\/wp-json\/wp\/v2\/types\/page"}],"author":[{"embeddable":true,"href":"https:\/\/sunbelt.hu\/de\/wp-json\/wp\/v2\/users\/4"}],"replies":[{"embeddable":true,"href":"https:\/\/sunbelt.hu\/de\/wp-json\/wp\/v2\/comments?post=555"}],"version-history":[{"count":3,"href":"https:\/\/sunbelt.hu\/de\/wp-json\/wp\/v2\/pages\/555\/revisions"}],"predecessor-version":[{"id":695,"href":"https:\/\/sunbelt.hu\/de\/wp-json\/wp\/v2\/pages\/555\/revisions\/695"}],"wp:attachment":[{"href":"https:\/\/sunbelt.hu\/de\/wp-json\/wp\/v2\/media?parent=555"}],"curies":[{"name":"wp","href":"https:\/\/api.w.org\/{rel}","templated":true}]}}